{"id":10342,"date":"2023-09-13T08:05:31","date_gmt":"2023-09-13T08:05:31","guid":{"rendered":"https:\/\/orotech.lt\/elektriniai-teniniai-sildytuvai-energotech-energoinfra\/"},"modified":"2025-09-09T06:06:30","modified_gmt":"2025-09-09T06:06:30","slug":"electric-floor-heaters-energotech-energoinfra","status":"publish","type":"product","link":"https:\/\/orotech.lt\/en\/electric-floor-heaters-energotech-energoinfra\/","title":{"rendered":"Electric surface heaters Energotech EnergoInfra"},"content":{"rendered":"<p style=\"text-align: justify;\"><span style=\"text-align: justify;\">EnergoInfra are universal radiant heaters used on outdoor terraces, balconies, conservatories, market stalls, outdoor cafes, smoking areas, etc. They can also be effectively used for heating individual zones in workshops or other industrial buildings.<\/span><\/p>\n<p><strong>Specifications:<\/strong><\/p>\n<ul>\n<li><strong>Protection class IP44;<\/strong><\/li>\n<li>Voltage: 230V;<\/li>\n<li>Heater power: 500 \/ 1000 \/ 1500 W;<\/li>\n<li>Heater weight: 1.5 \/ 2 \/ 3 kg;<\/li>\n<li>EIR500 dimensions: 700 x 75 x 40 mm;<\/li>\n<li>EIR1000 dimensions: 1170 x 75 x 40 mm<\/li>\n<li>EIR1500 dimensions: 168 x 75 x 40 mm<\/li>\n<li>Stainless steel;<\/li>\n<li>Reflector \u2013 anodized aluminum;<\/li>\n<li>Adjustable fasteners.<\/li>\n<\/ul>\n<p style=\"text-align: justify;\">EnergoInfra infrared heaters can be used in damp rooms, drying rooms, bathrooms, utility rooms or even outdoors, as they belong to the IP44 protection class. Therefore, they can be used in bathrooms or utility rooms. These heating devices can be mounted on the wall or to the ceiling.<\/p>\n<p>The radiant heater housings, protective grilles and heating element of EnergoInfra are made of corrosion-resistant material \u2013 stainless steel. The reflector is made of anodized aluminum. All this ensures the durability of the product.<\/p>\n<p>There are 3 models to choose from, EIR500, 1000 and 1500 (see technical specifications). The heaters are supplied with adjustable mounting elements. If necessary, the devices can also be lowered to a lower height using cables or chains.<\/p>\n<p><a class=\"catalogue\" href=\"http:\/\/orotech.lt\/wp-content\/uploads\/2023\/05\/EnergoInfra_EN.pdf\" target=\"_blank\" rel=\"noopener\">Download product manual<\/a><\/p>","protected":false},"excerpt":{"rendered":"<p>EnergoInfra yra universal\u016bs spinduliniai \u0161ildytuvai, naudojami lauko terasose, balkonuose, oran\u017eerijose, priepir\u010diuose, lauko kavin\u0117se, r\u016bkymo vietose ir pan. Jie taip pat<\/p>","protected":false},"featured_media":1785,"comment_status":"closed","ping_status":"closed","template":"","meta":[],"product_brand":[],"product_cat":[302,303],"product_tag":[],"class_list":{"0":"post-10342","1":"product","2":"type-product","3":"status-publish","4":"has-post-thumbnail","6":"product_cat-sildymas","7":"product_cat-infraraudonuju-spinduliu-sildytuvai","8":"pa_pavadinimas-energoinfra-eir1000","9":"pa_pavadinimas-energoinfra-eir1500","10":"pa_pavadinimas-energoinfra-eir500","12":"first","13":"onbackorder","14":"taxable","15":"shipping-taxable","16":"purchasable","17":"product-type-variable","18":"has-default-attributes"},"_links":{"self":[{"href":"https:\/\/orotech.lt\/en\/wp-json\/wp\/v2\/product\/10342","targetHints":{"allow":["GET"]}}],"collection":[{"href":"https:\/\/orotech.lt\/en\/wp-json\/wp\/v2\/product"}],"about":[{"href":"https:\/\/orotech.lt\/en\/wp-json\/wp\/v2\/types\/product"}],"replies":[{"embeddable":true,"href":"https:\/\/orotech.lt\/en\/wp-json\/wp\/v2\/comments?post=10342"}],"version-history":[{"count":2,"href":"https:\/\/orotech.lt\/en\/wp-json\/wp\/v2\/product\/10342\/revisions"}],"predecessor-version":[{"id":11980,"href":"https:\/\/orotech.lt\/en\/wp-json\/wp\/v2\/product\/10342\/revisions\/11980"}],"wp:featuredmedia":[{"embeddable":true,"href":"https:\/\/orotech.lt\/en\/wp-json\/wp\/v2\/media\/1785"}],"wp:attachment":[{"href":"https:\/\/orotech.lt\/en\/wp-json\/wp\/v2\/media?parent=10342"}],"wp:term":[{"taxonomy":"product_brand","embeddable":true,"href":"https:\/\/orotech.lt\/en\/wp-json\/wp\/v2\/product_brand?post=10342"},{"taxonomy":"product_cat","embeddable":true,"href":"https:\/\/orotech.lt\/en\/wp-json\/wp\/v2\/product_cat?post=10342"},{"taxonomy":"product_tag","embeddable":true,"href":"https:\/\/orotech.lt\/en\/wp-json\/wp\/v2\/product_tag?post=10342"}],"curies":[{"name":"wp","href":"https:\/\/api.w.org\/{rel}","templated":true}]}}