{"id":10569,"date":"2023-09-13T08:09:29","date_gmt":"2023-09-13T08:09:29","guid":{"rendered":"https:\/\/orotech.lt\/teleskopinis-stovas-star-progetti-tripod-2\/"},"modified":"2025-09-09T06:11:55","modified_gmt":"2025-09-09T06:11:55","slug":"telescopic-stand-star-progetti-tripod-2","status":"publish","type":"product","link":"https:\/\/orotech.lt\/en\/telescopic-stand-star-progetti-tripod-2\/","title":{"rendered":"Telescopic stand Star Progetti Tripod 2"},"content":{"rendered":"<p style=\"text-align: justify;\">Universal&nbsp;<strong>telescopic stand TRIPOD2&nbsp;<\/strong>with a round base and rubber heads ensures stability and safe operation of professional infrared heaters VARMA TEC. We recommend it if you need a portable heating device.&nbsp;<\/p>\n<p style=\"text-align: justify;\">This stand can be used with practically any VARMA TEC heater model.<\/p>","protected":false},"excerpt":{"rendered":"<p>Universalus&nbsp;teleskopinis stovas TRIPOD2&nbsp;su apvaliu pagrindu ir gumin\u0117mis galvut\u0117mis u\u017etikrina stabilum\u0105 ir saug\u0173 profesionali\u0173 infraraudon\u0173j\u0173 spinduli\u0173 \u0161ildytuv\u0173 VARMA TEC eksploatavim\u0105. Rekomenduojame,&nbsp;jei<\/p>","protected":false},"featured_media":2236,"comment_status":"closed","ping_status":"open","template":"","meta":[],"product_brand":[],"product_cat":[302,303,305],"product_tag":[],"class_list":{"0":"post-10569","1":"product","2":"type-product","3":"status-publish","4":"has-post-thumbnail","6":"product_cat-sildymas","7":"product_cat-infraraudonuju-spinduliu-sildytuvai","8":"product_cat-priedai","9":"pa_pavadinimas-stovas-tripod2","11":"first","12":"onbackorder","13":"taxable","14":"shipping-taxable","15":"purchasable","16":"product-type-variable","17":"has-default-attributes"},"_links":{"self":[{"href":"https:\/\/orotech.lt\/en\/wp-json\/wp\/v2\/product\/10569","targetHints":{"allow":["GET"]}}],"collection":[{"href":"https:\/\/orotech.lt\/en\/wp-json\/wp\/v2\/product"}],"about":[{"href":"https:\/\/orotech.lt\/en\/wp-json\/wp\/v2\/types\/product"}],"replies":[{"embeddable":true,"href":"https:\/\/orotech.lt\/en\/wp-json\/wp\/v2\/comments?post=10569"}],"version-history":[{"count":1,"href":"https:\/\/orotech.lt\/en\/wp-json\/wp\/v2\/product\/10569\/revisions"}],"predecessor-version":[{"id":10570,"href":"https:\/\/orotech.lt\/en\/wp-json\/wp\/v2\/product\/10569\/revisions\/10570"}],"wp:featuredmedia":[{"embeddable":true,"href":"https:\/\/orotech.lt\/en\/wp-json\/wp\/v2\/media\/2236"}],"wp:attachment":[{"href":"https:\/\/orotech.lt\/en\/wp-json\/wp\/v2\/media?parent=10569"}],"wp:term":[{"taxonomy":"product_brand","embeddable":true,"href":"https:\/\/orotech.lt\/en\/wp-json\/wp\/v2\/product_brand?post=10569"},{"taxonomy":"product_cat","embeddable":true,"href":"https:\/\/orotech.lt\/en\/wp-json\/wp\/v2\/product_cat?post=10569"},{"taxonomy":"product_tag","embeddable":true,"href":"https:\/\/orotech.lt\/en\/wp-json\/wp\/v2\/product_tag?post=10569"}],"curies":[{"name":"wp","href":"https:\/\/api.w.org\/{rel}","templated":true}]}}