{"id":11227,"date":"2023-09-13T08:23:30","date_gmt":"2023-09-13T08:23:30","guid":{"rendered":"https:\/\/orotech.lt\/kondensacinis-oro-sausintuvas-airme-rohan\/"},"modified":"2025-09-10T06:00:49","modified_gmt":"2025-09-10T06:00:49","slug":"condensation-dehumidifier-airme-rohan","status":"publish","type":"product","link":"https:\/\/orotech.lt\/en\/condensation-dehumidifier-airme-rohan\/","title":{"rendered":"Condensing air dryer Air&amp;Me Rohan"},"content":{"rendered":"<p style=\"text-align: justify\"><strong>Air dehumidifier<\/strong> \u2013 the Air&amp;Me Rohan dehumidifier is an efficient and powerful household dehumidifier with a compressor that dehumidifies the air by creating a high temperature difference. <strong>Air dehumidifier<\/strong> suitable for dehumidifying rooms up to 200 m2 and capable of absorbing up to 50 liters of water per day. <strong>Air dehumidifier<\/strong> \u2013 the Air&amp;Me Rohan dehumidifier will prevent the development of mold and fungus, eliminate condensation on windows, and purify indoor air from annoying pet hair, pollen, dust, bacteria, and unpleasant odors. The device has an integrated LED indicator that indicates the humidity level in the room by flashing colors.<\/p>\n<p><strong>Device indicator colors and their meanings:<\/strong><\/p>\n<table style=\"width: 100%\" border=\"1\" cellspacing=\"1\" cellpadding=\"1\">\n<tbody>\n<tr>\n<td style=\"width: 90%;border-color: #ffffff\" bgcolor=\"#ffffff\">\n<ul>\n<li>Luminous <span style=\"color: #0000cd\"><strong>blue<\/strong><\/span> The color indicates that the humidity in the room is too low, i.e. less than 60 %.<\/li>\n<li>Luminous <span style=\"color: #006400\"><strong>green<\/strong><\/span> the color indicates that the humidity level in the room is ideal, i.e. from 40 % to 60 %;<\/li>\n<li>Luminous <span style=\"color: #f00\"><strong>red<\/strong><\/span> the color indicates that there is too much humidity in the room, i.e. more than 60 %;<\/li>\n<\/ul>\n<\/td>\n<td style=\"width: 10%;border-color: #ffffff\" bgcolor=\"#ffffff\"><\/td>\n<\/tr>\n<\/tbody>\n<\/table>\n<table style=\"width: 100%\" border=\"1\" cellspacing=\"1\" cellpadding=\"1\">\n<tbody>\n<tr>\n<td style=\"width: 90%;border-color: #ffffff\" bgcolor=\"#ffffff\"><strong style=\"text-align: justify\">Air dehumidifier<\/strong><span style=\"text-align: justify\">\u00a0\u2013 dehumidifier Air&amp;Me Rohan<\/span><span style=\"text-align: justify\">\u00a0gali b\u016bti valdomas nuotoliniu b\u016bdu. Tereikia parsi\u0173sti mobili\u0105j\u0105 program\u0117l\u0119 &#8222;Smart Life &#8211; Smart Living&#8221; i\u0161\u00a0<\/span><a style=\"text-align: justify\" href=\"https:\/\/play.google.com\/store\/apps\/details?id=com.tuya.smartlife&amp;hl=en\" target=\"_blank\" rel=\"noopener nofollow\">Google Play<\/a><span style=\"text-align: justify\">\u00a0or\u00a0<\/span><a style=\"text-align: justify\" href=\"https:\/\/apps.apple.com\/us\/app\/smart-life-smart-living\/id1115101477\" target=\"_blank\" rel=\"noopener nofollow\">App Store<\/a><span style=\"text-align: justify\">\u00a0stores and you will be able to control and monitor your home air quality in real time with your smart device from anywhere. You can also connect it to a home management system.<\/span><\/td>\n<td style=\"width: 10%;border-color: #ffffff\" bgcolor=\"#ffffff\"><\/td>\n<\/tr>\n<\/tbody>\n<\/table>\n<p><strong>Technical information:<\/strong><\/p>\n<ul>\n<li>Dehumidification capacity: 50 l \/ 24h;<\/li>\n<li>Suitable for rooms up to 200 m\u00b2,<\/li>\n<li>Power consumption: 680 W;<\/li>\n<li>Noise level: \u2264 52 dB;<\/li>\n<li>Speed levels: 2;<\/li>\n<li>Water capacity: 7 l;<\/li>\n<li>Device dimensions: 512 x 343 x 240 mm;<\/li>\n<li>Device weight: 17.5 kg.<\/li>\n<\/ul>\n<p><strong>Features: <\/strong><\/p>\n<ul>\n<li>Automatic restart;<\/li>\n<li>Ability to connect to a smart device;<\/li>\n<li>Ability to control via Google Assistant and Amazon Alexa;<\/li>\n<li>Drainage connection for continuous drainage;<\/li>\n<li>Automatic air circulation defrosting system;<\/li>\n<li>Air humidity control;<\/li>\n<li>Possibility to connect a water pump;<\/li>\n<li>Automatic shut-off function to prevent spills;<\/li>\n<li>Timer;<\/li>\n<li>Child lock;<\/li>\n<li>Additional mode for drying laundry.<\/li>\n<\/ul>\n<p><a class=\"catalogue\" href=\"http:\/\/orotech.lt\/wp-content\/uploads\/2023\/05\/Rohan-sausintuvo-naudojimo-instrukcija.pdf\" target=\"_blank\" rel=\"noopener\">Download product manual<\/a><\/p>","protected":false},"excerpt":{"rendered":"<p>Name: Rohan dehumidifier ROHA0001<br \/>\nWeight (kg): 17.5<br \/>\nColor: white<br \/>\nPower consumption (W): 680<br \/>\nSound (dB): \u2264 52<br \/>\nCapacity (l\/day): 50<br \/>\nSuitable for rooms: up to 200 m\u00b2<br \/>\nDimensions (mm): 512 x 343 x 240<br \/>\nCapacity (l): 7<\/p>","protected":false},"featured_media":2797,"comment_status":"closed","ping_status":"closed","template":"","meta":[],"product_brand":[],"product_cat":[314,317],"product_tag":[],"class_list":{"0":"post-11227","1":"product","2":"type-product","3":"status-publish","4":"has-post-thumbnail","6":"product_cat-oro-sausintuvai-dregmes-surinkejai","7":"product_cat-namams-ir-biurams","9":"first","10":"instock","11":"taxable","12":"shipping-taxable","13":"purchasable","14":"product-type-simple"},"_links":{"self":[{"href":"https:\/\/orotech.lt\/en\/wp-json\/wp\/v2\/product\/11227","targetHints":{"allow":["GET"]}}],"collection":[{"href":"https:\/\/orotech.lt\/en\/wp-json\/wp\/v2\/product"}],"about":[{"href":"https:\/\/orotech.lt\/en\/wp-json\/wp\/v2\/types\/product"}],"replies":[{"embeddable":true,"href":"https:\/\/orotech.lt\/en\/wp-json\/wp\/v2\/comments?post=11227"}],"version-history":[{"count":5,"href":"https:\/\/orotech.lt\/en\/wp-json\/wp\/v2\/product\/11227\/revisions"}],"predecessor-version":[{"id":21255,"href":"https:\/\/orotech.lt\/en\/wp-json\/wp\/v2\/product\/11227\/revisions\/21255"}],"wp:featuredmedia":[{"embeddable":true,"href":"https:\/\/orotech.lt\/en\/wp-json\/wp\/v2\/media\/2797"}],"wp:attachment":[{"href":"https:\/\/orotech.lt\/en\/wp-json\/wp\/v2\/media?parent=11227"}],"wp:term":[{"taxonomy":"product_brand","embeddable":true,"href":"https:\/\/orotech.lt\/en\/wp-json\/wp\/v2\/product_brand?post=11227"},{"taxonomy":"product_cat","embeddable":true,"href":"https:\/\/orotech.lt\/en\/wp-json\/wp\/v2\/product_cat?post=11227"},{"taxonomy":"product_tag","embeddable":true,"href":"https:\/\/orotech.lt\/en\/wp-json\/wp\/v2\/product_tag?post=11227"}],"curies":[{"name":"wp","href":"https:\/\/api.w.org\/{rel}","templated":true}]}}