{"id":11777,"date":"2023-09-13T08:44:23","date_gmt":"2023-09-13T08:44:23","guid":{"rendered":"https:\/\/orotech.lt\/sieniniu-mono-split-sildymo-kondicionavimo-sistemu-lg-standard-plus-komplektai\/"},"modified":"2025-09-08T11:00:59","modified_gmt":"2025-09-08T11:00:59","slug":"wall-mounted-mono-split-heating-and-air-conditioning-system-lg-standard-plus-kits","status":"publish","type":"product","link":"https:\/\/orotech.lt\/en\/wall-mounted-mono-split-heating-and-air-conditioning-system-lg-standard-plus-kits\/","title":{"rendered":"LG Standard Plus wall-mounted mono-split heating and air conditioning systems"},"content":{"rendered":"<p><span style=\"text-align: justify;\">The new LG Standard Plus is a compact yet powerful cooling device with a simple and convenient design and an integrated WI-FI module.<\/span><\/p>\n<ul>\n<li style=\"text-align: justify;\">Comprehensive, modern design indoor unit;<\/li>\n<li style=\"text-align: justify;\">10-year manufacturer&#039;s warranty on compressors;<\/li>\n<li style=\"text-align: justify;\"><strong>The device has an integrated WI-FI module;<\/strong><\/li>\n<li style=\"text-align: justify;\">Smart Diagnosis self-diagnosis function;<\/li>\n<li style=\"text-align: justify;\">Energy consumption readings &quot;Energy Display&quot;;<\/li>\n<li style=\"text-align: justify;\">Automatic cleaning function &quot;Auto Cleaning&quot;;<\/li>\n<li style=\"text-align: justify;\">Ultra-fast cooling &quot;Jet Cool&quot; and fast heating;<\/li>\n<li style=\"text-align: justify;\"><strong>LG Smart ThinQ app;<\/strong><\/li>\n<li style=\"text-align: justify;\">Comfort and silence functions;<\/li>\n<li style=\"text-align: justify;\">The operating sound level does not exceed 19 dB(A) (PC09SQ and PC12SQ models only);<\/li>\n<li style=\"text-align: justify;\">4D airflow distribution;<\/li>\n<li style=\"text-align: justify;\">Environmentally friendly R32 refrigerant (freon).<\/li>\n<\/ul>\n<p style=\"text-align: justify;\"><strong>App<\/strong> &quot;<strong>LG Smart ThinQ<\/strong>&quot;<\/p>\n<p style=\"text-align: justify;\">Valdykite savo oro kondicionierius naudodami &#8222;Android&#8221; arba &#8222;iOS&#8221; operacines sistemas palaikan\u010dius i\u0161maniuosius telefonus. Tereikia parsisi\u0173sti <a href=\"https:\/\/play.google.com\/store\/apps\/details?id=com.lgeha.nuts&amp;hl=en\" target=\"_blank\" rel=\"noopener nofollow\"><strong>LG Smart ThinQ<\/strong><\/a> program\u0117l\u0119 ir kiekvienas j\u016bs\u0173 \u0161eimos narys gal\u0117s keisti oro kondicionieriaus nustatymus, kuriuos galima i\u0161saugoti ir bet kada v\u0117liau paleisti. \u0160ie parametrai taip pat gali b\u016bti kei\u010diami ir i\u0161saugoti kiekvienam oro kondicionieriui atskirai. Pasirenkant &#8222;Smart Diagnosis&#8221; funkcij\u0105 telefone, galima steb\u0117ti ir keisti diegimo, trikd\u017ei\u0173 \u0161alinimo ir kitus nustatymus.<\/p>\n<p style=\"text-align: justify;\"><strong>4-way airflow control<\/strong><\/p>\n<p style=\"text-align: justify;\">4-way airflow controls the airflow, optimally distributing cool air throughout the room, regardless of where the air conditioner is installed. Possibility to choose from 6 preset vertical airflow directions.<\/p>\n<p style=\"text-align: justify;\"><a class=\"catalogue\" href=\"http:\/\/orotech.lt\/wp-content\/uploads\/2023\/05\/LG-sildymo-kondicionavimo-sistemos-naudotojo-vadovas.pdf\" target=\"_blank\" rel=\"noopener\">Download product manual<\/a><\/p>\n<p><a href=\"http:\/\/orotech.lt\/wp-content\/uploads\/2023\/05\/LG-Standard-Plus-datasheet.pdf\" target=\"_blank\" rel=\"noopener\">Download product information<\/a><\/p>","protected":false},"excerpt":{"rendered":"<p>The new LG Standard Plus is a compact yet powerful cooling device with a simple and convenient design and integrated WI-FI module. A comprehensive, modern<\/p>","protected":false},"featured_media":2398,"comment_status":"closed","ping_status":"open","template":"","meta":[],"product_brand":[],"product_cat":[309,310,526,528],"product_tag":[],"class_list":{"0":"post-11777","1":"product","2":"type-product","3":"status-publish","4":"has-post-thumbnail","6":"product_cat-vesinimas","7":"product_cat-kondicionieriai","8":"product_cat-mono-split-sistemos","9":"product_cat-silumos-siurbliai-oras-oras","10":"pa_pavadinimas-lg-standard-plus-mono-kompl-12","11":"pa_pavadinimas-lg-standard-plus-mono-kompl-18","12":"pa_pavadinimas-lg-standard-plus-mono-kompl-24","13":"pa_pavadinimas-lg-standard-plus-mono-kompl-9","15":"first","16":"onbackorder","17":"taxable","18":"shipping-taxable","19":"purchasable","20":"product-type-variable","21":"has-default-attributes"},"_links":{"self":[{"href":"https:\/\/orotech.lt\/en\/wp-json\/wp\/v2\/product\/11777","targetHints":{"allow":["GET"]}}],"collection":[{"href":"https:\/\/orotech.lt\/en\/wp-json\/wp\/v2\/product"}],"about":[{"href":"https:\/\/orotech.lt\/en\/wp-json\/wp\/v2\/types\/product"}],"replies":[{"embeddable":true,"href":"https:\/\/orotech.lt\/en\/wp-json\/wp\/v2\/comments?post=11777"}],"version-history":[{"count":2,"href":"https:\/\/orotech.lt\/en\/wp-json\/wp\/v2\/product\/11777\/revisions"}],"predecessor-version":[{"id":12048,"href":"https:\/\/orotech.lt\/en\/wp-json\/wp\/v2\/product\/11777\/revisions\/12048"}],"wp:featuredmedia":[{"embeddable":true,"href":"https:\/\/orotech.lt\/en\/wp-json\/wp\/v2\/media\/2398"}],"wp:attachment":[{"href":"https:\/\/orotech.lt\/en\/wp-json\/wp\/v2\/media?parent=11777"}],"wp:term":[{"taxonomy":"product_brand","embeddable":true,"href":"https:\/\/orotech.lt\/en\/wp-json\/wp\/v2\/product_brand?post=11777"},{"taxonomy":"product_cat","embeddable":true,"href":"https:\/\/orotech.lt\/en\/wp-json\/wp\/v2\/product_cat?post=11777"},{"taxonomy":"product_tag","embeddable":true,"href":"https:\/\/orotech.lt\/en\/wp-json\/wp\/v2\/product_tag?post=11777"}],"curies":[{"name":"wp","href":"https:\/\/api.w.org\/{rel}","templated":true}]}}