{"id":11783,"date":"2023-09-13T08:44:23","date_gmt":"2023-09-13T08:44:23","guid":{"rendered":"https:\/\/orotech.lt\/sieniniu-mono-split-sildymo-kondicionavimo-sistemu-lg-artcool-mirror-komplektai\/"},"modified":"2025-09-08T11:01:00","modified_gmt":"2025-09-08T11:01:00","slug":"wall-mounted-mono-split-heating-and-air-conditioning-system-lg-artcool-mirror-kits","status":"publish","type":"product","link":"https:\/\/orotech.lt\/en\/wall-mounted-mono-split-heating-and-air-conditioning-system-lg-artcool-mirror-kits\/","title":{"rendered":"LG Artcool mirror wall-mounted mono-split heating and air conditioning systems"},"content":{"rendered":"<p style=\"text-align: justify;\"><span style=\"text-align: justify;\">LG Artcool Mirror air conditioners\/heat pumps feature a mirrored surface that reflects your room&#039;s interior and are highly efficient and easy to install. The air conditioner filters are easily accessible from the front of the unit without the need for additional tools.<\/span><\/p>\n<p style=\"text-align: justify;\"><strong>Common specifications for all models<\/strong><\/p>\n<ul>\n<li style=\"text-align: justify;\">Active energy consumption control;<\/li>\n<li style=\"text-align: justify;\">Strong cooling;<\/li>\n<li style=\"text-align: justify;\">4 directions of automatic air injection control;<\/li>\n<li style=\"text-align: justify;\">Fast heating;<\/li>\n<li style=\"text-align: justify;\"><strong>Plasmaster Plus ionizer;<\/strong><\/li>\n<li style=\"text-align: justify;\">Double protection filter;<\/li>\n<li style=\"text-align: justify;\">Automatic cleaning;<\/li>\n<li style=\"text-align: justify;\"><strong>Silent mode;<\/strong><\/li>\n<li style=\"text-align: justify;\">Easy and quick installation;<\/li>\n<li style=\"text-align: justify;\"><strong>Integrated WI-FI model;<\/strong><\/li>\n<li style=\"text-align: justify;\"><strong>Smart Diagnosis function;<\/strong><\/li>\n<li style=\"text-align: justify;\">Refrigerant R32;<\/li>\n<li style=\"text-align: justify;\">Energy class A++\/A+;<\/li>\n<li style=\"text-align: justify;\">Voltage 220-240 V.<\/li>\n<\/ul>\n<p style=\"text-align: justify;\"><strong>App<\/strong> &quot;<strong>LG SmartThinQ<\/strong>&quot;<\/p>\n<p style=\"text-align: justify;\">Valdykite savo oro kondicionierius naudodami &#8222;Android&#8221; arba &#8222;iOS&#8221; operacines sistemas palaikan\u010dius i\u0161maniuosius telefonus. Tereikia parsisi\u0173sti <a href=\"https:\/\/play.google.com\/store\/apps\/details?id=com.lgeha.nuts&amp;hl=en\" target=\"_blank\" rel=\"noopener nofollow\"><strong>LG SmartThinQ<\/strong><\/a> program\u0117l\u0119 ir kiekvienas j\u016bs\u0173 \u0161eimos narys gal\u0117s keisti oro kondicionieriaus nustatymus, kuriuos galima i\u0161saugoti ir bet kada v\u0117liau paleisti. \u0160ie parametrai taip pat gali b\u016bti kei\u010diami ir i\u0161saugoti kiekvienam oro kondicionieriui atskirai. Pasirenkant &#8222;Smart Diagnosis&#8221; funkcij\u0105 telefone, galima steb\u0117ti ir keisti diegimo, trikd\u017ei\u0173 \u0161alinimo ir kitus nustatymus.<\/p>\n<p style=\"text-align: justify;\"><strong>Ionizer &quot;Plasmaster Plus&quot;<\/strong><\/p>\n<p style=\"text-align: justify;\">Sterilization and deodorization for a safer and cleaner environment. The efficient plasma ionizer protects the room from bad odors and harmful particles and bacteria, thanks to its more than 3 million ions, which sterilize not only the air passing through the air conditioner, but also the surfaces in the room. This ionizer has been proven to sterilize up to 99% of bacteria in 60 minutes. The double protective filter retains dust and bacteria larger than 10\u00b5m.<\/p>\n<p style=\"text-align: justify;\"><strong>Airflow control<\/strong><\/p>\n<p style=\"text-align: justify;\">4-way airflow controls the airflow, optimally distributing cool air throughout the room, regardless of where the air conditioner is installed. Possibility to choose from 6 preset vertical airflow directions.<\/p>\n<p style=\"text-align: justify;\"><a class=\"catalogue\" href=\"http:\/\/orotech.lt\/wp-content\/uploads\/2023\/05\/LG-sildymo-kondicionavimo-sistemos-naudotojo-vadovas.pdf\" target=\"_blank\" rel=\"noopener\">Download product manual<\/a><\/p>\n<p><a class=\"catalogue\" href=\"http:\/\/orotech.lt\/wp-content\/uploads\/2023\/05\/Artcool-Mirror-technine-informacija.pdf\" target=\"_blank\" rel=\"noopener\">Download product information<\/a><\/p>","protected":false},"excerpt":{"rendered":"<p>LG Artcool Mirror air conditioners\/heat pumps feature a mirrored surface that reflects your room&#039;s interior and are highly efficient and easy to install.<\/p>","protected":false},"featured_media":2408,"comment_status":"closed","ping_status":"open","template":"","meta":[],"product_brand":[],"product_cat":[309,310,526,528],"product_tag":[],"class_list":{"0":"post-11783","1":"product","2":"type-product","3":"status-publish","4":"has-post-thumbnail","6":"product_cat-vesinimas","7":"product_cat-kondicionieriai","8":"product_cat-mono-split-sistemos","9":"product_cat-silumos-siurbliai-oras-oras","10":"pa_pavadinimas-lg-artcool-mirror-mono-kompl-18","11":"pa_pavadinimas-lg-artcool-mirror-mono-kompl-9","13":"first","14":"onbackorder","15":"taxable","16":"shipping-taxable","17":"purchasable","18":"product-type-variable","19":"has-default-attributes"},"_links":{"self":[{"href":"https:\/\/orotech.lt\/en\/wp-json\/wp\/v2\/product\/11783","targetHints":{"allow":["GET"]}}],"collection":[{"href":"https:\/\/orotech.lt\/en\/wp-json\/wp\/v2\/product"}],"about":[{"href":"https:\/\/orotech.lt\/en\/wp-json\/wp\/v2\/types\/product"}],"replies":[{"embeddable":true,"href":"https:\/\/orotech.lt\/en\/wp-json\/wp\/v2\/comments?post=11783"}],"version-history":[{"count":2,"href":"https:\/\/orotech.lt\/en\/wp-json\/wp\/v2\/product\/11783\/revisions"}],"predecessor-version":[{"id":12049,"href":"https:\/\/orotech.lt\/en\/wp-json\/wp\/v2\/product\/11783\/revisions\/12049"}],"wp:featuredmedia":[{"embeddable":true,"href":"https:\/\/orotech.lt\/en\/wp-json\/wp\/v2\/media\/2408"}],"wp:attachment":[{"href":"https:\/\/orotech.lt\/en\/wp-json\/wp\/v2\/media?parent=11783"}],"wp:term":[{"taxonomy":"product_brand","embeddable":true,"href":"https:\/\/orotech.lt\/en\/wp-json\/wp\/v2\/product_brand?post=11783"},{"taxonomy":"product_cat","embeddable":true,"href":"https:\/\/orotech.lt\/en\/wp-json\/wp\/v2\/product_cat?post=11783"},{"taxonomy":"product_tag","embeddable":true,"href":"https:\/\/orotech.lt\/en\/wp-json\/wp\/v2\/product_tag?post=11783"}],"curies":[{"name":"wp","href":"https:\/\/api.w.org\/{rel}","templated":true}]}}