{"id":11791,"date":"2023-09-13T08:44:23","date_gmt":"2023-09-13T08:44:23","guid":{"rendered":"https:\/\/orotech.lt\/sieniniu-mono-split-sildymo-kondicionavimo-sistemu-lg-dualcool-komplektai\/"},"modified":"2025-09-08T11:01:00","modified_gmt":"2025-09-08T11:01:00","slug":"wall-mounted-mono-split-heating-and-air-conditioning-system-lg-dualcool-kits","status":"publish","type":"product","link":"https:\/\/orotech.lt\/en\/wall-mounted-mono-split-heating-and-air-conditioning-system-lg-dualcool-kits\/","title":{"rendered":"LG Dualcool wall-mounted mono-split heating and air conditioning systems kits"},"content":{"rendered":"<p style=\"text-align: justify;\"><span style=\"text-align: justify;\">Skirtingai nuo daugumos buitin\u0117s technikos, &#8222;LG Electronics&#8221; oro kondicionieriai yra suprojektuoti kaip funkcinis menas &#8211; \u0161iuolaiki\u0161ki, stilingi ir eleganti\u0161ki. LG patrauklus dizainas yra neprilygstamas j\u016bs\u0173 nam\u0173 stiliaus papildymas ir puikiai tiks bet kokiam kambariui. Be to nesud\u0117tinga montuoti bei pri Oro kondicionieriai taip pat i\u0161siskiria puikiomis antikorozin\u0117mis ypatyb\u0117mis, o tai garantuoja j\u0173 patvarum\u0105.<\/span><\/p>\n<p style=\"text-align: justify;\">LG DUALCOOL air conditioner \u201c3 in 1\u201d \u2013 not only cools or heats rooms, but also performs an air purification function, filtering out small dust, microbes and unpleasant odors. The filter is easy to clean and maintain. With the help of a PM 1.0 dust sensor, the level of pollution in the room is determined in real time, and a certain color is indicated on the air conditioner screen.<\/p>\n<p style=\"text-align: justify;\">A great solution for ensuring fresh and clean air.<\/p>\n<ul>\n<li style=\"text-align: justify;\">Air purification function with pollution indication, we can see what the air is like in the room and when it becomes clean;<\/li>\n<li style=\"text-align: justify;\">Comprehensive, modern design indoor unit;<\/li>\n<li style=\"text-align: justify;\">10-year manufacturer&#039;s warranty on compressors;<\/li>\n<li style=\"text-align: justify;\"><strong>Control with Wi-Fi function;<\/strong><\/li>\n<li style=\"text-align: justify;\">Smart Diagnosis self-diagnosis system;<\/li>\n<li style=\"text-align: justify;\">Energy consumption readings &quot;Energy Display&quot;;<\/li>\n<li style=\"text-align: justify;\">Automatic cleaning function &quot;Auto Cleaning&quot;;<\/li>\n<li style=\"text-align: justify;\">Ultra-fast cooling &quot;Jet Cool&quot; and fast heating;<\/li>\n<li style=\"text-align: justify;\">Comfort and silence functions;<\/li>\n<li style=\"text-align: justify;\">Silent mode;<\/li>\n<li style=\"text-align: justify;\">4D airflow distribution.<\/li>\n<\/ul>\n<p style=\"text-align: justify;\">Veiksminga automatinio valymosi funkcija neleid\u017eia formuotis bakterijoms ir pel\u0117siui ant kondicionieriuje esan\u010dio \u0161ilumokai\u010dio. &#8222;Gold Fin \u2122&#8221; apdaila \u0161ilumokai\u010dio pavir\u0161i\u0173 padaro atsparesniu korozijai, didindama jo patvarum\u0105.<\/p>\n<p style=\"text-align: justify;\"><strong>Airflow control &quot;4-way Swing&quot;<\/strong><\/p>\n<p style=\"text-align: justify;\">4-way airflow controls the airflow, optimally distributing cool or warm air throughout the room, regardless of where the air conditioner is installed. Possibility to choose from 6 preset vertical airflow directions.<\/p>\n<p style=\"text-align: justify;\">Jet Dry technology prioritizes dehumidification in areas with high humidity levels to keep the air in your room dry and fresh.<\/p>\n<p style=\"text-align: justify;\">In order to create a pleasant and cozy atmosphere in the room, the noise emitted by the equipment becomes important. Therefore, the company &quot;LG&quot; produces air conditioners that are distinguished by an extremely low noise level. This is ensured by a unique fan and &quot;LG Dual Inverter&quot; compressor. Comfortable sleep mode ensures maximum comfort in the sleeping environment by automatically adjusting 3 different functions (indirect air flow \/ set 7-hour shutdown time \/ light wind and sleep time), with the touch of a button.<\/p>\n<p style=\"text-align: justify;\"><strong>LG Smart ThinQ app<\/strong><\/p>\n<p style=\"text-align: justify;\">Valdymas su Wi-Fi funkcija &#8211; valdykite savo oro kondicionierius naudodami &#8222;Android&#8221; arba &#8222;iOS&#8221; operacines sistemas palaikan\u010dius i\u0161maniuosius telefonus. Tereikia parsisi\u0173sti \u201eLG Smart ThinQ\u201c program\u0117l\u0119 ir kiekvienas j\u016bs\u0173 \u0161eimos narys gal\u0117s keisti oro kondicionieriaus nustatymus, kuriuos galima i\u0161saugoti ir bet kada v\u0117liau paleisti. \u0160ie parametrai taip pat gali b\u016bti kei\u010diami ir i\u0161saugoti kiekvienam oro kondicionieriui atskirai.<\/p>\n<p style=\"text-align: justify;\"><a class=\"catalogue\" href=\"http:\/\/orotech.lt\/wp-content\/uploads\/2023\/05\/Rule_EU_Multi_R32_Air-Purify_MFL69780815_200109_00_WEB-1.pdf\" target=\"_blank\" rel=\"noopener\">Download product manual<\/a><\/p>\n<p><a class=\"catalogue\" href=\"http:\/\/orotech.lt\/wp-content\/uploads\/2023\/05\/LG-Dualcool-technical-datasheet.pdf\" target=\"_blank\" rel=\"noopener\">Download product information<\/a><\/p>","protected":false},"excerpt":{"rendered":"<p>Skirtingai nuo daugumos buitin\u0117s technikos, &#8222;LG Electronics&#8221; oro kondicionieriai yra suprojektuoti kaip funkcinis menas &#8211; \u0161iuolaiki\u0161ki, stilingi ir eleganti\u0161ki. LG<\/p>","protected":false},"featured_media":2424,"comment_status":"closed","ping_status":"open","template":"","meta":[],"product_brand":[],"product_cat":[309,310,526,528],"product_tag":[],"class_list":{"0":"post-11791","1":"product","2":"type-product","3":"status-publish","4":"has-post-thumbnail","6":"product_cat-vesinimas","7":"product_cat-kondicionieriai","8":"product_cat-mono-split-sistemos","9":"product_cat-silumos-siurbliai-oras-oras","10":"pa_pavadinimas-lg-dualcool-mono-kompl-12","11":"pa_pavadinimas-lg-dualcool-mono-kompl-9","13":"first","14":"onbackorder","15":"taxable","16":"shipping-taxable","17":"purchasable","18":"product-type-variable","19":"has-default-attributes"},"_links":{"self":[{"href":"https:\/\/orotech.lt\/en\/wp-json\/wp\/v2\/product\/11791","targetHints":{"allow":["GET"]}}],"collection":[{"href":"https:\/\/orotech.lt\/en\/wp-json\/wp\/v2\/product"}],"about":[{"href":"https:\/\/orotech.lt\/en\/wp-json\/wp\/v2\/types\/product"}],"replies":[{"embeddable":true,"href":"https:\/\/orotech.lt\/en\/wp-json\/wp\/v2\/comments?post=11791"}],"version-history":[{"count":2,"href":"https:\/\/orotech.lt\/en\/wp-json\/wp\/v2\/product\/11791\/revisions"}],"predecessor-version":[{"id":12051,"href":"https:\/\/orotech.lt\/en\/wp-json\/wp\/v2\/product\/11791\/revisions\/12051"}],"wp:featuredmedia":[{"embeddable":true,"href":"https:\/\/orotech.lt\/en\/wp-json\/wp\/v2\/media\/2424"}],"wp:attachment":[{"href":"https:\/\/orotech.lt\/en\/wp-json\/wp\/v2\/media?parent=11791"}],"wp:term":[{"taxonomy":"product_brand","embeddable":true,"href":"https:\/\/orotech.lt\/en\/wp-json\/wp\/v2\/product_brand?post=11791"},{"taxonomy":"product_cat","embeddable":true,"href":"https:\/\/orotech.lt\/en\/wp-json\/wp\/v2\/product_cat?post=11791"},{"taxonomy":"product_tag","embeddable":true,"href":"https:\/\/orotech.lt\/en\/wp-json\/wp\/v2\/product_tag?post=11791"}],"curies":[{"name":"wp","href":"https:\/\/api.w.org\/{rel}","templated":true}]}}