{"id":11809,"date":"2023-09-13T08:45:04","date_gmt":"2023-09-13T08:45:04","guid":{"rendered":"https:\/\/orotech.lt\/sieniniu-mono-split-sildymo-kondicionavimo-sistemu-lg-deluxe-komplektai\/"},"modified":"2025-09-08T11:01:02","modified_gmt":"2025-09-08T11:01:02","slug":"wall-mounted-mono-split-heating-and-air-conditioning-systems-lg-deluxe-sets","status":"publish","type":"product","link":"https:\/\/orotech.lt\/en\/wall-mounted-mono-split-heating-and-air-conditioning-systems-lg-deluxe-sets\/","title":{"rendered":"LG Deluxe wall-mounted mono-split heating and air conditioning systems"},"content":{"rendered":"<p><span style=\"text-align: justify;\">A functionally leading LG CAC product that has all the essential and basic elements of air conditioning solutions.<\/span><\/p>\n<ul>\n<li style=\"text-align: justify;\">Comprehensive, modern design indoor unit;<\/li>\n<li style=\"text-align: justify;\">10-year manufacturer&#039;s warranty on compressors;<\/li>\n<li style=\"text-align: justify;\">Control with Wi-Fi function;<\/li>\n<li style=\"text-align: justify;\">Smart Diagnosis self-diagnosis function;<\/li>\n<li style=\"text-align: justify;\"><strong>LG Smart ThinQ app;<\/strong><\/li>\n<li style=\"text-align: justify;\">Energy consumption readings &quot;Energy Display&quot;;<\/li>\n<li style=\"text-align: justify;\">Automatic cleaning function &quot;Auto Cleaning&quot;;<\/li>\n<li style=\"text-align: justify;\"><strong>Plasmaster Ionizer plus air purification function;<\/strong><\/li>\n<li style=\"text-align: justify;\">Ultra-fast cooling &quot;Jet Cool&quot; and fast heating;<\/li>\n<li style=\"text-align: justify;\">Comfort and silence functions;<\/li>\n<li style=\"text-align: justify;\">The operating sound level does not exceed 19 dB(A) (DC09RQ and DC12RQ models only);<\/li>\n<li style=\"text-align: justify;\">4D airflow distribution;<\/li>\n<\/ul>\n<p style=\"text-align: justify;\"><strong>App<\/strong> &quot;<strong>LG Smart ThinQ<\/strong>&quot;<\/p>\n<p style=\"text-align: justify;\">Valdykite savo oro kondicionierius naudodami &#8222;Android&#8221; arba &#8222;iOS&#8221; operacines sistemas palaikan\u010dius i\u0161maniuosius telefonus. Tereikia parsisi\u0173sti <strong>LG Smart ThinQ<\/strong> program\u0117l\u0119 ir kiekvienas j\u016bs\u0173 \u0161eimos narys gal\u0117s keisti oro kondicionieriaus nustatymus, kuriuos galima i\u0161saugoti ir bet kada v\u0117liau paleisti. \u0160ie parametrai taip pat gali b\u016bti kei\u010diami ir i\u0161saugoti kiekvienam oro kondicionieriui atskirai. Pasirenkant &#8222;Smart Diagnosis&#8221; funkcij\u0105 telefone, galima steb\u0117ti ir keisti diegimo, trikd\u017ei\u0173 \u0161alinimo ir kitus nustatymus.<\/p>\n<p style=\"text-align: justify;\"><strong>Ionizer &quot;Plasmaster Plus&quot;<\/strong><\/p>\n<p style=\"text-align: justify;\">Sterilization and deodorization for a safer and cleaner environment. The efficient plasma ionizer protects the room from bad odors and harmful particles and bacteria, thanks to its more than 3 million ions, which sterilize not only the air passing through the air conditioner, but also the surfaces in the room. This ionizer has been proven to sterilize up to 99% of bacteria in 60 minutes. The double protective filter traps dust and bacteria larger than 10 \u00b5m.<\/p>\n<p style=\"text-align: justify;\"><strong>4-way airflow control<\/strong><\/p>\n<p style=\"text-align: justify;\">4-way airflow controls the airflow, optimally distributing cool air throughout the room, regardless of where the air conditioner is installed. Possibility to choose from 6 preset vertical airflow directions.<\/p>\n<p style=\"text-align: justify;\"><a class=\"catalogue\" href=\"https:\/\/orotech.lt\/wp-content\/uploads\/2023\/05\/LG-sildymo-kondicionavimo-sistemos-naudotojo-vadovas.pdf\" target=\"_blank\" rel=\"noopener\">Download product manual<\/a><\/p>\n<p><a class=\"catalogue\" href=\"http:\/\/orotech.lt\/wp-content\/uploads\/2023\/05\/LG-Deluxe-technine-informacija.pdf\" target=\"_blank\" rel=\"noopener\">Download product catalog\u00a0<\/a><\/p>","protected":false},"excerpt":{"rendered":"<p>Functionally leading LG CAC product, containing all the essential and basic elements of air conditioning solutions. A comprehensive, contemporary-designed indoor unit; 10<\/p>","protected":false},"featured_media":2452,"comment_status":"closed","ping_status":"open","template":"","meta":[],"product_brand":[],"product_cat":[309,310,526,528],"product_tag":[],"class_list":{"0":"post-11809","1":"product","2":"type-product","3":"status-publish","4":"has-post-thumbnail","6":"product_cat-vesinimas","7":"product_cat-kondicionieriai","8":"product_cat-mono-split-sistemos","9":"product_cat-silumos-siurbliai-oras-oras","10":"pa_pavadinimas-lg-deluxe-mono-kompl-12","11":"pa_pavadinimas-lg-deluxe-mono-kompl-18","12":"pa_pavadinimas-lg-deluxe-mono-kompl-9","14":"first","15":"onbackorder","16":"taxable","17":"shipping-taxable","18":"purchasable","19":"product-type-variable","20":"has-default-attributes"},"_links":{"self":[{"href":"https:\/\/orotech.lt\/en\/wp-json\/wp\/v2\/product\/11809","targetHints":{"allow":["GET"]}}],"collection":[{"href":"https:\/\/orotech.lt\/en\/wp-json\/wp\/v2\/product"}],"about":[{"href":"https:\/\/orotech.lt\/en\/wp-json\/wp\/v2\/types\/product"}],"replies":[{"embeddable":true,"href":"https:\/\/orotech.lt\/en\/wp-json\/wp\/v2\/comments?post=11809"}],"version-history":[{"count":2,"href":"https:\/\/orotech.lt\/en\/wp-json\/wp\/v2\/product\/11809\/revisions"}],"predecessor-version":[{"id":12055,"href":"https:\/\/orotech.lt\/en\/wp-json\/wp\/v2\/product\/11809\/revisions\/12055"}],"wp:featuredmedia":[{"embeddable":true,"href":"https:\/\/orotech.lt\/en\/wp-json\/wp\/v2\/media\/2452"}],"wp:attachment":[{"href":"https:\/\/orotech.lt\/en\/wp-json\/wp\/v2\/media?parent=11809"}],"wp:term":[{"taxonomy":"product_brand","embeddable":true,"href":"https:\/\/orotech.lt\/en\/wp-json\/wp\/v2\/product_brand?post=11809"},{"taxonomy":"product_cat","embeddable":true,"href":"https:\/\/orotech.lt\/en\/wp-json\/wp\/v2\/product_cat?post=11809"},{"taxonomy":"product_tag","embeddable":true,"href":"https:\/\/orotech.lt\/en\/wp-json\/wp\/v2\/product_tag?post=11809"}],"curies":[{"name":"wp","href":"https:\/\/api.w.org\/{rel}","templated":true}]}}