{"id":14236,"date":"2024-03-30T06:04:04","date_gmt":"2024-03-30T06:04:04","guid":{"rendered":"https:\/\/orotech.lt\/halogeninis-infraraudonuju-spinduliu-sildytuvas-heliosa-66-black\/"},"modified":"2025-09-09T06:11:51","modified_gmt":"2025-09-09T06:11:51","slug":"halogen-infrared-heater-heliosa-66-black","status":"publish","type":"product","link":"https:\/\/orotech.lt\/en\/halogen-infrared-heater-heliosa-66-black\/","title":{"rendered":"Halogen infrared heater Heliosa 66 Black"},"content":{"rendered":"<p style=\"text-align: justify;\"><strong>Modern design and warmth without light.<\/strong><\/p>\n<p style=\"text-align: justify;\">Electric halogen infrared heater with high heat output and low energy consumption. Heliosa 66 Black is suitable for use both indoors and outdoors and can be mounted on a wall or stand. Thanks to the special, heat-resistant black protective glass, the desired environment is heated without bright light.<\/p>\n<p style=\"text-align: justify;\"><strong>ADVANTAGES:<\/strong><\/p>\n<ul>\n<li>Professional IR heaters, the quality, efficiency and functionality of which have been appreciated by hundreds of industrial and private customers in Lithuania;<\/li>\n<li>Integrated special halogen heating elements are maintenance-free and heat efficiently for more than 7,000 hours;<\/li>\n<li>The heating element is replaceable, so you won&#039;t have to buy a new heater if the element stops heating;<\/li>\n<li>Reflectors that effectively direct heat at the right angle are made of the highest quality materials;<\/li>\n<li>Using heaters to heat individual zones can save up to 70% in heating energy and costs.<\/li>\n<\/ul>\n<p><strong>Technical information:<\/strong><\/p>\n<ul>\n<li>Max. heating power: 2000 W;<\/li>\n<li>IP25 protection class \u2013 protected against rain and splashes of water;<\/li>\n<li>Special, heat-resistant black protective glass;<\/li>\n<li>Color: matte black;<\/li>\n<li>Heated area: 18-20 m2;<\/li>\n<li>Cable length: 3 m;<\/li>\n<li>Cable connector: Schuko;<\/li>\n<li>Dimensions: 510x160x215 mm;<\/li>\n<li>Weight: 2.8 kg.<\/li>\n<\/ul>","protected":false},"excerpt":{"rendered":"<p>\u0160iuolaiki\u0161kas dizainas ir \u0161iluma be \u0161viesos. Elektrinis halogeninis infraraudon\u0173j\u0173 spinduli\u0173 \u0161ildytuvas, pasi\u017eymintis didele \u0161ilumos galia ir ma\u017eomis energijos s\u0105naudomis. \u201eHeliosa<\/p>","protected":false},"featured_media":2023,"comment_status":"closed","ping_status":"closed","template":"","meta":[],"product_brand":[],"product_cat":[302,303],"product_tag":[],"class_list":{"0":"post-14236","1":"product","2":"type-product","3":"status-publish","4":"has-post-thumbnail","6":"product_cat-sildymas","7":"product_cat-infraraudonuju-spinduliu-sildytuvai","8":"pa_pavadinimas-infrasildytuvas-heliosa-66-black","10":"first","11":"onbackorder","12":"taxable","13":"shipping-taxable","14":"purchasable","15":"product-type-variable"},"_links":{"self":[{"href":"https:\/\/orotech.lt\/en\/wp-json\/wp\/v2\/product\/14236","targetHints":{"allow":["GET"]}}],"collection":[{"href":"https:\/\/orotech.lt\/en\/wp-json\/wp\/v2\/product"}],"about":[{"href":"https:\/\/orotech.lt\/en\/wp-json\/wp\/v2\/types\/product"}],"replies":[{"embeddable":true,"href":"https:\/\/orotech.lt\/en\/wp-json\/wp\/v2\/comments?post=14236"}],"version-history":[{"count":2,"href":"https:\/\/orotech.lt\/en\/wp-json\/wp\/v2\/product\/14236\/revisions"}],"predecessor-version":[{"id":14462,"href":"https:\/\/orotech.lt\/en\/wp-json\/wp\/v2\/product\/14236\/revisions\/14462"}],"wp:featuredmedia":[{"embeddable":true,"href":"https:\/\/orotech.lt\/en\/wp-json\/wp\/v2\/media\/2023"}],"wp:attachment":[{"href":"https:\/\/orotech.lt\/en\/wp-json\/wp\/v2\/media?parent=14236"}],"wp:term":[{"taxonomy":"product_brand","embeddable":true,"href":"https:\/\/orotech.lt\/en\/wp-json\/wp\/v2\/product_brand?post=14236"},{"taxonomy":"product_cat","embeddable":true,"href":"https:\/\/orotech.lt\/en\/wp-json\/wp\/v2\/product_cat?post=14236"},{"taxonomy":"product_tag","embeddable":true,"href":"https:\/\/orotech.lt\/en\/wp-json\/wp\/v2\/product_tag?post=14236"}],"curies":[{"name":"wp","href":"https:\/\/api.w.org\/{rel}","templated":true}]}}