{"id":14312,"date":"2024-03-30T06:08:41","date_gmt":"2024-03-30T06:08:41","guid":{"rendered":"https:\/\/orotech.lt\/kistukinis-sildytuvas-trotec-tfc-1-e\/"},"modified":"2025-11-30T18:09:50","modified_gmt":"2025-11-30T18:09:50","slug":"plug-in-heater-trotec-tfc-1-e","status":"publish","type":"product","link":"https:\/\/orotech.lt\/en\/plug-in-heater-trotec-tfc-1-e\/","title":{"rendered":"Plug-in heater Trotec TFC 1 E"},"content":{"rendered":"<p style=\"text-align: justify;\">Attractive, compact design, 500 W heating power and two fan speeds <strong>plug-in heater <\/strong>Trotec<strong>\u00a0<\/strong>The TFC 1 E immediately creates pleasant warmth in smaller rooms. The first fan stage is used for normal operation, while the second is used as a quick heating option, allowing warm air to be distributed quickly throughout the room. Small and efficient<strong> plug-in heater<\/strong> can create heat in just a few minutes wherever it is needed, without heating the entire house or apartment. Whether in the bathroom or kitchen, on the sofa, in the child&#039;s room or in the home office - the heater turns uncomfortably cold places into cozy oases.<\/p>\n<p style=\"text-align: justify;\">The heater is extremely easy to operate: plug it into an electrical outlet, turn it on, and use the thermostat to select the desired temperature from 15 to 30 \u00b0C. <strong>Plug-in heater <\/strong>has a built-in 12-hour timer function that will allow you to preheat a bedroom, garage, or other desired room. In addition, the model has an energy-saving automatic shut-off when the set room temperature is reached.<\/p>\n<p style=\"text-align: justify;\">The air heated with the TFC series ceramic heaters always remains pleasantly clean and odorless, because the PTC ceramic heating elements produce 100% zero-emission heat. Unlike conventional heaters, the ceramic heating element does not burn dust particles or animal hair, making the device suitable for allergy sufferers and small children.<\/p>\n<p style=\"text-align: justify;\"><strong>Plug-in heater<\/strong> The Trotec TFC 1 E is safe to use - the device has a built-in overheating protection function. The refractory ceramic elements have an extremely long service life. The fan operation function with countdown automatically cools down the heating element of the mini heater 60 seconds after the heater is switched off, ensuring safe disconnection from the power socket.<\/p>\n<p style=\"text-align: center;\"><iframe title=\"YouTube video player\" src=\"https:\/\/www.youtube.com\/embed\/61fxUDWjYOQ\" width=\"560\" height=\"315\" frameborder=\"0\" allowfullscreen=\"allowfullscreen\"><\/iframe><\/p>\n<p><strong>Advantages:<\/strong><\/p>\n<ul>\n<li>Fast and pleasant warmth;<\/li>\n<li>Compact design;<\/li>\n<li>Quiet operation;<\/li>\n<li>Automatic shutdown when the set temperature is reached;<\/li>\n<li>2 fan speeds;<\/li>\n<li>Temperature control from 18 \u00b0C to 30 \u00b0C;<\/li>\n<li>Timer function;<\/li>\n<li>LED screen lighting;<\/li>\n<li>Overheating protection;<\/li>\n<li>Suitable for allergy sufferers;<\/li>\n<li>Energy saving.<\/li>\n<\/ul>\n<p><strong>Technical characteristics:<\/strong><\/p>\n<ul>\n<li>Operating range: 15 oC to 30 oC;<\/li>\n<li>Heated area: 10 m2;<\/li>\n<li>Mains connection: 220-240 V \/ 50 HZ;<\/li>\n<li>Max. power consumption (W): 500;<\/li>\n<li>Rated current consumption (A): 2.17;<\/li>\n<li>Mains fuse: 10 A;<\/li>\n<li>Plug type: CEE 7\/7;<\/li>\n<li>Protection class: IPX0;<\/li>\n<li>Overheating protection (oC): 70;<\/li>\n<li>Sound pressure level (at 1 m): 51 dB (A);<\/li>\n<li>Dimensions (LxWxH mm): 110 x 130 x 202;<\/li>\n<li>Minimum distance to walls and objects at the top, back, side \u2013 25 cm, in front \u2013 50 cm;<\/li>\n<li>Weight (kg): 0.4 kg.<\/li>\n<\/ul>","protected":false},"excerpt":{"rendered":"<p>Patrauklaus, kompakti\u0161ko dizaino, 500 W \u0161ildymo galia ir dviem ventiliatoriaus pakopomis ki\u0161tukinis \u0161ildytuvas Trotec\u00a0TFC 1 E tuoj pat sukuria maloni\u0105<\/p>","protected":false},"featured_media":4401,"comment_status":"closed","ping_status":"closed","template":"","meta":[],"product_brand":[],"product_cat":[23],"product_tag":[],"class_list":{"0":"post-14312","1":"product","2":"type-product","3":"status-publish","4":"has-post-thumbnail","6":"product_cat-be-kategorijos","7":"pa_pavadinimas-trotec-tfc-1-e","9":"first","10":"onbackorder","11":"taxable","12":"shipping-taxable","13":"purchasable","14":"product-type-variable"},"_links":{"self":[{"href":"https:\/\/orotech.lt\/en\/wp-json\/wp\/v2\/product\/14312","targetHints":{"allow":["GET"]}}],"collection":[{"href":"https:\/\/orotech.lt\/en\/wp-json\/wp\/v2\/product"}],"about":[{"href":"https:\/\/orotech.lt\/en\/wp-json\/wp\/v2\/types\/product"}],"replies":[{"embeddable":true,"href":"https:\/\/orotech.lt\/en\/wp-json\/wp\/v2\/comments?post=14312"}],"version-history":[{"count":3,"href":"https:\/\/orotech.lt\/en\/wp-json\/wp\/v2\/product\/14312\/revisions"}],"predecessor-version":[{"id":14433,"href":"https:\/\/orotech.lt\/en\/wp-json\/wp\/v2\/product\/14312\/revisions\/14433"}],"wp:featuredmedia":[{"embeddable":true,"href":"https:\/\/orotech.lt\/en\/wp-json\/wp\/v2\/media\/4401"}],"wp:attachment":[{"href":"https:\/\/orotech.lt\/en\/wp-json\/wp\/v2\/media?parent=14312"}],"wp:term":[{"taxonomy":"product_brand","embeddable":true,"href":"https:\/\/orotech.lt\/en\/wp-json\/wp\/v2\/product_brand?post=14312"},{"taxonomy":"product_cat","embeddable":true,"href":"https:\/\/orotech.lt\/en\/wp-json\/wp\/v2\/product_cat?post=14312"},{"taxonomy":"product_tag","embeddable":true,"href":"https:\/\/orotech.lt\/en\/wp-json\/wp\/v2\/product_tag?post=14312"}],"curies":[{"name":"wp","href":"https:\/\/api.w.org\/{rel}","templated":true}]}}