{"id":14357,"date":"2024-03-30T06:10:27","date_gmt":"2024-03-30T06:10:27","guid":{"rendered":"https:\/\/orotech.lt\/infraraudonuju-spinduliu-sildytuvas-trotec-ir-2010-s\/"},"modified":"2025-09-09T06:31:14","modified_gmt":"2025-09-09T06:31:14","slug":"infrared-heater-trotec-ir-2010-s","status":"publish","type":"product","link":"https:\/\/orotech.lt\/en\/infrared-heater-trotec-ir-2010-s\/","title":{"rendered":"Infrared heater Trotec IR 2010 S"},"content":{"rendered":"<p><strong>Infrared heater IR 2010 S\u00a0<\/strong><\/p>\n<p style=\"text-align: justify;\"><em>Up to 2000 W of infrared heat output - with remote control, reduced light emission and 3 heating levels.<\/em><\/p>\n<p style=\"text-align: justify;\">As the days get shorter and the air temperature gets cooler, you inevitably want summer, sun and warmth. Wouldn&#039;t it be nice if you could enjoy summer temperatures outside all year round? With the exclusive infrared heater IR 2010 S, this wish becomes a reality. Modern design, high protection class IP34, with a remote control, 3 heating levels up to 2 kW and low light emissions provide comfort in open outdoor spaces, balconies, terraces, gazebos.<\/p>\n<p style=\"text-align: justify;\">Especially people with allergies and sensitive respiratory tracts will feel the soothing benefits of an infrared heater and will not want to miss it. <strong>Clean and condensation-free instant heat is generated without dust, disturbing sounds and unpleasant odors, unlike electric heaters.\u00a0<\/strong><\/p>\n<p style=\"text-align: justify;\"><strong>Technical information:<\/strong><\/p>\n<ul>\n<li style=\"text-align: justify;\">Max. heating power: 2000 W;<\/li>\n<li style=\"text-align: justify;\"><strong>Protection class: IP34;<\/strong><\/li>\n<li style=\"text-align: justify;\">Power supply: 220-240V \/ 50-60Hz;<\/li>\n<li style=\"text-align: justify;\">Power cable length: 1.8 m;<\/li>\n<li style=\"text-align: justify;\">Heater dimensions: 85x735x155 mm;<\/li>\n<li style=\"text-align: justify;\">Heater weight: 3 kg.<\/li>\n<\/ul>\n<p style=\"text-align: justify;\"><strong>Advantages:<\/strong><\/p>\n<ul>\n<li style=\"text-align: justify;\">High-class, modern design body;<\/li>\n<li style=\"text-align: justify;\">Infrared heating without preheating;<\/li>\n<li style=\"text-align: justify;\">Even and precise heat distribution;<\/li>\n<li style=\"text-align: justify;\">3 heating levels: 650 W, 1350 W, 2000 W;<\/li>\n<li style=\"text-align: justify;\">Remote control and on\/off button on the housing;<\/li>\n<li style=\"text-align: justify;\">Weatherproof aluminum;<\/li>\n<li style=\"text-align: justify;\"><strong>Protection class IP 34 \u2013 protection against solid objects larger than 2.5mm and water splashes;<\/strong><\/li>\n<li style=\"text-align: justify;\">Adjustable inclination angle up to 45\u00b0;<\/li>\n<li style=\"text-align: justify;\">Suitable for wall mounting;<\/li>\n<li style=\"text-align: justify;\">Energy-saving, condensation-free, odorless and silent;<\/li>\n<li style=\"text-align: justify;\">Does not raise dust, therefore suitable for people with allergies;<\/li>\n<li style=\"text-align: justify;\">Suitable for use on balconies, terraces, gazebos, and open outdoor areas.<\/li>\n<\/ul>","protected":false},"excerpt":{"rendered":"<p>Infraraudon\u0173j\u0173 spinduli\u0173 \u0161ildytuvas IR 2010 S\u00a0 Iki 2000 W infraraudon\u0173j\u0173 spinduli\u0173 \u0161ilumos galia &#8211; su nuotolinio valdymo pultu, suma\u017einta \u0161viesos<\/p>","protected":false},"featured_media":9150,"comment_status":"closed","ping_status":"closed","template":"","meta":[],"product_brand":[],"product_cat":[302,303],"product_tag":[],"class_list":{"0":"post-14357","1":"product","2":"type-product","3":"status-publish","4":"has-post-thumbnail","6":"product_cat-sildymas","7":"product_cat-infraraudonuju-spinduliu-sildytuvai","8":"pa_pavadinimas-infraraudonuju-spinduliu-sildytuvas-trotec-ir-2010-s","10":"first","11":"onbackorder","12":"taxable","13":"shipping-taxable","14":"purchasable","15":"product-type-variable"},"_links":{"self":[{"href":"https:\/\/orotech.lt\/en\/wp-json\/wp\/v2\/product\/14357","targetHints":{"allow":["GET"]}}],"collection":[{"href":"https:\/\/orotech.lt\/en\/wp-json\/wp\/v2\/product"}],"about":[{"href":"https:\/\/orotech.lt\/en\/wp-json\/wp\/v2\/types\/product"}],"replies":[{"embeddable":true,"href":"https:\/\/orotech.lt\/en\/wp-json\/wp\/v2\/comments?post=14357"}],"version-history":[{"count":3,"href":"https:\/\/orotech.lt\/en\/wp-json\/wp\/v2\/product\/14357\/revisions"}],"predecessor-version":[{"id":14412,"href":"https:\/\/orotech.lt\/en\/wp-json\/wp\/v2\/product\/14357\/revisions\/14412"}],"wp:featuredmedia":[{"embeddable":true,"href":"https:\/\/orotech.lt\/en\/wp-json\/wp\/v2\/media\/9150"}],"wp:attachment":[{"href":"https:\/\/orotech.lt\/en\/wp-json\/wp\/v2\/media?parent=14357"}],"wp:term":[{"taxonomy":"product_brand","embeddable":true,"href":"https:\/\/orotech.lt\/en\/wp-json\/wp\/v2\/product_brand?post=14357"},{"taxonomy":"product_cat","embeddable":true,"href":"https:\/\/orotech.lt\/en\/wp-json\/wp\/v2\/product_cat?post=14357"},{"taxonomy":"product_tag","embeddable":true,"href":"https:\/\/orotech.lt\/en\/wp-json\/wp\/v2\/product_tag?post=14357"}],"curies":[{"name":"wp","href":"https:\/\/api.w.org\/{rel}","templated":true}]}}