{"id":14534,"date":"2024-04-09T12:27:58","date_gmt":"2024-04-09T12:27:58","guid":{"rendered":"https:\/\/orotech.lt\/?post_type=product&#038;p=14534"},"modified":"2025-12-24T00:00:08","modified_gmt":"2025-12-24T00:00:08","slug":"air-conditioner-dolceclima-compact-8p","status":"publish","type":"product","link":"https:\/\/orotech.lt\/en\/air-conditioner-dolceclima-compact-8p\/","title":{"rendered":"MOBILE AIR CONDITIONER DOLCECLIMA COMPACT 8 SW"},"content":{"rendered":"<p><strong>MOBILE AIR CONDITIONER &quot;DOLCECLIMA COMPACT 8 SW&quot;<\/strong><\/p>\n<p>Itin kompakti\u0161kas ne\u0161iojamasis oro kondicionierius &#8222;Olimpia Splendid&#8221; i\u0161siskiria tuo, kad pasi\u017eymi dideliu na\u0161umu, u\u017eimdamas nedidel\u012f plot\u0105. 8 000 BTU\/val (2,1 kW) v\u0117sinimo galia leid\u017eia efektyviai v\u0117sinti patalp\u0105, nustatant norim\u0105 temperat\u016br\u0105 skaitmeniniu valdymo pultu arba nuotolinio valdymo pultu, kuriame \u012frengtas nuotolinis termostatas. Be to, &#8222;Dolceclima Compact 8 SW&#8221; su 360\u00b0 kampu pasukamais ratukais galima lengvai transportuoti ir perkelti bet kuria kryptimi.<\/p>\n<ul>\n<li>Suitable for rooms up to 30 m\u00b2.<\/li>\n<li>Cooling capacity: 2.1 kW.<\/li>\n<li>New generation environmentally friendly refrigerant R290.<\/li>\n<\/ul>\n<p><strong>ADVANTAGES OF THE DOLCECLIMA COMPACT 8 SW AIR CONDITIONER:<\/strong><\/p>\n<ul>\n<li>Class A mobile (portable) air conditioner for indoor cooling.<\/li>\n<li>The new eco-friendly refrigerant R290 guarantees minimal environmental impact.<\/li>\n<li>You can place the air conditioner wherever it is most convenient for you or move it wherever you want, because its design is compact: 29 cm wide and 70 cm high.<\/li>\n<\/ul>\n<p><strong>FEATURES\u00a0<\/strong><\/p>\n<ul>\n<li>A more compact model than the previous COMPACT M series;<\/li>\n<li>The latest generation of mobile air conditioner control panel;<\/li>\n<li>The remote control acts as a remote thermostat, ensuring correct temperature regulation in the area where people are present;<\/li>\n<li>Nominal cooling capacity: 2.1 kW;<\/li>\n<li>Cooling capacity: 8,000 BTU;<\/li>\n<li>Energy efficiency class: A;<\/li>\n<li>Rated cooling efficiency coefficient EER: 2.6;<\/li>\n<li>Maximum dehumidification capacity: 1.9 l\/h;<\/li>\n<li>Charge of environmentally friendly refrigerant R290: 0.13 kg;<\/li>\n<li>Sound pressure level: max dB(A) 62;<\/li>\n<li>Supplied with flexible duct: \u00f8 150 mm, length 1.5 m, nozzles and sliding window seal;<\/li>\n<li>No tank: automatic condensate removal;<\/li>\n<li>Multifunctional remote control;<\/li>\n<li>LCD standard display;<\/li>\n<li>24-hour timer;<\/li>\n<li>Practical side handles;<\/li>\n<li>Wheels.<\/li>\n<\/ul>\n<p><a href=\"https:\/\/orotech.lt\/wp-content\/uploads\/2024\/04\/instrukcija1_DOLCECLIMA_COMPACT_S__SLIM_11-2024_ML.pdf\">Download the manual<\/a>.<\/p>","protected":false},"excerpt":{"rendered":"<p>Suitable for rooms: up to 30 m\u00b2<br \/>\nMax. air flow: 327 m\u00b3\/h<br \/>\nMax. cooling capacity: 2.1 kW<br \/>\nRefrigerant (freon): R290<br \/>\nDevice dimensions: 295 x 705 x 293 mm<\/p>","protected":false},"featured_media":22940,"comment_status":"closed","ping_status":"closed","template":"","meta":[],"product_brand":[],"product_cat":[529,309,310,1165],"product_tag":[],"class_list":{"0":"post-14534","1":"product","2":"type-product","3":"status-publish","4":"has-post-thumbnail","6":"product_cat-mobilus-kondicionieriai","7":"product_cat-vesinimas","8":"product_cat-kondicionieriai","9":"product_cat-testas","11":"first","12":"onbackorder","13":"taxable","14":"shipping-taxable","15":"purchasable","16":"product-type-simple"},"_links":{"self":[{"href":"https:\/\/orotech.lt\/en\/wp-json\/wp\/v2\/product\/14534","targetHints":{"allow":["GET"]}}],"collection":[{"href":"https:\/\/orotech.lt\/en\/wp-json\/wp\/v2\/product"}],"about":[{"href":"https:\/\/orotech.lt\/en\/wp-json\/wp\/v2\/types\/product"}],"replies":[{"embeddable":true,"href":"https:\/\/orotech.lt\/en\/wp-json\/wp\/v2\/comments?post=14534"}],"version-history":[{"count":11,"href":"https:\/\/orotech.lt\/en\/wp-json\/wp\/v2\/product\/14534\/revisions"}],"predecessor-version":[{"id":22947,"href":"https:\/\/orotech.lt\/en\/wp-json\/wp\/v2\/product\/14534\/revisions\/22947"}],"wp:featuredmedia":[{"embeddable":true,"href":"https:\/\/orotech.lt\/en\/wp-json\/wp\/v2\/media\/22940"}],"wp:attachment":[{"href":"https:\/\/orotech.lt\/en\/wp-json\/wp\/v2\/media?parent=14534"}],"wp:term":[{"taxonomy":"product_brand","embeddable":true,"href":"https:\/\/orotech.lt\/en\/wp-json\/wp\/v2\/product_brand?post=14534"},{"taxonomy":"product_cat","embeddable":true,"href":"https:\/\/orotech.lt\/en\/wp-json\/wp\/v2\/product_cat?post=14534"},{"taxonomy":"product_tag","embeddable":true,"href":"https:\/\/orotech.lt\/en\/wp-json\/wp\/v2\/product_tag?post=14534"}],"curies":[{"name":"wp","href":"https:\/\/api.w.org\/{rel}","templated":true}]}}