{"id":14560,"date":"2024-04-10T10:59:58","date_gmt":"2024-04-10T10:59:58","guid":{"rendered":"https:\/\/orotech.lt\/?post_type=product&#038;p=14560"},"modified":"2026-03-20T09:52:31","modified_gmt":"2026-03-20T09:52:31","slug":"air-conditioner-dolceclima-compact-10-m","status":"publish","type":"product","link":"https:\/\/orotech.lt\/en\/air-conditioner-dolceclima-compact-10-m\/","title":{"rendered":"MOBILE AIR CONDITIONER DOLCECLIMA COMPACT 10 SB WIFI"},"content":{"rendered":"<p><strong>MOBILE AIR CONDITIONER &quot;DOLCECLIMA COMPACT 10 SB WIFI&quot;<\/strong><\/p>\n<p>Itin kompakti\u0161kas ne\u0161iojamasis oro kondicionierius i\u0161siskiria tuo, kad pasi\u017eymi dideliu na\u0161umu, u\u017eimdamas itin ma\u017e\u0105 plot\u0105. Norim\u0105 temperat\u016br\u0105 galima lengvai nustatyti skaitmeniniame valdymo skydelyje arba nuotolinio valdymo pulte, kuriame \u012frengtas nuotolinis termostatas, o d\u0117l 10 000 BTU\/h (2,6 kW) v\u0117sinimo galios patalpa veiksmingai v\u0117sinama. Be to, &#8222;Dolceclima Compact 10 SB&#8221; su 360 laipsni\u0173 kampu pasukamais ratukais galima lengvai transportuoti ir perkelti bet kuria kryptimi. D\u0117l integruoto &#8222;Wi-Fi&#8221; visas jo funkcijas galima valdyti ir u\u017e nam\u0173 rib\u0173 &#8211; i\u0161maniuoju telefonu.<\/p>\n<ul>\n<li>Suitable for rooms up to 40 m\u00b2.<\/li>\n<li>Cooling capacity: 2.6 kW.<\/li>\n<li>New generation environmentally friendly refrigerant R290.<\/li>\n<\/ul>\n<p><strong>ADVANTAGES OF THE DOLCECLIMA COMPACT 10 SB AIR CONDITIONER:<\/strong><\/p>\n<ul>\n<li>Class A mobile (portable) air conditioner for indoor cooling.<\/li>\n<li>The new eco-friendly refrigerant R290 guarantees minimal environmental impact.<\/li>\n<li>You can place the air conditioner wherever it is most convenient for you or move it wherever you want, thanks to its compact design: 29cm wide and 70cm high.<\/li>\n<\/ul>\n<p><strong>FEATURES\u00a0<\/strong><\/p>\n<ul>\n<li>A more compact model than the previous COMPACT M series;<\/li>\n<li>The latest generation of mobile air conditioner control panel;<\/li>\n<li>The remote control acts as a remote thermostat, ensuring correct temperature regulation in the area where people are present;<\/li>\n<li>Nominal cooling capacity: 2.6 kW;<\/li>\n<li>Cooling capacity: 10,000 BTU;<\/li>\n<li>Energy efficiency class: A;<\/li>\n<li>Rated cooling efficiency coefficient EER: 2.6;<\/li>\n<li>Maximum dehumidification capacity: 2.6 l\/h;<\/li>\n<li>Charge of environmentally friendly refrigerant R290: 0.13 kg;<\/li>\n<li>Sound pressure level: max dB(A) 64;<\/li>\n<li>Supplied with flexible duct: \u00f8 150 mm, length 1.5 m, nozzles and sliding window seal;<\/li>\n<li>No tank: automatic condensate removal;<\/li>\n<li>Multifunctional remote control;<\/li>\n<li>LCD standard display;<\/li>\n<li>24-hour timer;<\/li>\n<li>Practical side handles;<\/li>\n<li>Wheels.<\/li>\n<\/ul>\n<p><a href=\"https:\/\/orotech.lt\/wp-content\/uploads\/2024\/04\/instrukcija1_DOLCECLIMA_COMPACT_S__SLIM_11-2024_ML.pdf\">Download the manual<\/a>.<\/p>","protected":false},"excerpt":{"rendered":"<p>Suitable for rooms: up to 40 m\u00b2<br \/>\nMax. air flow: 332 m\u00b3\/h<br \/>\nMax. cooling capacity: 2.6 kW<br \/>\nRefrigerant (freon): R290<br \/>\nDevice dimensions: 295 x 705 x 293 mm<\/p>","protected":false},"featured_media":22959,"comment_status":"closed","ping_status":"closed","template":"","meta":[],"product_brand":[],"product_cat":[309,310,529,1165],"product_tag":[],"class_list":{"0":"post-14560","1":"product","2":"type-product","3":"status-publish","4":"has-post-thumbnail","6":"product_cat-vesinimas","7":"product_cat-kondicionieriai","8":"product_cat-mobilus-kondicionieriai","9":"product_cat-testas","11":"first","12":"onbackorder","13":"taxable","14":"shipping-taxable","15":"purchasable","16":"product-type-simple"},"_links":{"self":[{"href":"https:\/\/orotech.lt\/en\/wp-json\/wp\/v2\/product\/14560","targetHints":{"allow":["GET"]}}],"collection":[{"href":"https:\/\/orotech.lt\/en\/wp-json\/wp\/v2\/product"}],"about":[{"href":"https:\/\/orotech.lt\/en\/wp-json\/wp\/v2\/types\/product"}],"replies":[{"embeddable":true,"href":"https:\/\/orotech.lt\/en\/wp-json\/wp\/v2\/comments?post=14560"}],"version-history":[{"count":5,"href":"https:\/\/orotech.lt\/en\/wp-json\/wp\/v2\/product\/14560\/revisions"}],"predecessor-version":[{"id":22964,"href":"https:\/\/orotech.lt\/en\/wp-json\/wp\/v2\/product\/14560\/revisions\/22964"}],"wp:featuredmedia":[{"embeddable":true,"href":"https:\/\/orotech.lt\/en\/wp-json\/wp\/v2\/media\/22959"}],"wp:attachment":[{"href":"https:\/\/orotech.lt\/en\/wp-json\/wp\/v2\/media?parent=14560"}],"wp:term":[{"taxonomy":"product_brand","embeddable":true,"href":"https:\/\/orotech.lt\/en\/wp-json\/wp\/v2\/product_brand?post=14560"},{"taxonomy":"product_cat","embeddable":true,"href":"https:\/\/orotech.lt\/en\/wp-json\/wp\/v2\/product_cat?post=14560"},{"taxonomy":"product_tag","embeddable":true,"href":"https:\/\/orotech.lt\/en\/wp-json\/wp\/v2\/product_tag?post=14560"}],"curies":[{"name":"wp","href":"https:\/\/api.w.org\/{rel}","templated":true}]}}