{"id":14576,"date":"2024-04-10T12:09:03","date_gmt":"2024-04-10T12:09:03","guid":{"rendered":"https:\/\/orotech.lt\/?post_type=product&#038;p=14576"},"modified":"2025-12-24T00:00:09","modified_gmt":"2025-12-24T00:00:09","slug":"air-conditioner-dolceclima-10-hp-wifi","status":"publish","type":"product","link":"https:\/\/orotech.lt\/en\/air-conditioner-dolceclima-10-hp-wifi\/","title":{"rendered":"MOBILE AIR CONDITIONER DOLCECLIMA 12 WIFI + heating"},"content":{"rendered":"<p><strong>MOBILE AIR CONDITIONER &quot;DOLCECLIMA 12 WIFI&quot;<\/strong><\/p>\n<p>Tai ne\u0161iojamasis oro kondicionierius, kuris d\u0117l \u0161ilumos siurblio funkcijos gali v\u0117sinti vasar\u0105 ir \u0161ildyti tarpiniais met\u0173 laikais. \u012erengtas integruotas &#8222;Wi-Fi&#8221;, tod\u0117l visas jo funkcijas galima valdyti net ne i\u0161 nam\u0173, naudojant i\u0161man\u0173j\u012f telefon\u0105. Galingas, efektyvus, universalus ir i\u0161manus.<\/p>\n<ul>\n<li>Suitable for rooms up to 35 m\u00b2.<\/li>\n<li>Cooling capacity: 2.9 kW.<\/li>\n<li>Heating power: 2 kW<\/li>\n<li>New generation environmentally friendly refrigerant R290.<\/li>\n<\/ul>\n<p><strong>ADVANTAGES OF THE DOLCECLIMA 12 WIFI AIR CONDITIONER:<\/strong><\/p>\n<ul>\n<li>Class A mobile (portable) air conditioner for indoor cooling.<\/li>\n<li>The new eco-friendly refrigerant R290 guarantees minimal environmental impact.<\/li>\n<li>You can place the air conditioner wherever it is most convenient for you or move it wherever you want, thanks to its compact design.<\/li>\n<\/ul>\n<p><strong>FEATURES\u00a0<\/strong><\/p>\n<ul>\n<li>A more compact model than the previous COMPACT M series;<\/li>\n<li>The latest generation of mobile air conditioner control panel;<\/li>\n<li>The remote control acts as a remote thermostat, ensuring correct temperature regulation in the area where people are present;<\/li>\n<li>Nominal cooling capacity: 2.9 kW;<\/li>\n<li>Cooling capacity: 12,000 BTU;<\/li>\n<li>Energy efficiency class: A;<\/li>\n<li>Rated cooling efficiency coefficient EER: 2.6;<\/li>\n<li>Maximum dehumidification capacity: 1 l\/h;<\/li>\n<li>Charge of environmentally friendly refrigerant R290: 0.13 kg;<\/li>\n<li>Sound pressure level: max dB (A) 65;<\/li>\n<li>Supplied with flexible duct: \u00f8 150 mm, length 1.5 m, nozzles and sliding window seal;<\/li>\n<li>No tank: automatic condensate removal;<\/li>\n<li>Multifunctional remote control;<\/li>\n<li>LCD standard display;<\/li>\n<li>24-hour timer;<\/li>\n<li>Practical side handles;<\/li>\n<li>Wheels.<\/li>\n<\/ul>\n<p><a href=\"https:\/\/orotech.lt\/wp-content\/uploads\/2024\/04\/instrukcija2_DOLCECLIMA_12WIFI_10-2024_ML.pdf\">Download the manual<\/a>.<\/p>","protected":false},"excerpt":{"rendered":"<p>Suitable for rooms: up to 35 m\u00b2<br \/>\nMax. air flow: 350 m\u00b3\/h<br \/>\nMax. cooling capacity: 2.6 kW<br \/>\nRefrigerant (freon): R290<br \/>\nDevice dimensions: 350 x 705 x 348 mm<\/p>","protected":false},"featured_media":22969,"comment_status":"closed","ping_status":"closed","template":"","meta":[],"product_brand":[],"product_cat":[529,309,310],"product_tag":[],"class_list":{"0":"post-14576","1":"product","2":"type-product","3":"status-publish","4":"has-post-thumbnail","6":"product_cat-mobilus-kondicionieriai","7":"product_cat-vesinimas","8":"product_cat-kondicionieriai","10":"first","11":"onbackorder","12":"taxable","13":"shipping-taxable","14":"purchasable","15":"product-type-simple"},"_links":{"self":[{"href":"https:\/\/orotech.lt\/en\/wp-json\/wp\/v2\/product\/14576","targetHints":{"allow":["GET"]}}],"collection":[{"href":"https:\/\/orotech.lt\/en\/wp-json\/wp\/v2\/product"}],"about":[{"href":"https:\/\/orotech.lt\/en\/wp-json\/wp\/v2\/types\/product"}],"replies":[{"embeddable":true,"href":"https:\/\/orotech.lt\/en\/wp-json\/wp\/v2\/comments?post=14576"}],"version-history":[{"count":4,"href":"https:\/\/orotech.lt\/en\/wp-json\/wp\/v2\/product\/14576\/revisions"}],"predecessor-version":[{"id":22975,"href":"https:\/\/orotech.lt\/en\/wp-json\/wp\/v2\/product\/14576\/revisions\/22975"}],"wp:featuredmedia":[{"embeddable":true,"href":"https:\/\/orotech.lt\/en\/wp-json\/wp\/v2\/media\/22969"}],"wp:attachment":[{"href":"https:\/\/orotech.lt\/en\/wp-json\/wp\/v2\/media?parent=14576"}],"wp:term":[{"taxonomy":"product_brand","embeddable":true,"href":"https:\/\/orotech.lt\/en\/wp-json\/wp\/v2\/product_brand?post=14576"},{"taxonomy":"product_cat","embeddable":true,"href":"https:\/\/orotech.lt\/en\/wp-json\/wp\/v2\/product_cat?post=14576"},{"taxonomy":"product_tag","embeddable":true,"href":"https:\/\/orotech.lt\/en\/wp-json\/wp\/v2\/product_tag?post=14576"}],"curies":[{"name":"wp","href":"https:\/\/api.w.org\/{rel}","templated":true}]}}