{"id":14644,"date":"2024-04-11T13:29:31","date_gmt":"2024-04-11T13:29:31","guid":{"rendered":"https:\/\/orotech.lt\/?post_type=product&#038;p=14644"},"modified":"2025-12-24T00:00:10","modified_gmt":"2025-12-24T00:00:10","slug":"mobile-air-conditioner-dolceclima-brezza-9-extra-quiet","status":"publish","type":"product","link":"https:\/\/orotech.lt\/en\/mobile-air-conditioner-dolceclima-brezza-9-extra-quiet\/","title":{"rendered":"MOBILE AIR CONDITIONER &quot;DOLCECLIMA BREZZA 9 EXTRA QUIET&quot;"},"content":{"rendered":"<p><strong>MOBILE AIR CONDITIONER &quot;DOLCECLIMA BREZZA 9 EXTRA QUIET&quot;<\/strong><\/p>\n<p>Tai tyliausias ne\u0161iojamasis oro kondicionierius i\u0161 Olimpia Splendid asortimento: d\u0117l ypa\u010d tylios sistemos &#8222;Dolceclima Brezza 9 EQ WiFi&#8221; darbinis garsas stovint metro atstumu siekia 58 dB(A). Naudotojo patirtis taip pat puiki: d\u0117l motorizuotos sklend\u0117s su automatiniu pasukimu lengva nukreipti oro sraut\u0105, o priekiniame jutikliniame ekrane galima pa\u017eangiai reguliuoti temperat\u016br\u0105.<\/p>\n<ul>\n<li>Suitable for rooms up to 40 m\u00b2.<\/li>\n<li>Cooling capacity: 2.5 kW.<\/li>\n<li>New generation environmentally friendly refrigerant R290.<\/li>\n<\/ul>\n<p><strong>ADVANTAGES OF THE DOLCECLIMA BREZZA 9 EXTRA QUIET AIR CONDITIONER:<\/strong><\/p>\n<ul>\n<li>Class A mobile (portable) air conditioner for indoor cooling.<\/li>\n<li>The new eco-friendly refrigerant R290 guarantees minimal environmental impact.<\/li>\n<li>The quietest in its category.<\/li>\n<\/ul>\n<p><strong>FEATURES\u00a0<\/strong><\/p>\n<ul>\n<li>The quietest in its category;<\/li>\n<li>The latest generation of mobile air conditioner control panel;<\/li>\n<li>The remote control acts as a remote thermostat, ensuring correct temperature regulation in the area where people are present;<\/li>\n<li>Nominal cooling capacity: 2.5 kW;<\/li>\n<li>Cooling capacity: 9,000 BTU;<\/li>\n<li>Energy efficiency class: A;<\/li>\n<li>Rated cooling efficiency coefficient EER: 2.6;<\/li>\n<li>Maximum dehumidification capacity: 1.4 l\/h;<\/li>\n<li>Charge of environmentally friendly refrigerant R290: 0.2 kg;<\/li>\n<li>Sound pressure level: max dB (A) 45;<\/li>\n<li>Supplied with flexible duct: \u00f8 150 mm, length 1.5 m, nozzles and sliding window seal;<\/li>\n<li>No tank: automatic condensate removal;<\/li>\n<li>Multifunctional remote control;<\/li>\n<li>LCD standard display;<\/li>\n<li>24-hour timer;<\/li>\n<li>Practical side handles;<\/li>\n<li>Wheels.<\/li>\n<\/ul>\n<p><a href=\"https:\/\/orotech.lt\/wp-content\/uploads\/2024\/04\/7514_Dolceclima_Brezza_9_EQ_WIFI_EN.pdf\">Download the manual<\/a>.<\/p>","protected":false},"excerpt":{"rendered":"<p>for rooms: up to 40 m\u00b2<br \/>\nMax. air flow: 300 m\u00b3\/h<br \/>\nMax. cooling capacity: 2.5 kW<br \/>\nRefrigerant (freon): R290<br \/>\nDevice dimensions: 430 x 683 x 357 mm<\/p>","protected":false},"featured_media":14632,"comment_status":"closed","ping_status":"closed","template":"","meta":[],"product_brand":[],"product_cat":[309,310,529],"product_tag":[],"class_list":{"0":"post-14644","1":"product","2":"type-product","3":"status-publish","4":"has-post-thumbnail","6":"product_cat-vesinimas","7":"product_cat-kondicionieriai","8":"product_cat-mobilus-kondicionieriai","10":"first","11":"onbackorder","12":"taxable","13":"shipping-taxable","14":"purchasable","15":"product-type-simple"},"_links":{"self":[{"href":"https:\/\/orotech.lt\/en\/wp-json\/wp\/v2\/product\/14644","targetHints":{"allow":["GET"]}}],"collection":[{"href":"https:\/\/orotech.lt\/en\/wp-json\/wp\/v2\/product"}],"about":[{"href":"https:\/\/orotech.lt\/en\/wp-json\/wp\/v2\/types\/product"}],"replies":[{"embeddable":true,"href":"https:\/\/orotech.lt\/en\/wp-json\/wp\/v2\/comments?post=14644"}],"version-history":[{"count":2,"href":"https:\/\/orotech.lt\/en\/wp-json\/wp\/v2\/product\/14644\/revisions"}],"predecessor-version":[{"id":14989,"href":"https:\/\/orotech.lt\/en\/wp-json\/wp\/v2\/product\/14644\/revisions\/14989"}],"wp:featuredmedia":[{"embeddable":true,"href":"https:\/\/orotech.lt\/en\/wp-json\/wp\/v2\/media\/14632"}],"wp:attachment":[{"href":"https:\/\/orotech.lt\/en\/wp-json\/wp\/v2\/media?parent=14644"}],"wp:term":[{"taxonomy":"product_brand","embeddable":true,"href":"https:\/\/orotech.lt\/en\/wp-json\/wp\/v2\/product_brand?post=14644"},{"taxonomy":"product_cat","embeddable":true,"href":"https:\/\/orotech.lt\/en\/wp-json\/wp\/v2\/product_cat?post=14644"},{"taxonomy":"product_tag","embeddable":true,"href":"https:\/\/orotech.lt\/en\/wp-json\/wp\/v2\/product_tag?post=14644"}],"curies":[{"name":"wp","href":"https:\/\/api.w.org\/{rel}","templated":true}]}}