{"id":14647,"date":"2024-04-11T14:13:16","date_gmt":"2024-04-11T14:13:16","guid":{"rendered":"https:\/\/orotech.lt\/?post_type=product&#038;p=14647"},"modified":"2024-05-28T09:45:36","modified_gmt":"2024-05-28T09:45:36","slug":"air-cooler-peler-4d","status":"publish","type":"product","link":"https:\/\/orotech.lt\/en\/air-cooler-peler-4d\/","title":{"rendered":"Air cooler PELER 4D"},"content":{"rendered":"<p><strong>AIR COOLER &quot;PELER 4D&quot;<\/strong><\/p>\n<p>I\u0161kart juntama v\u0117s\u0105, be joki\u0173 pastang\u0173. &#8222;Peler 4D&#8221; yra itin kompakti\u0161kas oro v\u0117sintuvas, kur\u012f galite pastatyti ma\u017eose patalpose ir lengvai valdyti jutiklinio ekrano skydeliu ir standartiniu nuotolinio valdymo pulteliu. O kuomet baigiasi vanduo, bakelio nereikia i\u0161imti rezervuaro, j\u012f itin lengva papildyti.<\/p>\n<ul>\n<li>Suitable for rooms up to 12 m\u00b2.<\/li>\n<li>Air flow: 350 m\u00b3\/h<\/li>\n<li>Water tank capacity: 4 l<\/li>\n<li>Built-in timer: 1-8 hours<\/li>\n<\/ul>\n<p><strong>FEATURES\u00a0<\/strong><\/p>\n<ul>\n<li>3 ventilation speeds;<\/li>\n<li>3 operating modes;<\/li>\n<li>Latest generation touch control panel;<\/li>\n<li>Water tank capacity: 4l;<\/li>\n<li>Integrated timer: up to 8 hours;<\/li>\n<li>An ice box is included in the package;<\/li>\n<li>Remote control option;<\/li>\n<li>Casters<\/li>\n<\/ul>\n<p><a href=\"https:\/\/orotech.lt\/wp-content\/uploads\/2024\/04\/6513_Peler_4D_EN.pdf\">Download the manual<\/a>.<\/p>","protected":false},"excerpt":{"rendered":"<p>Suitable for rooms: up to 12 m\u00b2<br \/>\nMax. air flow: 350 m\u00b3\/h<br \/>\nWater tank capacity: 4l<br \/>\nDevice dimensions: 235 x 610 x 260 mm<\/p>","protected":false},"featured_media":14648,"comment_status":"closed","ping_status":"closed","template":"","meta":[],"product_brand":[],"product_cat":[309,312],"product_tag":[],"class_list":{"0":"post-14647","1":"product","2":"type-product","3":"status-publish","4":"has-post-thumbnail","6":"product_cat-vesinimas","7":"product_cat-oro-vesintuvai","9":"first","10":"instock","11":"sale","12":"taxable","13":"shipping-taxable","14":"purchasable","15":"product-type-simple"},"_links":{"self":[{"href":"https:\/\/orotech.lt\/en\/wp-json\/wp\/v2\/product\/14647","targetHints":{"allow":["GET"]}}],"collection":[{"href":"https:\/\/orotech.lt\/en\/wp-json\/wp\/v2\/product"}],"about":[{"href":"https:\/\/orotech.lt\/en\/wp-json\/wp\/v2\/types\/product"}],"replies":[{"embeddable":true,"href":"https:\/\/orotech.lt\/en\/wp-json\/wp\/v2\/comments?post=14647"}],"version-history":[{"count":1,"href":"https:\/\/orotech.lt\/en\/wp-json\/wp\/v2\/product\/14647\/revisions"}],"predecessor-version":[{"id":14655,"href":"https:\/\/orotech.lt\/en\/wp-json\/wp\/v2\/product\/14647\/revisions\/14655"}],"wp:featuredmedia":[{"embeddable":true,"href":"https:\/\/orotech.lt\/en\/wp-json\/wp\/v2\/media\/14648"}],"wp:attachment":[{"href":"https:\/\/orotech.lt\/en\/wp-json\/wp\/v2\/media?parent=14647"}],"wp:term":[{"taxonomy":"product_brand","embeddable":true,"href":"https:\/\/orotech.lt\/en\/wp-json\/wp\/v2\/product_brand?post=14647"},{"taxonomy":"product_cat","embeddable":true,"href":"https:\/\/orotech.lt\/en\/wp-json\/wp\/v2\/product_cat?post=14647"},{"taxonomy":"product_tag","embeddable":true,"href":"https:\/\/orotech.lt\/en\/wp-json\/wp\/v2\/product_tag?post=14647"}],"curies":[{"name":"wp","href":"https:\/\/api.w.org\/{rel}","templated":true}]}}