{"id":14656,"date":"2024-04-11T14:42:25","date_gmt":"2024-04-11T14:42:25","guid":{"rendered":"https:\/\/orotech.lt\/?post_type=product&#038;p=14656"},"modified":"2024-06-08T13:10:45","modified_gmt":"2024-06-08T13:10:45","slug":"air-cooler-peler-6c-ionization","status":"publish","type":"product","link":"https:\/\/orotech.lt\/en\/air-cooler-peler-6c-ionization\/","title":{"rendered":"Air cooler PELER 6C + ionization"},"content":{"rendered":"<p><strong>AIR COOLER &quot;PELER 6C&quot;<\/strong><\/p>\n<p>Patogumas ir stilius. &#8222;P\u00e8ler 6C&#8221; &#8211; tai \u0161vari\u0173 ir minimalistini\u0173 form\u0173 oro v\u0117sintuvas su matiniais pavir\u0161iais ir LED jutikliniu ekranu. Dizainas ir technologijos derinamos su maksimaliai paprastu naudojimu: rezervuaras i\u0161imamas, ta\u010diau j\u012f taip pat galima pripildyti i\u0161 vir\u0161aus ar apa\u010dios nei\u0161imant.<\/p>\n<ul>\n<li>Suitable for rooms up to 18 m\u00b2.<\/li>\n<li>Air flow: 450 m\u00b3\/h<\/li>\n<li>Water tank capacity: 6 l<\/li>\n<li>Built-in timer: 1-12 hours<\/li>\n<li>Air purification: ionization<\/li>\n<\/ul>\n<p><strong>FEATURES\u00a0<\/strong><\/p>\n<ul>\n<li>3 ventilation speeds;<\/li>\n<li>3 operating modes;<\/li>\n<li>Latest generation touch control panel;<\/li>\n<li>Water tank capacity: 6l;<\/li>\n<li>Integrated timer: up to 12 hours;<\/li>\n<li>An ice box is included in the package;<\/li>\n<li>Convenient remote control;<\/li>\n<li>Dust filter;<\/li>\n<li>Integrated ionization function for air purification;<\/li>\n<li>Wheels.<\/li>\n<\/ul>\n<p><a href=\"https:\/\/orotech.lt\/wp-content\/uploads\/2024\/04\/6514_Peler_6C_EN.pdf\">Download the manual<\/a>.<\/p>","protected":false},"excerpt":{"rendered":"<p>Suitable for rooms: up to 18 m\u00b2<br \/>\nMax. air flow: 450 m\u00b3\/h<br \/>\nWater tank capacity: 6l<br \/>\nDevice dimensions: 260 x 700 x 260 mm<\/p>\n<p>&nbsp;<\/p>","protected":false},"featured_media":14657,"comment_status":"closed","ping_status":"closed","template":"","meta":[],"product_brand":[],"product_cat":[309,312],"product_tag":[],"class_list":{"0":"post-14656","1":"product","2":"type-product","3":"status-publish","4":"has-post-thumbnail","6":"product_cat-vesinimas","7":"product_cat-oro-vesintuvai","9":"first","10":"onbackorder","11":"sale","12":"taxable","13":"shipping-taxable","14":"purchasable","15":"product-type-simple"},"_links":{"self":[{"href":"https:\/\/orotech.lt\/en\/wp-json\/wp\/v2\/product\/14656","targetHints":{"allow":["GET"]}}],"collection":[{"href":"https:\/\/orotech.lt\/en\/wp-json\/wp\/v2\/product"}],"about":[{"href":"https:\/\/orotech.lt\/en\/wp-json\/wp\/v2\/types\/product"}],"replies":[{"embeddable":true,"href":"https:\/\/orotech.lt\/en\/wp-json\/wp\/v2\/comments?post=14656"}],"version-history":[{"count":1,"href":"https:\/\/orotech.lt\/en\/wp-json\/wp\/v2\/product\/14656\/revisions"}],"predecessor-version":[{"id":14663,"href":"https:\/\/orotech.lt\/en\/wp-json\/wp\/v2\/product\/14656\/revisions\/14663"}],"wp:featuredmedia":[{"embeddable":true,"href":"https:\/\/orotech.lt\/en\/wp-json\/wp\/v2\/media\/14657"}],"wp:attachment":[{"href":"https:\/\/orotech.lt\/en\/wp-json\/wp\/v2\/media?parent=14656"}],"wp:term":[{"taxonomy":"product_brand","embeddable":true,"href":"https:\/\/orotech.lt\/en\/wp-json\/wp\/v2\/product_brand?post=14656"},{"taxonomy":"product_cat","embeddable":true,"href":"https:\/\/orotech.lt\/en\/wp-json\/wp\/v2\/product_cat?post=14656"},{"taxonomy":"product_tag","embeddable":true,"href":"https:\/\/orotech.lt\/en\/wp-json\/wp\/v2\/product_tag?post=14656"}],"curies":[{"name":"wp","href":"https:\/\/api.w.org\/{rel}","templated":true}]}}