{"id":14682,"date":"2024-04-12T09:14:42","date_gmt":"2024-04-12T09:14:42","guid":{"rendered":"https:\/\/orotech.lt\/?post_type=product&#038;p=14682"},"modified":"2024-05-28T09:43:26","modified_gmt":"2024-05-28T09:43:26","slug":"air-cooler-peler-20","status":"publish","type":"product","link":"https:\/\/orotech.lt\/en\/air-cooler-peler-20\/","title":{"rendered":"Air cooler PELER 20"},"content":{"rendered":"<p><strong>AIR COOLER &quot;PELER 20&quot;<\/strong><\/p>\n<p>Su &#8222;Peler 20&#8221; v\u0117sinkite didelius plotus be joki\u0173 r\u016bpes\u010di\u0173. Prakti\u0161ka ir naujovi\u0161ka technologija, bakel\u012f galima lengvai pripildyti be i\u0161traukimo, per vir\u0161utin\u012f skyri\u0173. Peler 20 galima naudoti kaip oro v\u0117sintuv\u0105 arba ventiliatori\u0173.<\/p>\n<ul>\n<li>Suitable for rooms up to 30 m\u00b2.<\/li>\n<li>Air flow: 600 m\u00b3\/h<\/li>\n<li>Water tank capacity: 20 l<\/li>\n<li>Built-in timer: 1-8 hours<\/li>\n<\/ul>\n<p><strong>FEATURES\u00a0<\/strong><\/p>\n<ul>\n<li>4 ventilation speeds;<\/li>\n<li>4 operating modes;<\/li>\n<li>Ventilation speed of up to 9m\/s<\/li>\n<li>Latest generation touch control panel;<\/li>\n<li>Water tank capacity: 20l;<\/li>\n<li>Integrated timer: up to 8 hours;<\/li>\n<li>Multifunctional remote control: speed, horizontal flap swing and silent mode;<\/li>\n<li>Dust filter;<\/li>\n<li>Wheels.<\/li>\n<\/ul>\n<p><a href=\"https:\/\/orotech.lt\/wp-content\/uploads\/2024\/04\/5997_Peler_20_EN.pdf\">Download the manual<\/a>.<\/p>","protected":false},"excerpt":{"rendered":"<p>Suitable for rooms: up to 30 m\u00b2<br \/>\nMax. air flow: 600 m\u00b3\/h<br \/>\nWater tank capacity: 20l<br \/>\nDevice dimensions: 342 x 897 x 390 mm<\/p>","protected":false},"featured_media":14683,"comment_status":"closed","ping_status":"closed","template":"","meta":[],"product_brand":[],"product_cat":[309,312],"product_tag":[],"class_list":{"0":"post-14682","1":"product","2":"type-product","3":"status-publish","4":"has-post-thumbnail","6":"product_cat-vesinimas","7":"product_cat-oro-vesintuvai","9":"first","10":"onbackorder","11":"sale","12":"taxable","13":"shipping-taxable","14":"purchasable","15":"product-type-simple"},"_links":{"self":[{"href":"https:\/\/orotech.lt\/en\/wp-json\/wp\/v2\/product\/14682","targetHints":{"allow":["GET"]}}],"collection":[{"href":"https:\/\/orotech.lt\/en\/wp-json\/wp\/v2\/product"}],"about":[{"href":"https:\/\/orotech.lt\/en\/wp-json\/wp\/v2\/types\/product"}],"replies":[{"embeddable":true,"href":"https:\/\/orotech.lt\/en\/wp-json\/wp\/v2\/comments?post=14682"}],"version-history":[{"count":1,"href":"https:\/\/orotech.lt\/en\/wp-json\/wp\/v2\/product\/14682\/revisions"}],"predecessor-version":[{"id":14688,"href":"https:\/\/orotech.lt\/en\/wp-json\/wp\/v2\/product\/14682\/revisions\/14688"}],"wp:featuredmedia":[{"embeddable":true,"href":"https:\/\/orotech.lt\/en\/wp-json\/wp\/v2\/media\/14683"}],"wp:attachment":[{"href":"https:\/\/orotech.lt\/en\/wp-json\/wp\/v2\/media?parent=14682"}],"wp:term":[{"taxonomy":"product_brand","embeddable":true,"href":"https:\/\/orotech.lt\/en\/wp-json\/wp\/v2\/product_brand?post=14682"},{"taxonomy":"product_cat","embeddable":true,"href":"https:\/\/orotech.lt\/en\/wp-json\/wp\/v2\/product_cat?post=14682"},{"taxonomy":"product_tag","embeddable":true,"href":"https:\/\/orotech.lt\/en\/wp-json\/wp\/v2\/product_tag?post=14682"}],"curies":[{"name":"wp","href":"https:\/\/api.w.org\/{rel}","templated":true}]}}