{"id":14689,"date":"2024-04-12T11:49:39","date_gmt":"2024-04-12T11:49:39","guid":{"rendered":"https:\/\/orotech.lt\/?post_type=product&#038;p=14689"},"modified":"2025-04-27T14:26:31","modified_gmt":"2025-04-27T14:26:31","slug":"air-purifier-aura-absolute-ionization-uv-c","status":"publish","type":"product","link":"https:\/\/orotech.lt\/en\/air-purifier-aura-absolute-ionization-uv-c\/","title":{"rendered":"Air purifier AURA ABSOLUTE + ionization + UV-C"},"content":{"rendered":"<p><strong>AURA ABSOLUTE \u2013 A PRACTICAL AND COMPACT AIR PURIFIER WITH HEPA 14 FILTER.<br \/>\n<\/strong><\/p>\n<p>Unikalus valytuvas: &#8222;Aura Absolute&#8221; realiuoju laiku analizuoja oro kokyb\u0119, savaranki\u0161kai reguliuoja veiksming\u0105 valym\u0105 ir prane\u0161a duomenis 4 spalv\u0173 indikatoriumi. D\u0117l HEPA 14 filtro jis taip pat u\u017etikrina 99,99 proc. veiksmingum\u0105, kad b\u016bt\u0173 pa\u0161alintos dalel\u0117s iki 0,3 mikrono. \u012erenginys kirtas sveikai ir visi\u0161kai i\u0161valyti patalpos or\u0105 nuo dulki\u0173, \u017eiedadulki\u0173, toksin\u0173 (cigare\u010di\u0173 d\u016bm\u0173), gyv\u016bn\u0173 pleiskan\u0173, pel\u0117sio spor\u0173, laki\u0173j\u0173 organini\u0173 jungini\u0173 ir \u012fvairi\u0173 buiti\u0161k\u0173 kvap\u0173.<\/p>\n<p>\u0160is puikaus itali\u0161ko dizaino ir auk\u0161tos kokyb\u0117s oro valytuvas gali Jums pad\u0117ti i\u0161vengti kv\u0117pavimo tak\u0173 problem\u0173, kurias gali sukelti virusai, bakterijos ir visi kiti alergenai. Tai labai geras oro kokyb\u0117s problem\u0173 sprendimas tiek biure tiek nam\u0173 aplinkoje, ypatingai turintiems alergij\u0173. \u012erang\u0105 papildo UV-C lempa, jonizatorius, &#8222;Wi-Fi&#8221; ir balso komanda.<\/p>\n<p><strong>ADVANTAGES<\/strong><\/p>\n<p><strong>HEPA 14 FILTER<\/strong><\/p>\n<ul>\n<li>In addition to the pre-filter and activated carbon filter, the air purifier has a Hepa 14 filter, which is one of the most effective filters in the world - it purifies the air from the smallest airborne particles: dust, mold spores, pollen, viruses, bacteria. It destroys up to 99.971% of harmful substances, even down to 0.3 microns in size.<\/li>\n<\/ul>\n<p><strong>UV-C LAMP AND IONIZER<\/strong><\/p>\n<ul>\n<li>UV germicidal lamp - effectively and irreversibly disinfects bacteria, viruses, mold, fungi and all other microorganisms. Ionizer restores the balance of positive and negative ions in the room.<\/li>\n<\/ul>\n<p><strong>ERGONOMIC DESIGN<\/strong><\/p>\n<ul>\n<li>Easy to transport thanks to the top handle and extremely compact design.<\/li>\n<\/ul>\n<p><strong>WI-FI AND VOICE CONTROL<\/strong><\/p>\n<ul>\n<li>Smart thanks to built-in Wi-Fi and the ability to control with voice commands or using a dedicated app.<\/li>\n<\/ul>\n<p><strong>FEATURES<\/strong><\/p>\n<ul>\n<li>Room area: 50m\u00b2.<\/li>\n<li>Power: 70 W.<\/li>\n<li>Filter operating life: up to 4320 hours.<\/li>\n<li>12 hour timer.<\/li>\n<li>Noise level: from 27 to 54 dBA.<\/li>\n<li>CADR: 423 m\u00b3\/h.<\/li>\n<li>Weight: 9.6 kg.<\/li>\n<li>Dimensions: 445 x 680 x 238 mm.<\/li>\n<li>UV germicidal lamp and ionizer.<\/li>\n<li>3 filtration levels: pre-filter, activated carbon filter, hepa 14 filter.<\/li>\n<li>Digital control.<\/li>\n<li>Digital indication of particulate matter concentration.<\/li>\n<li>4-color air quality sensor.<\/li>\n<li>Sleep, turbo and auto function.<\/li>\n<li>An indicator that informs you when to change the filter.<\/li>\n<li>Easy maintenance.<\/li>\n<\/ul>\n<p><a href=\"https:\/\/orotech.lt\/wp-content\/uploads\/2024\/04\/7208_EN22_Aura_Absolute.pdf\">Download the manual<\/a>.<\/p>","protected":false},"excerpt":{"rendered":"<div class=\" attribute product-attribute product-attribute-slug-manufacturers\" data-attribute-slug=\"MANUFACTURERS\" data-attribute-name=\"Gamintojas\" data-attribute-values=\"[&quot;OLIMPIA SPLENDID&quot;]\">\n<div class=\"clear\">Tinkamas patalpoms: 50m2<\/div>\n<\/div>\n<div class=\"bt1 attribute product-attribute \" data-attribute-slug=\"\" data-attribute-name=\"Pagal patalpos plot\u0105 (m\u00b2)\" data-attribute-values=\"[&quot;Iki 20&quot;]\">\n<div class=\"clear\">Triuk\u0161mo lygis: 27-54dBA<\/div>\n<\/div>\n<div class=\"bt1 attribute product-attribute \" data-attribute-slug=\"\" data-attribute-name=\"Sausinimo na\u0161umas (l \/24 val)\" data-attribute-values=\"[&quot;10&quot;]\">\n<div class=\"product-attribute-name c5 vv pr\">Filtro tarnavimo laikas: 4320 h<br \/>\nFiltravimo sistema: 5 filtravimo pakopos, HEPA filtras, jonizacija, UV-C<br \/>\nMatmenys (mm): 445 x 680 x 238 mm<br \/>\nSvoris (kg): 9.6<\/div>\n<\/div>\n","protected":false},"featured_media":14690,"comment_status":"closed","ping_status":"closed","template":"","meta":[],"product_brand":[],"product_cat":[315,321],"product_tag":[],"class_list":{"0":"post-14689","1":"product","2":"type-product","3":"status-publish","4":"has-post-thumbnail","6":"product_cat-oro-valytuvai","7":"product_cat-namams-ir-biurams-oro-valytuvai","9":"first","10":"onbackorder","11":"sale","12":"taxable","13":"shipping-taxable","14":"purchasable","15":"product-type-simple"},"_links":{"self":[{"href":"https:\/\/orotech.lt\/en\/wp-json\/wp\/v2\/product\/14689","targetHints":{"allow":["GET"]}}],"collection":[{"href":"https:\/\/orotech.lt\/en\/wp-json\/wp\/v2\/product"}],"about":[{"href":"https:\/\/orotech.lt\/en\/wp-json\/wp\/v2\/types\/product"}],"replies":[{"embeddable":true,"href":"https:\/\/orotech.lt\/en\/wp-json\/wp\/v2\/comments?post=14689"}],"version-history":[{"count":2,"href":"https:\/\/orotech.lt\/en\/wp-json\/wp\/v2\/product\/14689\/revisions"}],"predecessor-version":[{"id":14698,"href":"https:\/\/orotech.lt\/en\/wp-json\/wp\/v2\/product\/14689\/revisions\/14698"}],"wp:featuredmedia":[{"embeddable":true,"href":"https:\/\/orotech.lt\/en\/wp-json\/wp\/v2\/media\/14690"}],"wp:attachment":[{"href":"https:\/\/orotech.lt\/en\/wp-json\/wp\/v2\/media?parent=14689"}],"wp:term":[{"taxonomy":"product_brand","embeddable":true,"href":"https:\/\/orotech.lt\/en\/wp-json\/wp\/v2\/product_brand?post=14689"},{"taxonomy":"product_cat","embeddable":true,"href":"https:\/\/orotech.lt\/en\/wp-json\/wp\/v2\/product_cat?post=14689"},{"taxonomy":"product_tag","embeddable":true,"href":"https:\/\/orotech.lt\/en\/wp-json\/wp\/v2\/product_tag?post=14689"}],"curies":[{"name":"wp","href":"https:\/\/api.w.org\/{rel}","templated":true}]}}