{"id":15200,"date":"2024-05-23T06:00:13","date_gmt":"2024-05-23T06:00:13","guid":{"rendered":"https:\/\/orotech.lt\/postalinis-koju-pedu-sildytuvas-myso\/"},"modified":"2026-01-08T00:13:42","modified_gmt":"2026-01-08T00:13:42","slug":"myso-portable-foot-warmer","status":"publish","type":"product","link":"https:\/\/orotech.lt\/en\/myso-portable-foot-warmer\/","title":{"rendered":"Postal leg\/foot warmer MySo"},"content":{"rendered":"<p style=\"text-align: justify;\"><span style=\"text-align: justify;\">This heater is designed to warm feet and legs at home or in the office. It can also serve as an additional heating device in small rooms. It is particularly convenient to use due to its wide installation options - attach it under the tabletop, on the back wall of the table or simply use it to warm your feet by placing it on the ground.<\/span><\/p>\n<p><img decoding=\"async\" src=\"https:\/\/i.imgur.com\/0OBMa18.png\" alt=\"\" title=\"\"><\/p>\n<p style=\"text-align: justify;\"><strong>COZY WARMTH.\u00a0<\/strong>This heater is ideal for additional heating of a seated workstation. Heating your feet under the table will create a cozy environment, even if the air in the room around is cool.<\/p>\n<p style=\"text-align: justify;\"><strong>PRACTICAL AND COMFORTABLE.\u00a0<\/strong>The heater is designed for comfortable use - you don&#039;t need to take off your shoes, and you can simply wipe the surface with a damp cloth after the heater has cooled down.<\/p>\n<p style=\"text-align: justify;\"><strong>EFFICIENT AND FAST.\u00a0<\/strong>Once you turn on the device, you won&#039;t have to wait long for the heat to come on; in just 15 minutes, the heater reaches a temperature of 50\u00b0C.<\/p>\n<p style=\"text-align: justify;\"><strong>ECONOMICAL AND SUSTAINABLE. <\/strong>Electricity is used extremely economically.<\/p>\n<p style=\"text-align: justify;\"><strong>Technical information:<\/strong><\/p>\n<ul>\n<li style=\"text-align: justify;\">Heating power: 50 W;<\/li>\n<li style=\"text-align: justify;\">Power supply 220V \/ 50Hz;<\/li>\n<li style=\"text-align: justify;\">Max. operating temperature: 50 \u00b0C;<\/li>\n<li style=\"text-align: justify;\">Heater dimensions: 335 x 485 x 30 mm;<\/li>\n<li style=\"text-align: justify;\">Heater weight: 3 kg.<\/li>\n<\/ul>\n<p style=\"text-align: justify;\"><strong>The color of the heater may not match the one shown in the photos.<\/strong><\/p>","protected":false},"excerpt":{"rendered":"<p>\u0160is \u0161ildytuvas yra skirtas p\u0117d\u0173 ir koj\u0173 \u0161ildymui namuose ar biure. Taip pat gali tarnauti kaip papildomas \u0161ildymo prietaisas ma\u017eose<\/p>","protected":false},"featured_media":1793,"comment_status":"closed","ping_status":"closed","template":"","meta":[],"product_brand":[],"product_cat":[302,303],"product_tag":[],"class_list":{"0":"post-15200","1":"product","2":"type-product","3":"status-publish","4":"has-post-thumbnail","6":"product_cat-sildymas","7":"product_cat-infraraudonuju-spinduliu-sildytuvai","8":"pa_pavadinimas-pedu-sildytuvas-myso","10":"first","11":"onbackorder","12":"taxable","13":"shipping-taxable","14":"purchasable","15":"product-type-variable"},"_links":{"self":[{"href":"https:\/\/orotech.lt\/en\/wp-json\/wp\/v2\/product\/15200","targetHints":{"allow":["GET"]}}],"collection":[{"href":"https:\/\/orotech.lt\/en\/wp-json\/wp\/v2\/product"}],"about":[{"href":"https:\/\/orotech.lt\/en\/wp-json\/wp\/v2\/types\/product"}],"replies":[{"embeddable":true,"href":"https:\/\/orotech.lt\/en\/wp-json\/wp\/v2\/comments?post=15200"}],"version-history":[{"count":1,"href":"https:\/\/orotech.lt\/en\/wp-json\/wp\/v2\/product\/15200\/revisions"}],"predecessor-version":[{"id":15349,"href":"https:\/\/orotech.lt\/en\/wp-json\/wp\/v2\/product\/15200\/revisions\/15349"}],"wp:featuredmedia":[{"embeddable":true,"href":"https:\/\/orotech.lt\/en\/wp-json\/wp\/v2\/media\/1793"}],"wp:attachment":[{"href":"https:\/\/orotech.lt\/en\/wp-json\/wp\/v2\/media?parent=15200"}],"wp:term":[{"taxonomy":"product_brand","embeddable":true,"href":"https:\/\/orotech.lt\/en\/wp-json\/wp\/v2\/product_brand?post=15200"},{"taxonomy":"product_cat","embeddable":true,"href":"https:\/\/orotech.lt\/en\/wp-json\/wp\/v2\/product_cat?post=15200"},{"taxonomy":"product_tag","embeddable":true,"href":"https:\/\/orotech.lt\/en\/wp-json\/wp\/v2\/product_tag?post=15200"}],"curies":[{"name":"wp","href":"https:\/\/api.w.org\/{rel}","templated":true}]}}