{"id":20640,"date":"2025-02-01T06:00:17","date_gmt":"2025-02-01T06:00:17","guid":{"rendered":"https:\/\/orotech.lt\/aukstos-apsaugos-klases-halogeninis-infraraudonuju-spinduliu-sildytuvas-helios-radiant-safe-industry-atex\/"},"modified":"2025-09-09T06:06:36","modified_gmt":"2025-09-09T06:06:36","slug":"high-protection-class-halogen-infrared-heater-helios-radiant-safe-industry-atex","status":"publish","type":"product","link":"https:\/\/orotech.lt\/en\/high-protection-class-halogen-infrared-heater-helios-radiant-safe-industry-atex\/","title":{"rendered":"Auk\u0161tos apsaugos klas\u0117s halogeninis infraraudon\u0173j\u0173 spinduli\u0173 \u0161ildytuvas HELIOS RADIANT SAFE INDUSTRY [ATEX]"},"content":{"rendered":"<p style=\"text-align: justify;\"><span style=\"text-align: justify;\">Infrared heaters &quot;SAFE INDUSTRY&quot; are characterized by <\/span><strong style=\"text-align: justify;\">highest protection class<\/strong><span style=\"text-align: justify;\"> (IP66) of this type of heater on the market. This product is granted <\/span><strong style=\"text-align: justify;\">ATEX certificate<\/strong><span style=\"text-align: justify;\">.<\/span><\/p>\n<p style=\"text-align: justify;\"><strong>ADVANTAGES:<\/strong><\/p>\n<ul>\n<li>\n\t\tProfessional IR heaters, the quality, efficiency and functionality of which have been appreciated by hundreds of industrial and private customers in Lithuania;<\/li>\n<li>\n\t\tIntegrated special halogen heating elements are maintenance-free and heat efficiently for more than 7,000 hours;<\/li>\n<li>\n\t\tThe heating element is replaceable, so you won&#039;t have to buy a new heater if the element stops heating;<\/li>\n<li>\n\t\tReflectors that effectively direct heat at the right angle are made of the highest quality materials;<\/li>\n<li>\n\t\tUsing heaters to heat individual zones can save up to 70% in heating energy and costs.<\/li>\n<\/ul>\n<p style=\"text-align: justify;\"><strong><span><span>Technical information:<\/span><\/span><\/strong><\/p>\n<ul>\n<li style=\"text-align: justify;\">\n\t\t<strong><span><span>Protection class: IP66;<\/span><\/span><\/strong><\/li>\n<li style=\"text-align: justify;\">\n\t\t<span><span>Housing material: cast iron;<\/span><\/span><\/li>\n<li style=\"text-align: justify;\">\n\t\t<span><span>Stainless steel safety valve;<\/span><\/span><\/li>\n<li style=\"text-align: justify;\">\n\t\tHeating power: 1500 \/ 2000 W;<\/li>\n<li style=\"text-align: justify;\">\n\t\tHeated area: \u00b1 10 m<sup>2<\/sup> \/ \u00b1 12 m<sup>2<\/sup>;<\/li>\n<li style=\"text-align: justify;\">\n\t\tDimensions: 530 x 330 x 200 mm;<\/li>\n<li style=\"text-align: justify;\">\n\t\tSuspension height: 2.5 \u2013 3 m;<\/li>\n<li style=\"text-align: justify;\">\n\t\tWeight: 9 kg.<\/li>\n<\/ul>\n<p style=\"text-align: justify;\"><span><span>This is a product that meets the highest requirements. It is completely <strong>airtight and safe<\/strong> heater. The design of this heater guarantees <strong>maximum fire protection<\/strong> and ensures that the desired objects, people or animals do not freeze even in extremely cold conditions. This heater is resistant to rain, moisture, water splashes or dust. It <strong>does not burn oxygen<\/strong>, reduces humidity in rooms, and is also <strong>easy to install<\/strong> on the wall or with chains on the ceiling.&nbsp;<\/span><\/span><span><span>The product is intended for industrial, agricultural, livestock or poultry farming sectors - those looking for maximum heat effect at an affordable price. Comes with protective glass and 1.5 m. long cable.<\/span><\/span><\/p>\n<p style=\"text-align: center;\"><iframe allow=\"accelerometer; autoplay; clipboard-write; encrypted-media; gyroscope; picture-in-picture\" allowfullscreen=\"\" frameborder=\"0\" height=\"315\" src=\"https:\/\/www.youtube.com\/embed\/eUj-9i3Zsv8\" width=\"560\"><\/iframe><\/p>\n<p style=\"text-align: justify;\"><a class=\"catalogue\" href=\"https:\/\/www.rubisolis.lt\/failai\/files\/produktu%20pdf\/HELIOS%20SAFE%20INDUSTRY%20instrukcija.pdf\" target=\"blank\" rel=\"noopener nofollow\">Download product manual <\/a><\/p>","protected":false},"excerpt":{"rendered":"<p>Infrared heaters &quot;SAFE INDUSTRY&quot; have the highest protection class (IP66) of this type of heater on the market. This product is ATEX certified<\/p>","protected":false},"featured_media":1868,"comment_status":"closed","ping_status":"open","template":"","meta":[],"product_brand":[],"product_cat":[],"product_tag":[535],"class_list":{"0":"post-20640","1":"product","2":"type-product","3":"status-publish","4":"has-post-thumbnail","6":"product_tag-naujiena","7":"pa_pavadinimas-sildytuvas-safe-industry-ip66-1500w","8":"pa_pavadinimas-sildytuvas-safe-industry-ip66-2000w","10":"first","11":"onbackorder","12":"taxable","13":"shipping-taxable","14":"purchasable","15":"product-type-variable","16":"has-default-attributes"},"_links":{"self":[{"href":"https:\/\/orotech.lt\/en\/wp-json\/wp\/v2\/product\/20640","targetHints":{"allow":["GET"]}}],"collection":[{"href":"https:\/\/orotech.lt\/en\/wp-json\/wp\/v2\/product"}],"about":[{"href":"https:\/\/orotech.lt\/en\/wp-json\/wp\/v2\/types\/product"}],"replies":[{"embeddable":true,"href":"https:\/\/orotech.lt\/en\/wp-json\/wp\/v2\/comments?post=20640"}],"version-history":[{"count":1,"href":"https:\/\/orotech.lt\/en\/wp-json\/wp\/v2\/product\/20640\/revisions"}],"predecessor-version":[{"id":22024,"href":"https:\/\/orotech.lt\/en\/wp-json\/wp\/v2\/product\/20640\/revisions\/22024"}],"wp:featuredmedia":[{"embeddable":true,"href":"https:\/\/orotech.lt\/en\/wp-json\/wp\/v2\/media\/1868"}],"wp:attachment":[{"href":"https:\/\/orotech.lt\/en\/wp-json\/wp\/v2\/media?parent=20640"}],"wp:term":[{"taxonomy":"product_brand","embeddable":true,"href":"https:\/\/orotech.lt\/en\/wp-json\/wp\/v2\/product_brand?post=20640"},{"taxonomy":"product_cat","embeddable":true,"href":"https:\/\/orotech.lt\/en\/wp-json\/wp\/v2\/product_cat?post=20640"},{"taxonomy":"product_tag","embeddable":true,"href":"https:\/\/orotech.lt\/en\/wp-json\/wp\/v2\/product_tag?post=20640"}],"curies":[{"name":"wp","href":"https:\/\/api.w.org\/{rel}","templated":true}]}}