{"id":20662,"date":"2025-02-01T06:00:48","date_gmt":"2025-02-01T06:00:48","guid":{"rendered":"https:\/\/orotech.lt\/mini-rekuperatorius-eco-fresh-01-lux-su-pasildymo-funkcija\/"},"modified":"2026-01-14T20:59:49","modified_gmt":"2026-01-14T20:59:49","slug":"mini-recuperator-eco-fresh-01-lux-with-heating-function","status":"publish","type":"product","link":"https:\/\/orotech.lt\/en\/mini-recuperator-eco-fresh-01-lux-with-heating-function\/","title":{"rendered":"Mini recuperator ECO-FRESH 01 LUX (with heating function)"},"content":{"rendered":"<p style=\"text-align: justify;\"><strong>You can additionally extend the warranty to 5 years for \u20ac70.<\/strong><\/p>\n<p style=\"text-align: justify;\"><strong>Advantages of ECO-FRESH 01 LUX:<\/strong><\/p>\n<ul>\n<li style=\"text-align: justify;\">\n\t\tMini recuperator ECO-FRESH 01 LUX (with heating function) is designed for active local ventilation of residential and administrative premises. If necessary, in cold winters, the incoming air is heated to room temperature. The device supplies fresh atmospheric air and creates a healthy microclimate in the premises;<\/li>\n<li style=\"text-align: justify;\">\n\t\tThere is an integrated air filter system to clean the air from dust, soot, bacteria, car exhaust fumes, etc.;<\/li>\n<li style=\"text-align: justify;\">\n\t\tAlso, the integrated hygrostat allows you to control the humidity of the room, keeping it below 75% - this prevents the appearance of mold and fungus;<\/li>\n<li style=\"text-align: justify;\">\n\t\t<strong>Integrated ionizer<\/strong> saturates the air with negatively charged ions, which have antiseptic and disease-causing properties \u2013 viruses and bacteria \u2013 thus protecting against infections and acute respiratory diseases;<\/li>\n<\/ul>\n<p style=\"text-align: justify;\"><strong>The ECO-FRESH 01 system consists of:<\/strong><\/p>\n<ol>\n<li style=\"text-align: justify;\">\n\t\tExternal protective grilles that protect the device system from moisture \u2013&nbsp;<strong>even in heavy rain and wind.<\/strong>;<\/li>\n<li style=\"text-align: justify;\">\n\t\tTelescopic duct, which allows you to adjust the length of the system depending on the wall thickness;<\/li>\n<li style=\"text-align: justify;\">\n\t\tFive-speed air exhaust fan, allowing you to adjust the air flow from 35 m\u00b3\/h in night, silent mode to 85 m\u00b3\/h in daytime mode;<\/li>\n<li style=\"text-align: justify;\">\n\t\tActivated carbon filter, which guarantees clean air even in heavily polluted central and industrial areas of cities. Purifies the air from odors, dust, bacteria, soot, car exhaust gases, etc.;<\/li>\n<li style=\"text-align: justify;\">\n\t\tRecuperator (heat exchanger), which allows you to avoid significant heat losses when ventilating the room;<\/li>\n<li style=\"text-align: justify;\">\n\t\tIonizer \u2013 saturates the air with negatively charged ions;<\/li>\n<li style=\"text-align: justify;\">\n\t\tFive-speed fan supplying air to the room, with which you can adjust the air flow from 35 m\u00b3\/h in night, silent mode to 85 m\u00b3\/h in daytime mode;<\/li>\n<li style=\"text-align: justify;\">\n\t\tErgonomic decorative grilles that can be painted in the desired color;<\/li>\n<li style=\"text-align: justify;\">\n\t\tHumidity sensor that turns on ventilation when air humidity exceeds 75%;<\/li>\n<li style=\"text-align: justify;\">\n\t\tCarbon monoxide (CO) sensor that turns on the air intake fan in AIR FLOW 100 m\u00b3\/h mode when CO gas is detected in the room.<\/li>\n<li style=\"text-align: justify;\">\n\t\tRemote control.<\/li>\n<\/ol>\n<p style=\"text-align: justify;\"><a class=\"catalogue\" href=\"https:\/\/www.rubisolis.lt\/failai\/files\/produktu%20pdf\/ECO-FRESH%2001%20LUX%20katalogas%20EN.pdf\" target=\"blank\" rel=\"noopener nofollow\">Download product catalog<\/a><br \/>\n\t<a class=\"catalogue\" href=\"https:\/\/www.rubisolis.lt\/failai\/files\/produktu%20pdf\/Ecofresh\/ECO-FRESH%2001%20LUX%20instrukcija%20LT.pdf\" target=\"blank\" rel=\"noopener nofollow\">Download product manual<\/a><\/p>","protected":false},"excerpt":{"rendered":"<p>Papildomai galite prasit\u0119sti garantij\u0105 iki 5 met\u0173 u\u017e 70&euro;. ECO-FRESH 01 LUX privalumai: Mini rekuperatorius ECO-FRESH 01 LUX (su pa\u0161ildymo<\/p>","protected":false},"featured_media":19111,"comment_status":"closed","ping_status":"open","template":"","meta":[],"product_brand":[],"product_cat":[],"product_tag":[535],"class_list":{"0":"post-20662","1":"product","2":"type-product","3":"status-publish","4":"has-post-thumbnail","6":"product_tag-naujiena","7":"pa_pavadinimas-mini-rekuperatorius-eco-fresh-01-lux-su-pasildymo-funkcija","9":"first","10":"onbackorder","11":"taxable","12":"shipping-taxable","13":"purchasable","14":"product-type-variable","15":"has-default-attributes"},"_links":{"self":[{"href":"https:\/\/orotech.lt\/en\/wp-json\/wp\/v2\/product\/20662","targetHints":{"allow":["GET"]}}],"collection":[{"href":"https:\/\/orotech.lt\/en\/wp-json\/wp\/v2\/product"}],"about":[{"href":"https:\/\/orotech.lt\/en\/wp-json\/wp\/v2\/types\/product"}],"replies":[{"embeddable":true,"href":"https:\/\/orotech.lt\/en\/wp-json\/wp\/v2\/comments?post=20662"}],"version-history":[{"count":1,"href":"https:\/\/orotech.lt\/en\/wp-json\/wp\/v2\/product\/20662\/revisions"}],"predecessor-version":[{"id":22031,"href":"https:\/\/orotech.lt\/en\/wp-json\/wp\/v2\/product\/20662\/revisions\/22031"}],"wp:featuredmedia":[{"embeddable":true,"href":"https:\/\/orotech.lt\/en\/wp-json\/wp\/v2\/media\/19111"}],"wp:attachment":[{"href":"https:\/\/orotech.lt\/en\/wp-json\/wp\/v2\/media?parent=20662"}],"wp:term":[{"taxonomy":"product_brand","embeddable":true,"href":"https:\/\/orotech.lt\/en\/wp-json\/wp\/v2\/product_brand?post=20662"},{"taxonomy":"product_cat","embeddable":true,"href":"https:\/\/orotech.lt\/en\/wp-json\/wp\/v2\/product_cat?post=20662"},{"taxonomy":"product_tag","embeddable":true,"href":"https:\/\/orotech.lt\/en\/wp-json\/wp\/v2\/product_tag?post=20662"}],"curies":[{"name":"wp","href":"https:\/\/api.w.org\/{rel}","templated":true}]}}