{"id":20712,"date":"2025-02-01T06:01:10","date_gmt":"2025-02-01T06:01:10","guid":{"rendered":"https:\/\/orotech.lt\/qlima-a45-aktyvuotos-anglies-ir-hepa-filtrai-rinkinyje-4-vnt\/"},"modified":"2025-09-09T06:26:09","modified_gmt":"2025-09-09T06:26:09","slug":"qlima-a45-activated-carbon-and-hepa-filters-set-of-4","status":"publish","type":"product","link":"https:\/\/orotech.lt\/en\/qlima-a45-activated-carbon-and-hepa-filters-set-of-4\/","title":{"rendered":"Qlima A45 Activated carbon and hepa filters (set of 4)"},"content":{"rendered":"<p>The A45 air purifier is equipped with a set of 3 filters (4x) for air purification.<\/p>\n<ul>\n<li>\n\t\tCoarse cleaning filter for removing large dust particles (not replaceable, in the device itself);<\/li>\n<li>\n\t\tHEPA filter <strong>(<\/strong>high-efficiency particulate filter) to remove particles harmful to health, such as bacteria, dust and pollen from the air;<\/li>\n<li>\n\t\tActivated carbon filter to remove unpleasant odors from the air.<\/li>\n<\/ul>\n<p><img decoding=\"async\" alt=\"\" src=\"\/failai\/files\/45-1.jpg\" title=\"\"><br \/>\n\t1. Removable coarse filter;<br \/>\n\t2. HEPA filter;<br \/>\n\t3. Activated carbon filter.<br \/>\n\t&nbsp;<\/p>","protected":false},"excerpt":{"rendered":"<p>Oro valytuvas A45 yra \u012frengtas su 3 filtr\u0173 komplektu (4x) orui valyti. Grubaus valymo filtras didel\u0117ms dulki\u0173 dalel\u0117ms \u0161alinti (nekei\u010diamas,<\/p>","protected":false},"featured_media":14928,"comment_status":"closed","ping_status":"open","template":"","meta":[],"product_brand":[],"product_cat":[],"product_tag":[535],"class_list":{"0":"post-20712","1":"product","2":"type-product","3":"status-publish","4":"has-post-thumbnail","6":"product_tag-naujiena","7":"pa_pavadinimas-qlima-a45-aktyvuotos-anglies-ir-hepa-filtrai","9":"first","10":"onbackorder","11":"taxable","12":"shipping-taxable","13":"purchasable","14":"product-type-variable","15":"has-default-attributes"},"_links":{"self":[{"href":"https:\/\/orotech.lt\/en\/wp-json\/wp\/v2\/product\/20712","targetHints":{"allow":["GET"]}}],"collection":[{"href":"https:\/\/orotech.lt\/en\/wp-json\/wp\/v2\/product"}],"about":[{"href":"https:\/\/orotech.lt\/en\/wp-json\/wp\/v2\/types\/product"}],"replies":[{"embeddable":true,"href":"https:\/\/orotech.lt\/en\/wp-json\/wp\/v2\/comments?post=20712"}],"version-history":[{"count":1,"href":"https:\/\/orotech.lt\/en\/wp-json\/wp\/v2\/product\/20712\/revisions"}],"predecessor-version":[{"id":22043,"href":"https:\/\/orotech.lt\/en\/wp-json\/wp\/v2\/product\/20712\/revisions\/22043"}],"wp:featuredmedia":[{"embeddable":true,"href":"https:\/\/orotech.lt\/en\/wp-json\/wp\/v2\/media\/14928"}],"wp:attachment":[{"href":"https:\/\/orotech.lt\/en\/wp-json\/wp\/v2\/media?parent=20712"}],"wp:term":[{"taxonomy":"product_brand","embeddable":true,"href":"https:\/\/orotech.lt\/en\/wp-json\/wp\/v2\/product_brand?post=20712"},{"taxonomy":"product_cat","embeddable":true,"href":"https:\/\/orotech.lt\/en\/wp-json\/wp\/v2\/product_cat?post=20712"},{"taxonomy":"product_tag","embeddable":true,"href":"https:\/\/orotech.lt\/en\/wp-json\/wp\/v2\/product_tag?post=20712"}],"curies":[{"name":"wp","href":"https:\/\/api.w.org\/{rel}","templated":true}]}}