{"id":22211,"date":"2025-03-24T08:35:18","date_gmt":"2025-03-24T08:35:18","guid":{"rendered":"https:\/\/orotech.lt\/mobilus-oro-kondicionierius-adolus-arctic-a3600\/"},"modified":"2026-05-01T02:04:04","modified_gmt":"2026-05-01T02:04:04","slug":"mobile-air-conditioner-adolus-arctic-a3600","status":"publish","type":"product","link":"https:\/\/orotech.lt\/en\/mobile-air-conditioner-adolus-arctic-a3600\/","title":{"rendered":"Mobile air conditioner Adolus ARCTIC A3600"},"content":{"rendered":"<h4>Mobile air conditioner ADOLUS ARCTIC A3600<\/h4>\n<p>The high-quality mobile air conditioner Adolus Arctic A3600 is the most powerful mobile air conditioner model of this brand. The free-standing air conditioner is characterized by high efficiency and economy and can be installed in various types of premises - from home to office. You will set up and install the air conditioner quickly and easily and you will have the opportunity to use it in all seasons: in autumn and winter - for moisture collection, and in spring and summer - for cooling and ventilation.<\/p>\n<p><img decoding=\"async\" src=\"https:\/\/oro1.lt\/img\/cms\/Kondiskes\/A3600\/LT\/ADOLUS-ARCTIC-A3600-su-lango-tarpine_LT_01.jpg\" alt=\"\" width=\"2866\" height=\"1069\" title=\"\"><\/p>\n<h4>Suitable for various rooms<\/h4>\n<p>The Adolus Arctic A3600 mobile air conditioner works most effectively in rooms up to 46 m2. Whether it is a room in your home, apartment, or office space - the modern design of the mobile air conditioner will perfectly fit into any environment and even complement the interior. The convenient size and built-in transport wheels ensure the mobility of the device and easy transportation from one room to another.<\/p>\n<h4>The most powerful ADOLUS air conditioner<\/h4>\n<p>This model is the most powerful mobile air conditioner of the ADOLUS brand ever created. Its efficiency and the latest engineering technologies ensure the most powerful application of functions \u2013 cooling, ventilation, dehumidification \u2013 and excellent device quality. Modern and eye-pleasing design and extremely powerful performance make the Adolus Arctic A3600 the most advanced air conditioner of the manufacturer.<\/p>\n<p><img decoding=\"async\" src=\"https:\/\/oro1.lt\/img\/cms\/Kondiskes\/A3600\/LT\/ADOLUS-ARCTIC-A3600-su-lango-tarpine_LT_04.jpg\" alt=\"\" width=\"1640\" height=\"480\" title=\"\"><\/p>\n<h4>Three in one (3in1) \u2013 use all year round<\/h4>\n<p>Even three functions in one device ensure that this mobile air conditioner can be used in all seasons and you will not have to worry about purchasing additional devices. Three main functions of the Adolus Arctic A3600:<\/p>\n<ul>\n<li><strong>Refrigeration<\/strong>. By selecting this function, the air conditioner will cool the room quickly and efficiently. The generated air flow reaches up to 390 m3\/h, so you can enjoy fresher and cooler air as soon as you turn on the device.<\/li>\n<li><strong>Ventilation<\/strong>When this air conditioner mode is set, air circulation is activated, which ensures fresher and more evenly distributed air in the room.<\/li>\n<li><strong>Dehumidification<\/strong>A very important function that helps ensure the right level of air humidity and prevent mold or fogged windows.<\/li>\n<\/ul>\n<h4>A great choice \u2013 quiet, energy-saving and environmentally friendly<\/h4>\n<p>The latest technologies have made this mobile air conditioner a truly excellent device. The device operates silently, and when turned on, the night mode reaches a volume of only 65 dB, so it can be placed in a bedroom, where cool air temperature is especially important during the hot season. When used in the office, be sure that loud operation will not distract attention - the Adolus Arctic A3600 air conditioner will operate quietly and efficiently.<\/p>\n<p>The air conditioner is designed to save electricity to the maximum and ensure the lowest possible energy consumption. The automatic temperature maintenance mode ensures that when the desired set temperature is reached, the device will turn off, and when the temperature rises, it will turn on again and start cooling. The A-level energy consumption certificate proves the device&#039;s efficiency, so you can be assured of low energy consumption.<\/p>\n<p>Environmental friendliness also contributes to the excellent properties - the R290 refrigerant gas used in the device is sustainable, does not deplete the ozone layer, does not pollute the environment or harm human health, and is safe to use.<\/p>\n<p><img decoding=\"async\" src=\"https:\/\/oro1.lt\/img\/cms\/Kondiskes\/LT\/Italiski vokiski baneriai LT.jpg\" alt=\"\" width=\"2251\" height=\"510\" title=\"\"><\/p>\n<h4>Simple and quick installation<\/h4>\n<p>Installation of Adolus mobile air conditioners is extremely simple. No special tools or experience are required for assembly, the air conditioner will be delivered already assembled, so it can be set up and turned on immediately after unpacking.<\/p>\n<p>To activate the cooling function, you need the air conditioner&#039;s hot air exhaust hose. Typically, this hose is led outside through a window using a window gasket. It is not included in the product and can be purchased separately. <a href=\"https:\/\/oro1.lt\/lt\/kondicionieriai\/kondicionieriu-priedai-ir-lango-tarpines\/72-universali-lango-tarpine-mobiliam-oro-kondicionieriui-400-cm.html\" rel=\"nofollow noopener\" target=\"_blank\">HERE<\/a>.\u00a0<\/p>","protected":false},"excerpt":{"rendered":"<p>Mobilus oro kondicionierius ADOLUS ARCTIC A3600 Itin auk\u0161tos kokyb\u0117s mobilus oro kondicionierius Adolus Arctic A3600 yra galingiausias \u0161io prek\u0117s \u017eenklo<\/p>","protected":false},"featured_media":22213,"comment_status":"closed","ping_status":"open","template":"","meta":[],"product_brand":[],"product_cat":[23],"product_tag":[],"class_list":{"0":"post-22211","1":"product","2":"type-product","3":"status-publish","4":"has-post-thumbnail","6":"product_cat-be-kategorijos","7":"pa_gamintojas-adolus-italy","9":"first","10":"instock","11":"taxable","12":"shipping-taxable","13":"purchasable","14":"product-type-simple"},"_links":{"self":[{"href":"https:\/\/orotech.lt\/en\/wp-json\/wp\/v2\/product\/22211","targetHints":{"allow":["GET"]}}],"collection":[{"href":"https:\/\/orotech.lt\/en\/wp-json\/wp\/v2\/product"}],"about":[{"href":"https:\/\/orotech.lt\/en\/wp-json\/wp\/v2\/types\/product"}],"replies":[{"embeddable":true,"href":"https:\/\/orotech.lt\/en\/wp-json\/wp\/v2\/comments?post=22211"}],"version-history":[{"count":1,"href":"https:\/\/orotech.lt\/en\/wp-json\/wp\/v2\/product\/22211\/revisions"}],"predecessor-version":[{"id":22212,"href":"https:\/\/orotech.lt\/en\/wp-json\/wp\/v2\/product\/22211\/revisions\/22212"}],"wp:featuredmedia":[{"embeddable":true,"href":"https:\/\/orotech.lt\/en\/wp-json\/wp\/v2\/media\/22213"}],"wp:attachment":[{"href":"https:\/\/orotech.lt\/en\/wp-json\/wp\/v2\/media?parent=22211"}],"wp:term":[{"taxonomy":"product_brand","embeddable":true,"href":"https:\/\/orotech.lt\/en\/wp-json\/wp\/v2\/product_brand?post=22211"},{"taxonomy":"product_cat","embeddable":true,"href":"https:\/\/orotech.lt\/en\/wp-json\/wp\/v2\/product_cat?post=22211"},{"taxonomy":"product_tag","embeddable":true,"href":"https:\/\/orotech.lt\/en\/wp-json\/wp\/v2\/product_tag?post=22211"}],"curies":[{"name":"wp","href":"https:\/\/api.w.org\/{rel}","templated":true}]}}