{"id":22236,"date":"2025-03-24T08:35:18","date_gmt":"2025-03-24T08:35:18","guid":{"rendered":"https:\/\/orotech.lt\/mobilus-oro-kondicionierius-adolus-arctic-a3600h-su-sildymu\/"},"modified":"2026-04-24T02:02:16","modified_gmt":"2026-04-24T02:02:16","slug":"mobile-air-conditioner-adolus-arctic-a3600h-with-heating","status":"publish","type":"product","link":"https:\/\/orotech.lt\/en\/mobile-air-conditioner-adolus-arctic-a3600h-with-heating\/","title":{"rendered":"Mobile air conditioner ADOLUS ARCTIC A3600H with heating"},"content":{"rendered":"<h4>Mobile air conditioner ADOLUS ARCTIC A3600H with heating<\/h4>\n<p>The high-quality mobile air conditioner Adolus Arctic A3600H with heating function is the most powerful mobile air conditioner model of this brand. The free-standing air conditioner is characterized by high efficiency and economy and can be installed in various types of premises - from home to office. You will set up and install the air conditioner quickly and easily and you will have the opportunity to use it in all seasons: autumn and winter - for heating, and spring and summer - for cooling.<\/p>\n<p><img decoding=\"async\" src=\"https:\/\/oro1.lt\/img\/cms\/Kondiskes\/A3600H\/LT\/ADOLUS-ARCTIC-A3600H-su-\u0161ildymu_LT_01.jpg\" alt=\"\" width=\"2866\" height=\"1069\" title=\"\"><\/p>\n<h4>Suitable for various rooms<\/h4>\n<p>The Adolus Arctic A3600H mobile air conditioner works most effectively in rooms up to 46 m2. Whether it is a room in your home, apartment, or office space - the modern design of the mobile air conditioner will blend perfectly into any environment and even complement the interior. The convenient size and built-in transport wheels ensure the mobility of the device and easy transportation from one room to another.<\/p>\n<h4>The most powerful ADOLUS air conditioner<\/h4>\n<p>This model is the most powerful mobile air conditioner of the ADOLUS brand ever created. Its efficiency and the latest engineering technologies ensure the most powerful application of functions \u2013 cooling, heating, ventilation, dehumidification \u2013 and excellent device quality. Modern and eye-pleasing design and extremely powerful performance make the Adolus Arctic A3600H the most advanced air conditioner of the manufacturer.<\/p>\n<h4>Four in one (4in1) \u2013 year-round use<\/h4>\n<p>As many as four functions in one device ensure that this mobile air conditioner can be used in all seasons and you will not have to worry about purchasing additional devices. Four main functions of the Adolus Arctic A3600H:<\/p>\n<ul>\n<li>\u00b7 <strong>Refrigeration<\/strong>. By selecting this function, the air conditioner will cool the room quickly and efficiently. The generated air flow reaches up to 390 m3\/h, so you can enjoy fresher and cooler air as soon as you turn on the device.<\/li>\n<li>\u00b7 <strong>Heating<\/strong>. When the heating function is turned on, the device starts to heat the room air very efficiently. This function allows you to use the mobile air conditioner in the cold season or simply to quickly warm up a cooled room.<\/li>\n<li>\u00b7 <strong>Ventilation<\/strong>. When this air conditioner mode is set, air circulation is activated, which ensures fresher and more evenly distributed air in the room. It is recommended to activate this function after heating.<\/li>\n<li>\u00b7 <strong>Dehumidification<\/strong>A very important function that helps ensure the right level of air humidity and prevent mold or fogged windows.<\/li>\n<\/ul>\n<h4>A great choice \u2013 quiet, energy-saving and environmentally friendly<\/h4>\n<p>The latest technologies have made this mobile air conditioner a truly excellent device. The device operates silently, and when turned on, the night mode reaches a volume of only 65 dB, so it can be placed in a bedroom, where cool air temperature is especially important during the hot season. When used in the office, be sure that loud operation will not distract attention - the Adolus Arctic A3600H air conditioner will operate quietly and efficiently.<\/p>\n<p>The air conditioner is designed to save electricity to the maximum and ensure the lowest possible energy consumption. The automatic temperature maintenance mode ensures that when the desired set temperature is reached, the device will turn off, and when the temperature rises, it will turn on again and start cooling. The A-level energy consumption certificate proves the device&#039;s efficiency, so you can be assured of low energy consumption.<\/p>\n<p>Environmental friendliness also contributes to the excellent properties - the R290 refrigerant gas used in the device is sustainable, does not deplete the ozone layer, does not pollute the environment or harm human health, and is safe to use.<\/p>\n<p><img decoding=\"async\" src=\"https:\/\/oro1.lt\/img\/cms\/Kondiskes\/A3600H\/LT\/ADOLUS-ARCTIC-A3600H-su-\u0161ildymu_LT_04.jpg\" alt=\"\" width=\"1640\" height=\"480\" title=\"\"><\/p>\n<h4>Simple and quick installation<\/h4>\n<p>Installation of Adolus mobile air conditioners is extremely simple. No special tools or experience are required for assembly, the air conditioner will be delivered already assembled, so it can be set up and turned on immediately after unpacking.<\/p>\n<p>To activate the cooling function, you need the air conditioner&#039;s hot air exhaust hose. Typically, this hose is led outside through a window using a window gasket. It is not included in the product and can be purchased separately. <a href=\"https:\/\/oro1.lt\/lt\/kondicionieriai\/kondicionieriu-priedai-ir-lango-tarpines\/72-universali-lango-tarpine-mobiliam-oro-kondicionieriui-400-cm.html\" rel=\"nofollow noopener\" target=\"_blank\">HERE<\/a>.<\/p>\n<p><img decoding=\"async\" src=\"https:\/\/oro1.lt\/img\/cms\/Kondiskes\/LT\/Italiski vokiski baneriai LT.jpg\" alt=\"\" width=\"2251\" height=\"510\" title=\"\"><\/p>\n<h4><strong>For your convenience \u2013 control via app\u00a0<\/strong><\/h4>\n<p>Thanks to the latest technologies, mobile air conditioner control has become even more convenient - it is possible to control functions via an app. By downloading the TUYA app to your smartphone or tablet, you can conveniently control your air conditioner even when you are not at home or sitting in another room.<\/p>","protected":false},"excerpt":{"rendered":"<p>Mobilus oro kondicionierius ADOLUS ARCTIC A3600H su \u0161ildymu Itin auk\u0161tos kokyb\u0117s mobilus oro kondicionierius Adolus Arctic A3600H su \u0161ildymo funkcija<\/p>","protected":false},"featured_media":22238,"comment_status":"closed","ping_status":"open","template":"","meta":[],"product_brand":[],"product_cat":[23],"product_tag":[],"class_list":{"0":"post-22236","1":"product","2":"type-product","3":"status-publish","4":"has-post-thumbnail","6":"product_cat-be-kategorijos","7":"pa_gamintojas-adolus-italy","9":"first","10":"onbackorder","11":"taxable","12":"shipping-taxable","13":"purchasable","14":"product-type-simple"},"_links":{"self":[{"href":"https:\/\/orotech.lt\/en\/wp-json\/wp\/v2\/product\/22236","targetHints":{"allow":["GET"]}}],"collection":[{"href":"https:\/\/orotech.lt\/en\/wp-json\/wp\/v2\/product"}],"about":[{"href":"https:\/\/orotech.lt\/en\/wp-json\/wp\/v2\/types\/product"}],"replies":[{"embeddable":true,"href":"https:\/\/orotech.lt\/en\/wp-json\/wp\/v2\/comments?post=22236"}],"version-history":[{"count":1,"href":"https:\/\/orotech.lt\/en\/wp-json\/wp\/v2\/product\/22236\/revisions"}],"predecessor-version":[{"id":22237,"href":"https:\/\/orotech.lt\/en\/wp-json\/wp\/v2\/product\/22236\/revisions\/22237"}],"wp:featuredmedia":[{"embeddable":true,"href":"https:\/\/orotech.lt\/en\/wp-json\/wp\/v2\/media\/22238"}],"wp:attachment":[{"href":"https:\/\/orotech.lt\/en\/wp-json\/wp\/v2\/media?parent=22236"}],"wp:term":[{"taxonomy":"product_brand","embeddable":true,"href":"https:\/\/orotech.lt\/en\/wp-json\/wp\/v2\/product_brand?post=22236"},{"taxonomy":"product_cat","embeddable":true,"href":"https:\/\/orotech.lt\/en\/wp-json\/wp\/v2\/product_cat?post=22236"},{"taxonomy":"product_tag","embeddable":true,"href":"https:\/\/orotech.lt\/en\/wp-json\/wp\/v2\/product_tag?post=22236"}],"curies":[{"name":"wp","href":"https:\/\/api.w.org\/{rel}","templated":true}]}}