{"id":23775,"date":"2025-06-27T06:20:22","date_gmt":"2025-06-27T06:20:22","guid":{"rendered":"https:\/\/orotech.lt\/halogeninis-infraraudonuju-spinduliu-sildytuvas-varma-v66-15\/"},"modified":"2025-09-09T06:35:23","modified_gmt":"2025-09-09T06:35:23","slug":"halogen-infrared-heater-varma-v66-15","status":"publish","type":"product","link":"https:\/\/orotech.lt\/en\/halogen-infrared-heater-varma-v66-15\/","title":{"rendered":"Halogen infrared heater Varma V66\/15"},"content":{"rendered":"<p style=\"text-align: justify;\"><strong>Varma V66\/15 halogen infrared heater \u2013 reliable heat in heavily used spaces<\/strong><\/p>\n<p style=\"text-align: justify;\">The Varma V66\/15 wall heater provides cozy and directional heat up to 15 m\u00b2, making it a great choice for indoor spaces or wind-protected outdoor areas. The sturdy aluminum construction and integrated protective glass guarantee durability and safe use. This heater belongs to the IP66 protection class, which indicates the device&#039;s resistance to water, moisture, and dust. It is a professional heating solution designed to withstand difficult weather conditions and high traffic. Safe, reliable, and aesthetically pleasing for a variety of spaces.&nbsp;<\/p>\n<p style=\"text-align: justify;\"><strong>Advantages:<\/strong><\/p>\n<ul>\n<li style=\"text-align: justify;\">\n\t\tSwivel model for wall and ceiling mounting;<\/li>\n<li style=\"text-align: justify;\">\n\t\tCast aluminum construction;<\/li>\n<li style=\"text-align: justify;\">\n\t\tWith special heat-resistant protective glass;<\/li>\n<li style=\"text-align: justify;\">\n\t\tIP66 protection class: waterproof, protected against rain, moisture, water jets, dust;<\/li>\n<li style=\"text-align: justify;\">\n\t\tProfessional IR heaters, the quality, efficiency and functionality of which have been appreciated by hundreds of industrial and private customers in Lithuania;<\/li>\n<li style=\"text-align: justify;\">\n\t\tIntegrated special halogen heating elements are maintenance-free and heat efficiently for more than 7,000 hours;<\/li>\n<li style=\"text-align: justify;\">\n\t\tThe heating element is replaceable, so you won&#039;t have to buy a new heater if the element stops heating;<\/li>\n<li style=\"text-align: justify;\">\n\t\tReflectors that effectively direct heat at the right angle are made of the highest quality materials;<\/li>\n<li style=\"text-align: justify;\">\n\t\tUsing heaters to heat individual zones can save up to 70% in heating energy and costs.<\/li>\n<\/ul>\n<p style=\"text-align: justify;\"><strong>Technical characteristics:<br \/>\n\t<\/strong><\/p>\n<ul>\n<li style=\"text-align: justify;\">\n\t\tPower: 1500 W;<\/li>\n<li style=\"text-align: justify;\">\n\t\tProtection class: IP66;<\/li>\n<li style=\"text-align: justify;\">\n\t\tHeated area: 15 m\u00b2;<\/li>\n<li style=\"text-align: justify;\">\n\t\tRecommended maximum installation height: 2.5-2.6 m;<\/li>\n<li style=\"text-align: justify;\">\n\t\tDimensions: 527 x 323 x 226 mm;<\/li>\n<li style=\"text-align: justify;\">\n\t\tPurpose: for outdoor and indoor use.<\/li>\n<\/ul>\n<p style=\"text-align: justify;\"><strong>The package includes:<\/strong><\/p>\n<ul>\n<li style=\"text-align: justify;\">\n\t\tWall or ceiling mounts.<\/li>\n<\/ul>","protected":false},"excerpt":{"rendered":"<p>Varma V66\/15 halogeninis infraraudon\u0173j\u0173 spinduli\u0173 \u0161ildytuvas &ndash; patikima \u0161iluma intensyviai naudojamose erdv\u0117se Varma V66\/15 sieninis \u0161ildytuvas u\u017etikrina jauki\u0105 ir krypting\u0105<\/p>","protected":false},"featured_media":23778,"comment_status":"closed","ping_status":"open","template":"","meta":[],"product_brand":[],"product_cat":[],"product_tag":[535],"class_list":{"0":"post-23775","1":"product","2":"type-product","3":"status-publish","4":"has-post-thumbnail","6":"product_tag-naujiena","7":"pa_pavadinimas-sildytuvas-varma-v66-15","9":"first","10":"onbackorder","11":"taxable","12":"shipping-taxable","13":"purchasable","14":"product-type-variable","15":"has-default-attributes"},"_links":{"self":[{"href":"https:\/\/orotech.lt\/en\/wp-json\/wp\/v2\/product\/23775","targetHints":{"allow":["GET"]}}],"collection":[{"href":"https:\/\/orotech.lt\/en\/wp-json\/wp\/v2\/product"}],"about":[{"href":"https:\/\/orotech.lt\/en\/wp-json\/wp\/v2\/types\/product"}],"replies":[{"embeddable":true,"href":"https:\/\/orotech.lt\/en\/wp-json\/wp\/v2\/comments?post=23775"}],"version-history":[{"count":1,"href":"https:\/\/orotech.lt\/en\/wp-json\/wp\/v2\/product\/23775\/revisions"}],"predecessor-version":[{"id":23776,"href":"https:\/\/orotech.lt\/en\/wp-json\/wp\/v2\/product\/23775\/revisions\/23776"}],"wp:featuredmedia":[{"embeddable":true,"href":"https:\/\/orotech.lt\/en\/wp-json\/wp\/v2\/media\/23778"}],"wp:attachment":[{"href":"https:\/\/orotech.lt\/en\/wp-json\/wp\/v2\/media?parent=23775"}],"wp:term":[{"taxonomy":"product_brand","embeddable":true,"href":"https:\/\/orotech.lt\/en\/wp-json\/wp\/v2\/product_brand?post=23775"},{"taxonomy":"product_cat","embeddable":true,"href":"https:\/\/orotech.lt\/en\/wp-json\/wp\/v2\/product_cat?post=23775"},{"taxonomy":"product_tag","embeddable":true,"href":"https:\/\/orotech.lt\/en\/wp-json\/wp\/v2\/product_tag?post=23775"}],"curies":[{"name":"wp","href":"https:\/\/api.w.org\/{rel}","templated":true}]}}