{"id":23785,"date":"2025-06-27T06:20:22","date_gmt":"2025-06-27T06:20:22","guid":{"rendered":"https:\/\/orotech.lt\/halogeninis-infraraudonuju-spinduliu-sildytuvas-varma-tower\/"},"modified":"2025-09-09T06:35:24","modified_gmt":"2025-09-09T06:35:24","slug":"halogen-infrared-heater-varma-tower","status":"publish","type":"product","link":"https:\/\/orotech.lt\/en\/halogen-infrared-heater-varma-tower\/","title":{"rendered":"Halogen infrared heater Varma Tower"},"content":{"rendered":"<p style=\"text-align: justify;\"><strong>Outdoor infrared heater VARMA TOWER 3000W \u2013 efficient heat with Amber Light technology&nbsp;<\/strong><\/p>\n<p style=\"text-align: justify;\">VARMA TOWER is a powerful floor infrared heater, perfect for indoor use where a direct, gentle and efficient heat source is required. Two adjustable heating heads ensure wide heat distribution. VARMA TOWER is an elegant, stable and professional heater. Ideal for restaurants, cafe terraces, event halls, where comfortable heat is required without bright light.&nbsp;<\/p>\n<p style=\"text-align: justify;\"><strong>Advantages:<\/strong><\/p>\n<ul>\n<li>\n\t\tPower 3000 W - ensures fast and intense heat;<\/li>\n<li>\n\t\tThe IP20 protection class is for indoor use, while the IPX5 protection class allows for outdoor use;<\/li>\n<li>\n\t\tAmber Light technology: the heater bulb emits up to 80% less light, creating a more pleasant atmosphere without glare;<\/li>\n<li>\n\t\tFall protection - automatic shutdown in case of a fall or collision - increases safety;<\/li>\n<li>\n\t\tProfessional IR heaters, the quality, efficiency and functionality of which have been appreciated by hundreds of industrial and private customers in Lithuania;<\/li>\n<li>\n\t\tIntegrated special halogen heating elements are maintenance-free and heat efficiently for more than 7,000 hours;<\/li>\n<li>\n\t\tThe heating element is replaceable, so you won&#039;t have to buy a new heater if the element stops heating;<\/li>\n<li>\n\t\tReflectors that effectively direct heat at the right angle are made of the highest quality materials;<\/li>\n<li>\n\t\tUsing heaters to heat individual zones can save up to 70% in heating energy and costs.<\/li>\n<\/ul>\n<p style=\"text-align: justify;\"><strong>Technical characteristics:<br \/>\n\t<\/strong><\/p>\n<ul>\n<li style=\"text-align: justify;\">\n\t\tPower: 3000 W;<\/li>\n<li style=\"text-align: justify;\">\n\t\tProtection class: IP20 \/ IPX5;<\/li>\n<li style=\"text-align: justify;\">\n\t\tHeated area: 25 m\u00b2;<\/li>\n<li style=\"text-align: justify;\">\n\t\tDevice dimensions: 51 \u00d7 21 \u00d7 15 cm;<\/li>\n<li style=\"text-align: justify;\">\n\t\tTotal height: 250 cm;<\/li>\n<li style=\"text-align: justify;\">\n\t\tBase dimensions: 70 \u00d7 82 cm;<\/li>\n<li style=\"text-align: justify;\">\n\t\tSide handle length: 80 cm;<\/li>\n<li style=\"text-align: justify;\">\n\t\tWeight: 29 kg;<\/li>\n<li style=\"text-align: justify;\">\n\t\tPurpose: for outdoor and indoor use.<\/li>\n<\/ul>\n<p style=\"text-align: justify;\"><strong>The package includes:<\/strong><\/p>\n<ul>\n<li style=\"text-align: justify;\">\n\t\tPower cord (3 m);<\/li>\n<li style=\"text-align: justify;\">\n\t\tSchuko plug;<\/li>\n<li style=\"text-align: justify;\">\n\t\t2 switches for separate heater control.<\/li>\n<\/ul>","protected":false},"excerpt":{"rendered":"<p>Lauko infraraudon\u0173j\u0173 spinduli\u0173 \u0161ildytuvas VARMA TOWER 3000W &ndash; efektyvi \u0161iluma su Amber Light technologija&nbsp; VARMA TOWER &ndash; tai galingas grindinis<\/p>","protected":false},"featured_media":23788,"comment_status":"closed","ping_status":"open","template":"","meta":[],"product_brand":[],"product_cat":[],"product_tag":[535],"class_list":{"0":"post-23785","1":"product","2":"type-product","3":"status-publish","4":"has-post-thumbnail","6":"product_tag-naujiena","7":"pa_pavadinimas-sildytuvas-varma-tower","9":"first","10":"onbackorder","11":"taxable","12":"shipping-taxable","13":"purchasable","14":"product-type-variable","15":"has-default-attributes"},"_links":{"self":[{"href":"https:\/\/orotech.lt\/en\/wp-json\/wp\/v2\/product\/23785","targetHints":{"allow":["GET"]}}],"collection":[{"href":"https:\/\/orotech.lt\/en\/wp-json\/wp\/v2\/product"}],"about":[{"href":"https:\/\/orotech.lt\/en\/wp-json\/wp\/v2\/types\/product"}],"replies":[{"embeddable":true,"href":"https:\/\/orotech.lt\/en\/wp-json\/wp\/v2\/comments?post=23785"}],"version-history":[{"count":1,"href":"https:\/\/orotech.lt\/en\/wp-json\/wp\/v2\/product\/23785\/revisions"}],"predecessor-version":[{"id":23786,"href":"https:\/\/orotech.lt\/en\/wp-json\/wp\/v2\/product\/23785\/revisions\/23786"}],"wp:featuredmedia":[{"embeddable":true,"href":"https:\/\/orotech.lt\/en\/wp-json\/wp\/v2\/media\/23788"}],"wp:attachment":[{"href":"https:\/\/orotech.lt\/en\/wp-json\/wp\/v2\/media?parent=23785"}],"wp:term":[{"taxonomy":"product_brand","embeddable":true,"href":"https:\/\/orotech.lt\/en\/wp-json\/wp\/v2\/product_brand?post=23785"},{"taxonomy":"product_cat","embeddable":true,"href":"https:\/\/orotech.lt\/en\/wp-json\/wp\/v2\/product_cat?post=23785"},{"taxonomy":"product_tag","embeddable":true,"href":"https:\/\/orotech.lt\/en\/wp-json\/wp\/v2\/product_tag?post=23785"}],"curies":[{"name":"wp","href":"https:\/\/api.w.org\/{rel}","templated":true}]}}