{"id":24050,"date":"2025-07-31T06:15:17","date_gmt":"2025-07-31T06:15:17","guid":{"rendered":"https:\/\/orotech.lt\/mobilus-oro-vesintuvas-trotec-pae-40\/"},"modified":"2026-04-20T13:43:40","modified_gmt":"2026-04-20T13:43:40","slug":"mobile-air-cooler-trotec-pae-40","status":"publish","type":"product","link":"https:\/\/orotech.lt\/en\/mobile-air-cooler-trotec-pae-40\/","title":{"rendered":"Mobile air cooler Trotec PAE 40"},"content":{"rendered":"<p style=\"text-align: justify\"><strong>Oro v\u0117sintuvas Trotec PAE 40 \u2013 keturi viename sprendimas visiems met\u0173 laikams<br \/>\n<\/strong><\/p>\n<p style=\"text-align: justify\">Ie\u0161kote efektyvaus b\u016bdo atsigaivinti kar\u0161tomis vasaros dienomis, pagerinti patalp\u0173 or\u0105 ar palaikyti tinkam\u0105 dr\u0117gm\u0117s lyg\u012f \u017eiem\u0105? <strong>Oro v\u0117sintuvas Trotec PAE 40<\/strong> \u2013 tai 4-in-1 \u012frenginys, kuris vienu metu v\u0117sina, dr\u0117kina, gaivina bei valo or\u0105. Tai idealus pasirinkimas tiek namams, tiek biurui.\u00a0\u012erenginys efektyviai veikia iki 36 m\u00b2 arba 90 m\u00b3 ploto patalpose, o 370 m\u00b3\/val. oro srautas ir 1.1 l\/val. garinimo na\u0161umas u\u017etikrina greit\u0105 v\u0117sinim\u0105 net ir kar\u0161\u010diausiomis dienomis.<\/p>\n<p style=\"text-align: justify\"><strong>V\u0117sina nat\u016braliai, be chemijos<\/strong><\/p>\n<p style=\"text-align: justify\">Skirtingai nei kondicionieriai, \u0161is <strong>air cooler<\/strong> nenaudoja joki\u0173 \u0161altne\u0161i\u0173 ar i\u0161metimo \u017earn\u0173. V\u0117sinimas vyksta nat\u016braliu garinimo b\u016bdu, kai \u0161iltas oras pereina per vandeniu prisotint\u0105 garinimo kilim\u0117l\u012f (medaus korio technologija). Rezultatas \u2013 malonus, nat\u016bralus v\u0117sos poj\u016btis. Dar daugiau gaivos galima pasiekti naudojant ledo kubelius ar komplekte esan\u010dius ledo akumuliatorius.<\/p>\n<p style=\"text-align: justify\"><strong>Oro dr\u0117kintuvas \u017eiemai<\/strong><\/p>\n<p style=\"text-align: justify\"><strong>Trotec PAE 40<\/strong> ne tik v\u0117sina, bet ir veikia kaip oro dr\u0117kintuvas, kuris ypa\u010d svarbus \u0161altuoju met\u0173 laiku. Dr\u0117kinant or\u0105 padedama apsaugoti kv\u0117pavimo takus, od\u0105 bei suma\u017einti virus\u0173 plitim\u0105. Optimali 40\u201360 % oro dr\u0117gm\u0117 padeda palaikyti geresn\u0119 sveikat\u0105 ir savijaut\u0105.<br \/>\nDvigubas oro valymas: filtras + jonizatorius<\/p>\n<p style=\"text-align: justify\">\u0160varus oras \u2013 tai daugiau nei komfortas. Integruotas dulki\u0173 filtras sulaiko dulkes, plaukus, p\u016bkus, o \u012fjungiamas jonizatorius padeda suma\u017einti bakterij\u0173, virus\u0173, \u017eiedadulki\u0173 ir nemaloni\u0173 kvap\u0173 kiek\u012f ore. Tai ypa\u010d naudinga alergi\u0161kiems \u017emon\u0117ms ar \u0161eimoms su vaikais.<\/p>\n<p style=\"text-align: justify\"><strong>Advantages:<\/strong><\/p>\n<ul>\n<li>4 ventiliatoriaus grei\u010diai \u2013 pritaikykite oro sraut\u0105 pagal savo poreikius;<\/li>\n<li>Automatin\u0117 horizontalioji ir vertikalioji s\u016bpyn\u0117 \u2013 tolygiam oro paskirstymui visoje patalpoje;<\/li>\n<li>Naktinis re\u017eimas \u2013 tylus veikimas su palaipsniui ma\u017e\u0117jan\u010diu oro srautu, kad miegas b\u016bt\u0173 ramus;<\/li>\n<li>Laikmatis iki 15 val. \u2013 automatinis \u012fjungimas\/i\u0161jungimas taupant elektr\u0105;<\/li>\n<li>Dvigubas oro valymas \u2013 integruotas filtras ir jonizatorius;<\/li>\n<li>LED ekranas, membranini\u0173 mygtuk\u0173 valdymas ir nuotolinio valdymo pultelis \u2013 patogiam naudojimui i\u0161 bet kur.<\/li>\n<\/ul>\n<p style=\"text-align: justify\"><strong>Technical characteristics:<\/strong><\/p>\n<ul>\n<li>Tinka patalpoms iki: 36 m\u00b2 \/ 90 m\u00b3;<\/li>\n<li>Dr\u0117kinimo na\u0161umas: 1,1 l\/h;<\/li>\n<li>Vandens rezervuaro talpa: 10 l;<\/li>\n<li>Oro srautas: 370\u00a0m\u00b3\/h;<\/li>\n<li>Ventiliatoriaus grei\u010diai: 4;<\/li>\n<li>Oro srauto greitis: 8 m\/s;<\/li>\n<li>Voltage: 220-240V\/50Hz;<\/li>\n<li>Energijos s\u0105naudos: 68 W;<\/li>\n<li>Garso lygis 1 metro atstumu: 64 dB (A);<\/li>\n<li>Temperature operating range: from 5 \u00b0C to 40 \u00b0C;<\/li>\n<li>Matmenys: 380 x 310 x 760\u00a0mm;<\/li>\n<li>Svoris: 10 kg;<\/li>\n<li>Laido ilgis: 1,2 m.<\/li>\n<\/ul>\n<p style=\"text-align: justify\"><a class=\"catalogue\" href=\"https:\/\/orotech.lt\/wp-content\/uploads\/2025\/07\/Mobilus_oro_vsintuvas_Trotec_PAE_40_instrukcija_air_cooler_Trotec_PAE_40_manual.pdf\" target=\"blank\" rel=\"noopener\">Download product manual<\/a><\/p>","protected":false},"excerpt":{"rendered":"<p>Pavadinimas: Trotec PAE 40<br \/>\nTinkamas patalp\u0173 t\u016bris: 36 m\u00b2 \/ 90 m\u00b3<br \/>\nVandens talpa: 10 l<br \/>\nI\u0161garinamo vandens kiekis: 1,1 l\/h<br \/>\nMaks. oro srautas: 370 m\u00b3\/val.<\/p>","protected":false},"featured_media":24052,"comment_status":"closed","ping_status":"closed","template":"","meta":[],"product_brand":[],"product_cat":[309,312],"product_tag":[],"class_list":{"0":"post-24050","1":"product","2":"type-product","3":"status-publish","4":"has-post-thumbnail","6":"product_cat-vesinimas","7":"product_cat-oro-vesintuvai","9":"first","10":"instock","11":"taxable","12":"shipping-taxable","13":"purchasable","14":"product-type-simple"},"_links":{"self":[{"href":"https:\/\/orotech.lt\/en\/wp-json\/wp\/v2\/product\/24050","targetHints":{"allow":["GET"]}}],"collection":[{"href":"https:\/\/orotech.lt\/en\/wp-json\/wp\/v2\/product"}],"about":[{"href":"https:\/\/orotech.lt\/en\/wp-json\/wp\/v2\/types\/product"}],"replies":[{"embeddable":true,"href":"https:\/\/orotech.lt\/en\/wp-json\/wp\/v2\/comments?post=24050"}],"version-history":[{"count":4,"href":"https:\/\/orotech.lt\/en\/wp-json\/wp\/v2\/product\/24050\/revisions"}],"predecessor-version":[{"id":24260,"href":"https:\/\/orotech.lt\/en\/wp-json\/wp\/v2\/product\/24050\/revisions\/24260"}],"wp:featuredmedia":[{"embeddable":true,"href":"https:\/\/orotech.lt\/en\/wp-json\/wp\/v2\/media\/24052"}],"wp:attachment":[{"href":"https:\/\/orotech.lt\/en\/wp-json\/wp\/v2\/media?parent=24050"}],"wp:term":[{"taxonomy":"product_brand","embeddable":true,"href":"https:\/\/orotech.lt\/en\/wp-json\/wp\/v2\/product_brand?post=24050"},{"taxonomy":"product_cat","embeddable":true,"href":"https:\/\/orotech.lt\/en\/wp-json\/wp\/v2\/product_cat?post=24050"},{"taxonomy":"product_tag","embeddable":true,"href":"https:\/\/orotech.lt\/en\/wp-json\/wp\/v2\/product_tag?post=24050"}],"curies":[{"name":"wp","href":"https:\/\/api.w.org\/{rel}","templated":true}]}}