{"id":24506,"date":"2025-09-08T06:15:36","date_gmt":"2025-09-08T06:15:36","guid":{"rendered":"https:\/\/orotech.lt\/elektrinis-ranksluosciu-dziovintuvas-radyal-lily-d-juodas\/"},"modified":"2025-09-10T06:10:32","modified_gmt":"2025-09-10T06:10:32","slug":"electric-towel-dryer-radial-lily-d-black","status":"publish","type":"product","link":"https:\/\/orotech.lt\/en\/electric-towel-dryer-radial-lily-d-black\/","title":{"rendered":"Electric towel dryer RADYAL LILY-D, black"},"content":{"rendered":"<p style=\"text-align: justify;\"><img decoding=\"async\" alt=\"\" src=\"\/images\/Userfiles\/www.rubisolis.lt_Elektrinis_ranksluosci_dziovintuvas_RADYAL_LILY_1.jpg\" style=\"width: 1000px; height: 250px;\" title=\"\"><\/p>\n<p style=\"text-align: justify;\">Create a very comfortable environment in your bathroom with the RADYAL LILY-D electric towel dryer! Black color <strong>electric towel dryer<\/strong> with round bars not only has an elegant design, but also dries your towels quickly.<\/p>\n<p style=\"text-align: justify;\">You can choose from 5 different sizes (0.6-1.4m) and power (100-250W) of modern design Radyal Lily-D towel dryers. The simple-to-use and easy-to-maintain equipment features efficient heating due to its aluminum material structure.&nbsp;<\/p>\n<p><strong>Advantages:<\/strong><\/p>\n<ul>\n<li>\n\t\tEasy to operate;<\/li>\n<li>\n\t\tEasy to clean and maintain;<\/li>\n<li>\n\t\tEfficient heating due to the structure of the aluminum material;<\/li>\n<li>\n\t\tCan be safely used in the bathroom due to the stainless material structure;<\/li>\n<li>\n\t\tDue to its low weight, it provides a great advantage during transportation and installation;<\/li>\n<li>\n\t\tYou can safely use it in the bathroom because its protection class is IPX5;<\/li>\n<li>\n\t\tThanks to its smooth and straight lines, it creates the most suitable solution for drying towels;<\/li>\n<li>\n\t\tThanks to the quick aluminum heat-up time, the dryer dries towels quickly;&nbsp;<\/li>\n<li>\n\t\t100 % recyclable, environmentally friendly.<\/li>\n<\/ul>\n<p><strong>Technical characteristics:<\/strong><\/p>\n<ul>\n<li>\n\t\tModel: LILY-D 600 \/ LILY-D 800 \/ LILY-D 1000 \/ LILY-D 1200 \/ LILY-D 1400;<\/li>\n<li>\n\t\tPower: 100 \/ 125 \/ 175 \/ 200 \/ 250 W;<\/li>\n<li>\n\t\tVoltage: 110-220V, 50\/60Hz;<\/li>\n<li>\n\t\tDimensions: 500x600x90 \/ 500x800x90 \/ 500x1000x90 \/ 500x1200x90 \/ 500x1400x90 mm;<\/li>\n<li>\n\t\tDesign: round crossbars;<\/li>\n<li>\n\t\tNumber of crossbars: 8 \/ 8 \/ 12 \/ 14 \/ 16;<\/li>\n<li>\n\t\tWeight: 1.45 \/ 2.9 \/ 4.7 \/ 5.85 \/ 6.5 kg;<\/li>\n<li>\n\t\tOperating modes: continuous heating, 2 or 4 hour heating duration;&nbsp;&nbsp;<\/li>\n<li>\n\t\tMaterial: aluminum;&nbsp;<\/li>\n<li>\n\t\tColor: black;&nbsp;<\/li>\n<li>\n\t\tHeating type: dry;<\/li>\n<li>\n\t\tTimer: yes;<\/li>\n<li>\n\t\tWith cable and plug into the socket: yes;<\/li>\n<li>\n\t\tThe power cord is on the right: yes;<\/li>\n<li>\n\t\tWall-mounted: yes;<\/li>\n<li>\n\t\tFastening elements: yes;<\/li>\n<li>\n\t\tProtection class: IPX5;<\/li>\n<li>\n\t\tSurface temperature: 50 \u2013 55 \u00b0C.<\/li>\n<\/ul>\n<p style=\"text-align: justify;\"><a class=\"catalogue\" href=\"\/en\/images\/Userfiles\/www.rubisolis.lt_Elektrinis_ranksluosci_dziovintuvas_RADYAL_LILY.pdf\/\" target=\"blank\">Download product manual <\/a><\/p>","protected":false},"excerpt":{"rendered":"<p>sPavadinimas: Elektrinis rank\u0161luos\u010di\u0173 d\u017eiovintuvas RADYAL LILY-D 600, juodas<br \/> Power (W): 100<br \/>Voltage (V): 110-220V, 50\/60Hz<br \/>Dimensions (mm): 500 x 600 x 90<br \/>Design: Round bars<br \/> Svoris (kg): 1,45<br \/>Material: Aluminum<br \/> Color: Black<\/p>","protected":false},"featured_media":13061,"comment_status":"closed","ping_status":"open","template":"","meta":[],"product_brand":[],"product_cat":[23],"product_tag":[535],"class_list":{"0":"post-24506","1":"product","2":"type-product","3":"status-publish","4":"has-post-thumbnail","6":"product_cat-be-kategorijos","7":"product_tag-naujiena","9":"first","10":"onbackorder","11":"taxable","12":"shipping-taxable","13":"purchasable","14":"product-type-simple"},"_links":{"self":[{"href":"https:\/\/orotech.lt\/en\/wp-json\/wp\/v2\/product\/24506","targetHints":{"allow":["GET"]}}],"collection":[{"href":"https:\/\/orotech.lt\/en\/wp-json\/wp\/v2\/product"}],"about":[{"href":"https:\/\/orotech.lt\/en\/wp-json\/wp\/v2\/types\/product"}],"replies":[{"embeddable":true,"href":"https:\/\/orotech.lt\/en\/wp-json\/wp\/v2\/comments?post=24506"}],"version-history":[{"count":1,"href":"https:\/\/orotech.lt\/en\/wp-json\/wp\/v2\/product\/24506\/revisions"}],"predecessor-version":[{"id":24507,"href":"https:\/\/orotech.lt\/en\/wp-json\/wp\/v2\/product\/24506\/revisions\/24507"}],"wp:featuredmedia":[{"embeddable":true,"href":"https:\/\/orotech.lt\/en\/wp-json\/wp\/v2\/media\/13061"}],"wp:attachment":[{"href":"https:\/\/orotech.lt\/en\/wp-json\/wp\/v2\/media?parent=24506"}],"wp:term":[{"taxonomy":"product_brand","embeddable":true,"href":"https:\/\/orotech.lt\/en\/wp-json\/wp\/v2\/product_brand?post=24506"},{"taxonomy":"product_cat","embeddable":true,"href":"https:\/\/orotech.lt\/en\/wp-json\/wp\/v2\/product_cat?post=24506"},{"taxonomy":"product_tag","embeddable":true,"href":"https:\/\/orotech.lt\/en\/wp-json\/wp\/v2\/product_tag?post=24506"}],"curies":[{"name":"wp","href":"https:\/\/api.w.org\/{rel}","templated":true}]}}