{"id":24540,"date":"2025-09-08T06:15:55","date_gmt":"2025-09-08T06:15:55","guid":{"rendered":"https:\/\/orotech.lt\/ismanus-laidinis-valdymo-pultelis-s25\/"},"modified":"2025-09-10T06:10:51","modified_gmt":"2025-09-10T06:10:51","slug":"smart-wired-remote-control-s25","status":"publish","type":"product","link":"https:\/\/orotech.lt\/en\/smart-wired-remote-control-s25\/","title":{"rendered":"Smart wired remote control S25"},"content":{"rendered":"<p style=\"text-align: justify;\">Valdymo pultelis skirtas Blauberg Komfort rekuperatoriams su S21 WIFI automatika vartotojo ir in\u017einieriaus funkcijoms valdyti. \u0160is pultelis turi tokias pa\u010dias valdymo funkcijas kaip ir aplikacija telefone. Turinio valdymas lietuvi\u0173 kalba.&nbsp;Valdymo pultelis pagamintas i\u0161 jautraus prisilietimams pavir\u0161iaus.&nbsp;Valdymo puiltelis su rekuperatoriumi jungiasi 4&#215;0,25mm2 kabeliu.&nbsp;<\/p>\n<p><strong>Technin\u0117s savyb\u0117s:<\/strong><\/p>\n<ul>\n<li>\n\t\t\u012etampa: 12-32 (Voltage DC [V]);<\/li>\n<li>\n\t\tMatmenys: 136 x 98 mm;<\/li>\n<li>\n\t\tApsaugos klas\u0117: IP20;<\/li>\n<li>\n\t\tSrov\u0117 (A): 0,1 (24 VDC [A]);<\/li>\n<li>\n\t\tGaminio i\u0161orinis gylis (ilgis) mm: 23.<\/li>\n<\/ul>\n<p><a class=\"catalogue\" href=\"\/images\/Userfiles\/7_www.rubisolis.lt_Ismanus_laidinis_valdymo_pultelis_S251.pdf\" target=\"blank\">Atsisi\u0173sti produkto instrukcij\u0105<\/a><\/p>\n","protected":false},"excerpt":{"rendered":"<p>sPavadinimas: I\u0161manus laidinis valdymo pultelis S25<br \/> \u012etampa: 12-32 (Voltage DC [V])<br \/> Matmenys: 136 x 98 mm<br \/> Apsaugos klas\u0117: IP20<br \/>Srov\u0117 (A): 0,1 (24 VDC [A])<\/p>\n","protected":false},"featured_media":15127,"comment_status":"closed","ping_status":"open","template":"","meta":[],"product_brand":[],"product_cat":[23],"product_tag":[535],"class_list":{"0":"post-24540","1":"product","2":"type-product","3":"status-publish","4":"has-post-thumbnail","6":"product_cat-be-kategorijos","7":"product_tag-naujiena","9":"first","10":"onbackorder","11":"taxable","12":"shipping-taxable","13":"purchasable","14":"product-type-simple"},"_links":{"self":[{"href":"https:\/\/orotech.lt\/en\/wp-json\/wp\/v2\/product\/24540","targetHints":{"allow":["GET"]}}],"collection":[{"href":"https:\/\/orotech.lt\/en\/wp-json\/wp\/v2\/product"}],"about":[{"href":"https:\/\/orotech.lt\/en\/wp-json\/wp\/v2\/types\/product"}],"replies":[{"embeddable":true,"href":"https:\/\/orotech.lt\/en\/wp-json\/wp\/v2\/comments?post=24540"}],"version-history":[{"count":1,"href":"https:\/\/orotech.lt\/en\/wp-json\/wp\/v2\/product\/24540\/revisions"}],"predecessor-version":[{"id":24541,"href":"https:\/\/orotech.lt\/en\/wp-json\/wp\/v2\/product\/24540\/revisions\/24541"}],"wp:featuredmedia":[{"embeddable":true,"href":"https:\/\/orotech.lt\/en\/wp-json\/wp\/v2\/media\/15127"}],"wp:attachment":[{"href":"https:\/\/orotech.lt\/en\/wp-json\/wp\/v2\/media?parent=24540"}],"wp:term":[{"taxonomy":"product_brand","embeddable":true,"href":"https:\/\/orotech.lt\/en\/wp-json\/wp\/v2\/product_brand?post=24540"},{"taxonomy":"product_cat","embeddable":true,"href":"https:\/\/orotech.lt\/en\/wp-json\/wp\/v2\/product_cat?post=24540"},{"taxonomy":"product_tag","embeddable":true,"href":"https:\/\/orotech.lt\/en\/wp-json\/wp\/v2\/product_tag?post=24540"}],"curies":[{"name":"wp","href":"https:\/\/api.w.org\/{rel}","templated":true}]}}