{"id":24554,"date":"2025-09-08T06:20:07","date_gmt":"2025-09-08T06:20:07","guid":{"rendered":"https:\/\/orotech.lt\/kondicionieriaus-isorinio-bloko-apsauga-coolspot\/"},"modified":"2025-09-10T06:11:02","modified_gmt":"2025-09-10T06:11:02","slug":"kondicionieriaus-isorinio-bloko-apsauga-coolspot","status":"publish","type":"product","link":"https:\/\/orotech.lt\/en\/kondicionieriaus-isorinio-bloko-apsauga-coolspot\/","title":{"rendered":"Kondicionieriaus i\u0161orinio bloko apsauga Coolspot"},"content":{"rendered":"<p style=\"text-align: justify;\"><strong>Kondicionieriaus i\u0161orin\u0117 bloko apsauga Coolspot &ndash; stilinga apsauga j\u016bs\u0173 kondicionieriui&nbsp;<\/strong><\/p>\n<p style=\"text-align: justify;\">Are you looking for a solution to maintain a flawless appearance and provide reliable protection for your outdoor air conditioner unit? <strong>Coolspot i\u0161orin\u0117 bloko apsauga<\/strong> \u2013 it is functionality, durability and aesthetics in one product. Air conditioner <strong>outdoor unit protection<\/strong> is an innovative solution designed to protect the outdoor unit of your home or office air conditioner from adverse weather conditions, mechanical damage and dust accumulation. The highest quality materials used in production ensure the efficiency and durability of your air conditioner and also contribute to preserving the aesthetics of the outdoor unit.&nbsp; &nbsp;<\/p>\n<p style=\"text-align: justify;\">Coolspot &ndash; tai inovatyvi\u0173, \u0161iuolaiki\u0161k\u0173 sprendim\u0173 sinonimas.<strong> Air conditioner external unit protection <\/strong>not only perfectly protects your air conditioner, but also gives the exterior an additional style accent. Ensure the durability and aesthetic appearance of your air conditioner today!&nbsp;<\/p>\n<p><strong>Advantages:<\/strong><\/p>\n<ul>\n<li>\n\t\tTop quality materials: made of galvanized metal, which is corrosion resistant and perfect for outdoor use even in cold weather;<\/li>\n<li>\n\t\tConvenient and quick installation system;<\/li>\n<li>\n\t\tEfficient air circulation: special openings in the design ensure optimal air flow, protecting your air conditioner from overheating;<\/li>\n<li>\n\t\tModern design: minimalist gray protection blends harmoniously with various building facades;<\/li>\n<li>\n\t\tThe top canopy can be opened upwards!<\/li>\n<\/ul>\n<p><strong>Technical information:<\/strong><\/p>\n<ul>\n<li>\n\t\tColor: RAL7016, anthracite;<\/li>\n<li>\n\t\tDimensions <strong>external<\/strong>: L (1000 x 500 x 800 mm), M (930 x 500 x 780 mm);<\/li>\n<li>\n\t\tDimensions <strong>internal<\/strong>: L (950 x 475 x 780 mm), M (880 x 475 x 760 mm);<\/li>\n<li>\n\t\tMaterial: galvanized metal 120g (EN10340), coated with matte powder paint (80\u00b5m);<\/li>\n<li>\n\t\tMetal thickness \u2013 1.2 mm.<\/li>\n<\/ul>\n<p><strong>Warranty:<\/strong><\/p>\n<ul>\n<li>\n\t\tPaint layer \u2013 2 years;<\/li>\n<li>\n\t\tCorrosion \u2013 5 years.<\/li>\n<\/ul>\n<p><strong>The package includes:<\/strong><\/p>\n<ul>\n<li>\n\t\tSide parts, 3 pcs.<\/li>\n<li>\n\t\tCanopy, 1 pc.<\/li>\n<li>\n\t\tAssembly screws (suspension screws not included).&nbsp;<\/li>\n<\/ul>","protected":false},"excerpt":{"rendered":"<p>sPavadinimas: I\u0161orinio bloko apsauga Coolspot, L dydis<br \/>Dimensions (mm): 1000 x 500 x 800<br \/>Material: Zinc<\/p>","protected":false},"featured_media":20007,"comment_status":"closed","ping_status":"open","template":"","meta":[],"product_brand":[],"product_cat":[23],"product_tag":[535],"class_list":{"0":"post-24554","1":"product","2":"type-product","3":"status-publish","4":"has-post-thumbnail","6":"product_cat-be-kategorijos","7":"product_tag-naujiena","9":"first","10":"instock","11":"taxable","12":"shipping-taxable","13":"purchasable","14":"product-type-simple"},"_links":{"self":[{"href":"https:\/\/orotech.lt\/en\/wp-json\/wp\/v2\/product\/24554","targetHints":{"allow":["GET"]}}],"collection":[{"href":"https:\/\/orotech.lt\/en\/wp-json\/wp\/v2\/product"}],"about":[{"href":"https:\/\/orotech.lt\/en\/wp-json\/wp\/v2\/types\/product"}],"replies":[{"embeddable":true,"href":"https:\/\/orotech.lt\/en\/wp-json\/wp\/v2\/comments?post=24554"}],"version-history":[{"count":1,"href":"https:\/\/orotech.lt\/en\/wp-json\/wp\/v2\/product\/24554\/revisions"}],"predecessor-version":[{"id":24555,"href":"https:\/\/orotech.lt\/en\/wp-json\/wp\/v2\/product\/24554\/revisions\/24555"}],"wp:featuredmedia":[{"embeddable":true,"href":"https:\/\/orotech.lt\/en\/wp-json\/wp\/v2\/media\/20007"}],"wp:attachment":[{"href":"https:\/\/orotech.lt\/en\/wp-json\/wp\/v2\/media?parent=24554"}],"wp:term":[{"taxonomy":"product_brand","embeddable":true,"href":"https:\/\/orotech.lt\/en\/wp-json\/wp\/v2\/product_brand?post=24554"},{"taxonomy":"product_cat","embeddable":true,"href":"https:\/\/orotech.lt\/en\/wp-json\/wp\/v2\/product_cat?post=24554"},{"taxonomy":"product_tag","embeddable":true,"href":"https:\/\/orotech.lt\/en\/wp-json\/wp\/v2\/product_tag?post=24554"}],"curies":[{"name":"wp","href":"https:\/\/api.w.org\/{rel}","templated":true}]}}