{"id":24600,"date":"2025-09-09T06:00:05","date_gmt":"2025-09-09T06:00:05","guid":{"rendered":"https:\/\/orotech.lt\/kvarcinis-infraraudonuju-spinduliu-sildytuvas-kumtel-ecoray-ex-23-su-stovu-2\/"},"modified":"2025-09-10T06:00:07","modified_gmt":"2025-09-10T06:00:07","slug":"kvarcinis-infraraudonuju-spinduliu-sildytuvas-kumtel-ecoray-ex-23-su-stovu-2","status":"publish","type":"product","link":"https:\/\/orotech.lt\/en\/kvarcinis-infraraudonuju-spinduliu-sildytuvas-kumtel-ecoray-ex-23-su-stovu-2\/","title":{"rendered":"Quartz infrared heater Kumtel Ecoray EX-23 with stand"},"content":{"rendered":"<p style=\"text-align: justify;\"><strong>Set - Kumtel Ecoray EX-23 heater and Trotec IR Tripod telescopic stand<\/strong><\/p>\n<p style=\"text-align: justify;\">Infrared heaters are a great solution for those looking to ensure sufficient heating of large rooms and save money at the same time. <strong>Kumtel Ecoray EX-23<\/strong> \u2013 is a wall-mounted heater with an adjustable thermostat. The IP20 protection class ensures safe use of the heater on terraces, gardens or other open spaces. Outdoors, the device should be installed under a roof so that it is protected from heavy rain.<\/p>\n<p style=\"text-align: center;\"><b><iframe allow=\"accelerometer; autoplay; clipboard-write; encrypted-media; gyroscope; picture-in-picture\" allowfullscreen=\"\" frameborder=\"0\" height=\"315\" src=\"https:\/\/www.youtube.com\/embed\/kY4zHVOr-Ys\" title=\"YouTube video player\" width=\"560\"><\/iframe><\/b><\/p>\n<p style=\"text-align: justify;\"><strong>Why is it worth choosing these heating devices?<\/strong><\/p>\n<ul>\n<li style=\"text-align: justify;\">\n\t\tQuickly heats a closed room or open space;<\/li>\n<li style=\"text-align: justify;\">\n\t\tAn excellent solution for heating individual zones in large and high rooms;<\/li>\n<li style=\"text-align: justify;\">\n\t\tHelps save up to 60 % of heat energy;<\/li>\n<li style=\"text-align: justify;\">\n\t\tHeats up in just 25 seconds;<\/li>\n<li style=\"text-align: justify;\">\n\t\tThe integrated thermostat turns the heater on or off depending on the ambient temperature;<\/li>\n<li style=\"text-align: justify;\">\n\t\tFirst, it heats the objects and people in the room or space;<\/li>\n<li style=\"text-align: justify;\">\n\t\tDoes not dry the air;<\/li>\n<li style=\"text-align: justify;\">\n\t\tCan be used outdoors - on terraces, etc. Heats open areas even in windy weather, resistant to rain;<\/li>\n<li style=\"text-align: justify;\">\n\t\tDoes not burn oxygen \u2013 prevents headaches that occur when the room is not sufficiently ventilated;<\/li>\n<li style=\"text-align: justify;\">\n\t\tProtects against the development of bacteria and microorganisms, prevents the accumulation of mold;<\/li>\n<li style=\"text-align: justify;\">\n\t\tDoes not emit an unpleasant odor;<\/li>\n<li style=\"text-align: justify;\">\n\t\tWorks without sound;<\/li>\n<li style=\"text-align: justify;\">\n\t\tEasily mounted to the wall;<\/li>\n<li style=\"text-align: justify;\">\n\t\tLong-lasting quartz lamps \u2013 last up to 5 thousand hours.<\/li>\n<\/ul>\n<p style=\"text-align: justify;\"><strong>Technical information:<\/strong><\/p>\n<ul>\n<li style=\"text-align: justify;\">\n\t\tProtection class: IP20;<\/li>\n<li style=\"text-align: justify;\">\n\t\tHeating power: 2300 W;<\/li>\n<li style=\"text-align: justify;\">\n\t\tHeated area (outdoor\/indoor): 11\/20 m2;<\/li>\n<li style=\"text-align: justify;\">\n\t\tHeater power supply: 220-240 V (50\/60 Hz);<\/li>\n<li style=\"text-align: justify;\">\n\t\tHeater dimensions: 830x190x100 mm;<\/li>\n<li style=\"text-align: justify;\">\n\t\tCable length: 0.95 m;<\/li>\n<li style=\"text-align: justify;\">\n\t\tWeight: 2.25 kg.<\/li>\n<\/ul>\n<p style=\"text-align: justify;\"><strong>Attention:<\/strong> \u012fjungto \u0161ildytuvo negalima judinti ir vartyti. Prie\u0161 \u012fjungiant Kumtel EX-23 jis turi b\u016bti stacionariai sumontuotas horizontalioje pad\u0117tyje. Prek\u0117s i\u0161vaizda gali tur\u0117ti neatitikim\u0173 su nuotrauka apra\u0161yme.&nbsp;<\/p>\n<p style=\"text-align: justify;\"><strong>Telescopic stand Trotec IR-TRIPOD<\/strong><\/p>\n<p style=\"text-align: justify;\"><strong>Technical information:<\/strong><\/p>\n<ul>\n<li style=\"text-align: justify;\">\n\t\tThe height of the stand can be adjusted from 110 to 175 cm;<\/li>\n<li style=\"text-align: justify;\">\n\t\tStand diameter \u2013 6 cm;<\/li>\n<li style=\"text-align: justify;\">\n\t\tThe stand is suitable for intra-floor radiant heaters and can be used in any room;<\/li>\n<li style=\"text-align: justify;\">\n\t\tThe stand is easy to install and requires no additional maintenance.<\/li>\n<li style=\"text-align: justify;\">\n\t\tWeight 3 kg.&nbsp;<\/li>\n<\/ul>","protected":false},"excerpt":{"rendered":"<p>Set - Kumtel Ecoray EX-23 heater and Trotec IR Tripod telescopic stand Infrared heaters are a great solution for those seeking to ensure<\/p>","protected":false},"featured_media":24601,"comment_status":"closed","ping_status":"open","template":"","meta":[],"product_brand":[],"product_cat":[23],"product_tag":[535],"class_list":{"0":"post-24600","1":"product","2":"type-product","3":"status-publish","4":"has-post-thumbnail","6":"product_cat-be-kategorijos","7":"product_tag-naujiena","9":"first","10":"onbackorder","11":"taxable","12":"shipping-taxable","13":"product-type-variable"},"_links":{"self":[{"href":"https:\/\/orotech.lt\/en\/wp-json\/wp\/v2\/product\/24600","targetHints":{"allow":["GET"]}}],"collection":[{"href":"https:\/\/orotech.lt\/en\/wp-json\/wp\/v2\/product"}],"about":[{"href":"https:\/\/orotech.lt\/en\/wp-json\/wp\/v2\/types\/product"}],"replies":[{"embeddable":true,"href":"https:\/\/orotech.lt\/en\/wp-json\/wp\/v2\/comments?post=24600"}],"version-history":[{"count":0,"href":"https:\/\/orotech.lt\/en\/wp-json\/wp\/v2\/product\/24600\/revisions"}],"wp:featuredmedia":[{"embeddable":true,"href":"https:\/\/orotech.lt\/en\/wp-json\/wp\/v2\/media\/24601"}],"wp:attachment":[{"href":"https:\/\/orotech.lt\/en\/wp-json\/wp\/v2\/media?parent=24600"}],"wp:term":[{"taxonomy":"product_brand","embeddable":true,"href":"https:\/\/orotech.lt\/en\/wp-json\/wp\/v2\/product_brand?post=24600"},{"taxonomy":"product_cat","embeddable":true,"href":"https:\/\/orotech.lt\/en\/wp-json\/wp\/v2\/product_cat?post=24600"},{"taxonomy":"product_tag","embeddable":true,"href":"https:\/\/orotech.lt\/en\/wp-json\/wp\/v2\/product_tag?post=24600"}],"curies":[{"name":"wp","href":"https:\/\/api.w.org\/{rel}","templated":true}]}}