{"id":24604,"date":"2025-09-09T06:00:05","date_gmt":"2025-09-09T06:00:05","guid":{"rendered":"https:\/\/orotech.lt\/isorines-groteles-rekuperatoriui-quantum-hr-100-next-100-2\/"},"modified":"2025-09-10T06:00:08","modified_gmt":"2025-09-10T06:00:08","slug":"isorines-groteles-rekuperatoriui-quantum-hr-100-next-100-2","status":"publish","type":"product","link":"https:\/\/orotech.lt\/en\/isorines-groteles-rekuperatoriui-quantum-hr-100-next-100-2\/","title":{"rendered":"I\u0161orin\u0117s grotel\u0117s rekuperatoriui Quantum HR 100, NEXT 100"},"content":{"rendered":"<p style=\"text-align: justify;\">I\u0161orin\u0117s metalin\u0117s gars\u0105 slopinan\u010dios&nbsp;grotel\u0117s, skirtos&nbsp;mini rekuperatoriams Quantum HR 100 PRO ir NEXT 100.<\/p>","protected":false},"excerpt":{"rendered":"<p>I\u0161orin\u0117s metalin\u0117s gars\u0105 slopinan\u010dios&nbsp;grotel\u0117s, skirtos&nbsp;mini rekuperatoriams Quantum HR 100 PRO ir NEXT 100.<\/p>","protected":false},"featured_media":24605,"comment_status":"closed","ping_status":"open","template":"","meta":[],"product_brand":[],"product_cat":[23],"product_tag":[535],"class_list":{"0":"post-24604","1":"product","2":"type-product","3":"status-publish","4":"has-post-thumbnail","6":"product_cat-be-kategorijos","7":"product_tag-naujiena","9":"first","10":"onbackorder","11":"taxable","12":"shipping-taxable","13":"product-type-variable"},"_links":{"self":[{"href":"https:\/\/orotech.lt\/en\/wp-json\/wp\/v2\/product\/24604","targetHints":{"allow":["GET"]}}],"collection":[{"href":"https:\/\/orotech.lt\/en\/wp-json\/wp\/v2\/product"}],"about":[{"href":"https:\/\/orotech.lt\/en\/wp-json\/wp\/v2\/types\/product"}],"replies":[{"embeddable":true,"href":"https:\/\/orotech.lt\/en\/wp-json\/wp\/v2\/comments?post=24604"}],"version-history":[{"count":0,"href":"https:\/\/orotech.lt\/en\/wp-json\/wp\/v2\/product\/24604\/revisions"}],"wp:featuredmedia":[{"embeddable":true,"href":"https:\/\/orotech.lt\/en\/wp-json\/wp\/v2\/media\/24605"}],"wp:attachment":[{"href":"https:\/\/orotech.lt\/en\/wp-json\/wp\/v2\/media?parent=24604"}],"wp:term":[{"taxonomy":"product_brand","embeddable":true,"href":"https:\/\/orotech.lt\/en\/wp-json\/wp\/v2\/product_brand?post=24604"},{"taxonomy":"product_cat","embeddable":true,"href":"https:\/\/orotech.lt\/en\/wp-json\/wp\/v2\/product_cat?post=24604"},{"taxonomy":"product_tag","embeddable":true,"href":"https:\/\/orotech.lt\/en\/wp-json\/wp\/v2\/product_tag?post=24604"}],"curies":[{"name":"wp","href":"https:\/\/api.w.org\/{rel}","templated":true}]}}