{"id":24621,"date":"2025-09-09T06:00:05","date_gmt":"2025-09-09T06:00:05","guid":{"rendered":"https:\/\/orotech.lt\/vamzdziu-sudurimai-p-100pj-mitsubishi-electric-mini-rekuperatoriui-2-vnt-2\/"},"modified":"2025-09-10T06:00:13","modified_gmt":"2025-09-10T06:00:13","slug":"vamzdziu-sudurimai-p-100pj-mitsubishi-electric-mini-rekuperatoriui-2-vnt-2","status":"publish","type":"product","link":"https:\/\/orotech.lt\/en\/vamzdziu-sudurimai-p-100pj-mitsubishi-electric-mini-rekuperatoriui-2-vnt-2\/","title":{"rendered":"Pipe joints for P-100PJ Mitsubishi Electric mini recuperator (2 pcs.)"},"content":{"rendered":"<p style=\"text-align: justify;\">Pipe joints P-100PJ, for Mitsubishi Electric mini recuperators VL-100U5E. The joint connects the unit&#039;s inlet\/outlet plastic pipes. The pipes are attached by screwing them into the joint. The set includes 2 pcs. joints.&nbsp;<\/p>\n<p style=\"text-align: justify;\"><strong>Technical information:<\/strong><\/p>\n<ul>\n<li>\n\t\tManufacturer: Mitsubishi Electric;<\/li>\n<li>\n\t\tModel: P-100PJ;<\/li>\n<li>\n\t\tCompatibility: Mitsubishi Electric mini recuperators VL-100U5E.<\/li>\n<\/ul>","protected":false},"excerpt":{"rendered":"<p>Vamzd\u017ei\u0173 sud\u016brimai P-100PJ, skirtas Mitsubishi Electric mini rekuperatoriams&nbsp;VL-100U5E. Jungtis sujungia \u012frenginio \u012fleidimo \/ i\u0161leidimo plastikinius vamzd\u017eius. Vamzd\u017eiai tvirtinami \u012fsukant juos<\/p>","protected":false},"featured_media":24622,"comment_status":"closed","ping_status":"open","template":"","meta":[],"product_brand":[],"product_cat":[23],"product_tag":[535],"class_list":{"0":"post-24621","1":"product","2":"type-product","3":"status-publish","4":"has-post-thumbnail","6":"product_cat-be-kategorijos","7":"product_tag-naujiena","9":"first","10":"onbackorder","11":"taxable","12":"shipping-taxable","13":"product-type-variable"},"_links":{"self":[{"href":"https:\/\/orotech.lt\/en\/wp-json\/wp\/v2\/product\/24621","targetHints":{"allow":["GET"]}}],"collection":[{"href":"https:\/\/orotech.lt\/en\/wp-json\/wp\/v2\/product"}],"about":[{"href":"https:\/\/orotech.lt\/en\/wp-json\/wp\/v2\/types\/product"}],"replies":[{"embeddable":true,"href":"https:\/\/orotech.lt\/en\/wp-json\/wp\/v2\/comments?post=24621"}],"version-history":[{"count":0,"href":"https:\/\/orotech.lt\/en\/wp-json\/wp\/v2\/product\/24621\/revisions"}],"wp:featuredmedia":[{"embeddable":true,"href":"https:\/\/orotech.lt\/en\/wp-json\/wp\/v2\/media\/24622"}],"wp:attachment":[{"href":"https:\/\/orotech.lt\/en\/wp-json\/wp\/v2\/media?parent=24621"}],"wp:term":[{"taxonomy":"product_brand","embeddable":true,"href":"https:\/\/orotech.lt\/en\/wp-json\/wp\/v2\/product_brand?post=24621"},{"taxonomy":"product_cat","embeddable":true,"href":"https:\/\/orotech.lt\/en\/wp-json\/wp\/v2\/product_cat?post=24621"},{"taxonomy":"product_tag","embeddable":true,"href":"https:\/\/orotech.lt\/en\/wp-json\/wp\/v2\/product_tag?post=24621"}],"curies":[{"name":"wp","href":"https:\/\/api.w.org\/{rel}","templated":true}]}}