{"id":24623,"date":"2025-09-09T06:00:05","date_gmt":"2025-09-09T06:00:05","guid":{"rendered":"https:\/\/orotech.lt\/2-in-1-sildytuvas-trotec-tch-2050-e-2\/"},"modified":"2025-09-10T06:00:14","modified_gmt":"2025-09-10T06:00:14","slug":"2-in-1-heater-trotec-tch-2050-e-2","status":"publish","type":"product","link":"https:\/\/orotech.lt\/en\/2-in-1-heater-trotec-tch-2050-e-2\/","title":{"rendered":"2 in 1 heater Trotec TCH 2050 E"},"content":{"rendered":"<p style=\"text-align: justify;\"><strong>Fast and pleasant warmth<\/strong><\/p>\n<p style=\"text-align: justify;\"><span>Su konvekciniu \u0161ildytuvu Trotec TCH 2050 E galite m\u0117gautis jaukia momentine \u0161iluma ruden\u012f, \u017eiem\u0105 ar v\u0117siomis pavasario dienomis. 2000 W \u0161ildymo galia &bdquo;TCH 2050 E&ldquo; u\u017etikrina maloni\u0105 temperat\u016br\u0105 patalpose iki 24 m&sup2; arba 60 m&sup3;. \u0160ildytuvas idealiai tinka miegamajame, vonioje, vaik\u0173 kambariuose, pob\u016bvi\u0173 sal\u0117se, biure, pardavimo vietose ir t.t.<\/span><\/p>\n<p style=\"text-align: justify;\"><span><strong>Perfect combination of convection heat and infrared radiation<\/strong><\/span><\/p>\n<p style=\"text-align: justify;\"><span>Unlike many other heating devices, the Trotec TCH 2050 E infrared heater does not radiate heat into the room in one direction. Instead, the combination of convection heating and infrared heating elements ensures that the heat is felt everywhere. In addition, the heating elements heat up extremely quickly, so you can enjoy the warmth within seconds. The Trotec TCH 2050 E heater is best placed in the middle of the room to ensure even and fast 3D heat distribution. <\/span><\/p>\n<p style=\"text-align: justify;\"><span><strong>Thermostat control ensures high comfort and low energy consumption<\/strong><\/span><\/p>\n<p style=\"text-align: justify;\"><span>Su nuotolinio valdymo pultu galima patogiai ir lengvai pasirinkti viena i\u0161 dviej\u0173 \u0161ildymo lygi\u0173: 1200 W arba 2000 W. Esama kambario temperat\u016bra visada rodoma LCD ekrane. Kad gal\u0117tum\u0117te optimaliai pritaikyti \u0161ildytuvo Trotec TCH 2050 E \u0161ildymo gali\u0105 pagal savo kambario temperat\u016br\u0105, jis turi i\u0161man\u0173j\u012f temperat\u016bros valdym\u0105 termostatu &ndash; tiesiog \u012fveskite pageidaujam\u0105 kambario temperat\u016br\u0105 nuo 15 &deg; C iki 35 &deg; C. \u0160ildytuvas \u0161ildo patalp\u0105 iki tol, kol pasiekiama i\u0161 anksto nustatyta temperat\u016bra, tuomet automati\u0161kai i\u0161sijungia. Kai tik reikia pa\u0161ildyti patalp\u0105, \u0161ildytuvas v\u0117l automati\u0161kai \u012fsijungia, kad kambario temperat\u016bra b\u016bt\u0173 pastovi. \u0160is procesas yra ypa\u010d efektyvus ir taupantis energij\u0105, nes \u0161ildytuvas \u0161ildo tik tiek, kiek reikia, kad b\u016bt\u0173 u\u017etikrinta maloni, patogi \u0161iluma.<\/span><\/p>\n<p style=\"text-align: center;\"><iframe allow=\"accelerometer; autoplay; clipboard-write; encrypted-media; gyroscope; picture-in-picture\" allowfullscreen=\"\" frameborder=\"0\" height=\"315\" src=\"https:\/\/www.youtube.com\/embed\/UxEGX6LAuxY\" title=\"YouTube video player\" width=\"560\"><\/iframe><\/p>\n<p style=\"text-align: justify;\"><span><strong>Quiet operation<\/strong><\/span><\/p>\n<p style=\"text-align: justify;\"><span>The Trotec TCH 2050 E model heater does not have a fan, so it does not create any dust in the room, which is especially important for allergy sufferers. In addition, the TCH 2050 E infrared heater operates completely silently, so it can be used in the bedroom. <\/span><\/p>\n<p style=\"text-align: justify;\"><span><strong>Room-filling warmth based on the principle of the sun<\/strong><\/span><\/p>\n<p style=\"text-align: justify;\"><span>Infrared radiation works according to the natural principle of the sun. It does not heat the air, but the surfaces of the objects it radiates onto. The objects accumulate heat and gradually release it back into the room, so that the heat continues to work even when the infrared heater TCH 2050 E is already switched off. Infrared radiation creates a pleasant feeling of natural solar warmth on the skin.<\/span><\/p>\n<p><span><strong>Advantages and technical features:<\/strong><\/span><\/p>\n<ul>\n<li>\n\t\t<span>Two heating levels;<\/span><\/li>\n<li>\n\t\t<span>3D principo \u0161ildymo sistema: kaitinimo elementas IR spinduliuot\u0119 skleid\u017eia i\u0161 abiej\u0173 pusi\u0173, o konvekcin\u0117 \u0161iluma &ndash; kyla auk\u0161tyn;<\/span><\/li>\n<li>\n\t\t<span>Auk\u0161tos kokyb\u0117s MICA ( \u017e\u0117ru\u010dio ) technologija &ndash; 3 sluoksni\u0173 kaitinimo plok\u0161tel\u0117s greitai sukurian\u010dios maloni\u0105 \u0161ilum\u0105;<\/span><\/li>\n<li>\n\t\t<span>LCD screen;<\/span><\/li>\n<li>\n\t\t<span><span>IR remote control;<\/span><\/span><\/li>\n<li>\n\t\t<span><span>Integrated controlled thermostat that turns the heater on\/off to maintain the desired temperature;<\/span><\/span><\/li>\n<li>\n\t\t<span>Automatic temperature control;<\/span><\/li>\n<li>\n\t\t<span>&bdquo;Stop-DryAir&ldquo; technologija, neleid\u017eianti sausinti patalpos oro;<\/span><\/li>\n<li>\n\t\t<span>Frost monitoring function;<\/span><\/li>\n<li>\n\t\t<span>Timer;<\/span><\/li>\n<li>\n\t\t<span>Energy-saving operation;<\/span><\/li>\n<li>\n\t\t<span>Protection against overheating and freezing;<\/span><\/li>\n<li>\n\t\t<span>Protection against device tipping over;<\/span><\/li>\n<li>\n\t\t<span>Additional handles and wheels allow for convenient transportation;<\/span><\/li>\n<li>\n\t\t<span>Quiet operation;<\/span><\/li>\n<\/ul>\n<p><span><strong>Technical characteristics:<\/strong><\/span><\/p>\n<ul>\n<li>\n\t\t<span>Two heating levels: 1200 W or 2000 W;<\/span><\/li>\n<li>\n\t\t<span>Patalpoms iki 24 m&sup2;\/60 m&sup3;;<\/span><\/li>\n<li>\n\t\t<span>3D \u0161ildymo sistema: kaitinimo elementas IR spinduliuot\u0119 skleid\u017eia i\u0161 abiej\u0173 pusi\u0173, o konvekcin\u0117 \u0161iluma &ndash; kyla auk\u0161tyn.<\/span><\/li>\n<li>\n\t\t<span>Termostatas: nuo 15 &deg; C iki 35 &deg; C<\/span><\/li>\n<li>\n\t\t<span>Power supply: 230 V\/50 \u2013 60 Hz;<\/span><\/li>\n<li>\n\t\t<span>Rated current: 8.7 A;<\/span><\/li>\n<li>\n\t\t<span>Protection class: I;<\/span><\/li>\n<li>\n\t\t<span>Connector: CEE 7\/7;<\/span><\/li>\n<li>\n\t\t<span>Cable length: 1.2 m;<\/span><\/li>\n<li>\n\t\t<span>Size: 660 x 640 x 260 mm;<\/span><\/li>\n<li>\n\t\t<span>Weight: 5 kg;<\/span><\/li>\n<\/ul>\n<p><a class=\"catalogue\" href=\"\/en\/images\/Userfiles\/www.rubisolis.lt_2_in_1_sildytuvas_Trotec_TCH_2050_E.pdf\/\" target=\"blank\">Download product manual<\/a><\/p>","protected":false},"excerpt":{"rendered":"<p>Fast and pleasant warmth With the Trotec TCH 2050 E convection heater you can enjoy cozy instant warmth in autumn, winter or cool weather.<\/p>","protected":false},"featured_media":24624,"comment_status":"closed","ping_status":"open","template":"","meta":[],"product_brand":[],"product_cat":[23],"product_tag":[535],"class_list":{"0":"post-24623","1":"product","2":"type-product","3":"status-publish","4":"has-post-thumbnail","6":"product_cat-be-kategorijos","7":"product_tag-naujiena","9":"first","10":"onbackorder","11":"taxable","12":"shipping-taxable","13":"product-type-variable"},"_links":{"self":[{"href":"https:\/\/orotech.lt\/en\/wp-json\/wp\/v2\/product\/24623","targetHints":{"allow":["GET"]}}],"collection":[{"href":"https:\/\/orotech.lt\/en\/wp-json\/wp\/v2\/product"}],"about":[{"href":"https:\/\/orotech.lt\/en\/wp-json\/wp\/v2\/types\/product"}],"replies":[{"embeddable":true,"href":"https:\/\/orotech.lt\/en\/wp-json\/wp\/v2\/comments?post=24623"}],"version-history":[{"count":0,"href":"https:\/\/orotech.lt\/en\/wp-json\/wp\/v2\/product\/24623\/revisions"}],"wp:featuredmedia":[{"embeddable":true,"href":"https:\/\/orotech.lt\/en\/wp-json\/wp\/v2\/media\/24624"}],"wp:attachment":[{"href":"https:\/\/orotech.lt\/en\/wp-json\/wp\/v2\/media?parent=24623"}],"wp:term":[{"taxonomy":"product_brand","embeddable":true,"href":"https:\/\/orotech.lt\/en\/wp-json\/wp\/v2\/product_brand?post=24623"},{"taxonomy":"product_cat","embeddable":true,"href":"https:\/\/orotech.lt\/en\/wp-json\/wp\/v2\/product_cat?post=24623"},{"taxonomy":"product_tag","embeddable":true,"href":"https:\/\/orotech.lt\/en\/wp-json\/wp\/v2\/product_tag?post=24623"}],"curies":[{"name":"wp","href":"https:\/\/api.w.org\/{rel}","templated":true}]}}