{"id":24655,"date":"2025-09-09T06:00:54","date_gmt":"2025-09-09T06:00:54","guid":{"rendered":"https:\/\/orotech.lt\/konvekcinis-sildytuvas-trotec-tch-26-e-2\/"},"modified":"2025-09-10T06:00:21","modified_gmt":"2025-09-10T06:00:21","slug":"convection-heater-trotec-tch-26-e-2","status":"publish","type":"product","link":"https:\/\/orotech.lt\/en\/convection-heater-trotec-tch-26-e-2\/","title":{"rendered":"Convection heater Trotec TCH 26 E"},"content":{"rendered":"<p>&lt;p style=&quot;text-align: justify;&quot;&gt;Stilingas ir kompakti&amp;scaron;kas &lt;strong&gt;konvekcinis &amp;scaron;ildytuvas&lt;\/strong&gt; Trotec TCH 26 E sukurs jauki\u0105 &amp;scaron;ilum\u0105 J\u016bs\u0173 namuose. Maksimali 2000 W &amp;scaron;ildytuvo galia u\u017etikrina &amp;scaron;vari\u0105 ir bekvap\u0119 &amp;scaron;ilum\u0105. &amp;Scaron;ildytuve esantis &amp;ldquo;turbo&amp;rdquo; ventiliatorius pagreitina oro cirkuliacij\u0105 ir taip grei\u010diau pasiekia nustatyt\u0105 temperat\u016br\u0105. &lt;strong&gt;Konvekcinis &amp;scaron;ildytuvas&lt;\/strong&gt; Trotec TCH 26 E turi integruot\u0105 laikmat\u012f, kurio d\u0117ka galite u\u017eprogramuoti individualius dienos &amp;scaron;ildymo laikotarpius: nuo 15 minu\u010di\u0173 iki 24 valand\u0173. Trotec TCH 26 E &amp;scaron;ildytuv\u0105 galima naudoti patalpose iki 24 m&amp;sup2; arba 60 m&amp;sup3;. Idealiai tinka naudoti kaip papildom\u0105 &amp;scaron;ildymo b\u016bd\u0105 v\u0117siose patalpose, kambariuose, r\u016bsiuose ar net gara\u017euose.&lt;\/p&gt;<br \/>\n&lt;p style=&quot;text-align: justify;&quot;&gt;&lt;span&gt;&lt;span&gt;&lt;strong&gt;Ekonomi&amp;scaron;kas valdymas termostatu&lt;\/strong&gt;&lt;\/span&gt;&lt;\/span&gt;&lt;\/p&gt;<br \/>\n&lt;p style=&quot;text-align: justify;&quot;&gt;&lt;span&gt;&lt;span&gt;Valdymas termostatu garantuoja ma\u017eas energijos s\u0105naudos, kadangi veikia pagal i&amp;scaron; anksto J\u016bs\u0173 nustatyt\u0105 veikimo laik\u0105 ir efektyviai reguliuoja &amp;scaron;ildymo gali\u0105 &amp;ndash; kai tik pasiekiamas i&amp;scaron; anksto nustatytas &amp;scaron;ilumos lygis, prietaisas automati&amp;scaron;kai i&amp;scaron;sijungia ir v\u0117l \u012fsijungia, kai temperat\u016bra nukrenta \u017eemiau nustatyto lygio. &lt;\/span&gt;&lt;\/span&gt;&lt;\/p&gt;<br \/>\n&lt;p&gt;&lt;span&gt;&lt;strong&gt;Advantages:&lt;\/strong&gt;&lt;\/span&gt;&lt;\/p&gt;<br \/>\n&lt;ul&gt;<br \/>\n&lt;li&gt;&lt;span&gt;Trys &amp;scaron;ildymo lygiai;&lt;\/span&gt;&lt;\/li&gt;<br \/>\n&lt;li&gt;&lt;span&gt;&amp;Scaron;vari ir bekvap\u0117 &amp;scaron;iluma;&lt;\/span&gt;&lt;\/li&gt;<br \/>\n&lt;li&gt;&lt;span&gt;Papildomas &amp;bdquo;turbo&amp;ldquo; ventiliatorius sukuria greitesn\u0119 oro cirkuliacija;&lt;\/span&gt;&lt;\/li&gt;<br \/>\n&lt;li&gt;&lt;span&gt;&lt;span&gt;Integruotas valdomas termostatas, kuris \u012fjungia\/i&amp;scaron;jungia &amp;scaron;ildytuv\u0105, kad palaikyt\u0173 norim\u0105 temperat\u016br\u0105;&lt;\/span&gt;&lt;\/span&gt;&lt;\/li&gt;<br \/>\n&lt;li&gt;&lt;span&gt;&amp;Scaron;al\u010dio steb\u0117jimo funkcija;&lt;\/span&gt;&lt;\/li&gt;<br \/>\n&lt;li&gt;&lt;span&gt;Timer;&lt;\/span&gt;&lt;\/li&gt;<br \/>\n&lt;li&gt;&lt;span&gt;24-hour operation capability;&lt;\/span&gt;&lt;\/li&gt;<br \/>\n&lt;li&gt;&lt;span&gt;Energy-saving operation;&lt;\/span&gt;&lt;\/li&gt;<br \/>\n&lt;li&gt;&lt;span&gt;Apsauga nuo perkaitimo ir u\u017e&amp;scaron;alimo;&lt;\/span&gt;&lt;\/li&gt;<br \/>\n&lt;li&gt;&lt;span&gt;Quiet operation;&lt;\/span&gt;&lt;\/li&gt;<br \/>\n&lt;li&gt;&lt;span&gt;Stability;&lt;\/span&gt;&lt;\/li&gt;<br \/>\n&lt;\/ul&gt;<br \/>\n&lt;p&gt;&lt;span&gt;&lt;strong&gt;Technical characteristics:&lt;\/strong&gt;&lt;\/span&gt;&lt;\/p&gt;<br \/>\n&lt;ul&gt;<br \/>\n&lt;li&gt;&lt;span&gt;Trys &amp;scaron;ildymo lygiai: 750 W, 1250 W arba 2000 W;&lt;\/span&gt;&lt;\/li&gt;<br \/>\n&lt;li&gt;&lt;span&gt;Patalpoms iki 24 m&amp;sup2;\/60 m&amp;sup3;;&lt;\/span&gt;&lt;\/li&gt;<br \/>\n&lt;li&gt;&lt;span&gt;Thermostat: 5&deg;C to 37&deg;C&lt;\/span&gt;&lt;\/li&gt;<br \/>\n&lt;li&gt;&lt;span&gt;Maitinimas: 220 &ndash; 240 V\/50 &ndash; 60 Hz;&lt;\/span&gt;&lt;\/li&gt;<br \/>\n&lt;li&gt;&lt;span&gt;Rated current: 8.7 A;&lt;\/span&gt;&lt;\/li&gt;<br \/>\n&lt;li&gt;&lt;span&gt;Connector: CEE 7\/7;&lt;\/span&gt;&lt;\/li&gt;<br \/>\n&lt;li&gt;&lt;span&gt;Cable length: 1.5 m;&lt;\/span&gt;&lt;\/li&gt;<br \/>\n&lt;li&gt;&lt;span&gt;Size: 600 x 380 x 220 mm;&lt;\/span&gt;&lt;\/li&gt;<br \/>\n&lt;li&gt;&lt;span&gt;Weight: 3.5 kg;&lt;\/span&gt;&lt;\/li&gt;<br \/>\n&lt;\/ul&gt;<br \/>\n&lt;p&gt;&lt;br \/&gt;&lt;a class=&quot;catalogue&quot; href=&quot;\/en\/images\/Userfiles\/www.rubisolis.lt_elektrinis_sildytuvas_Trotec_TRT_26_E4.pdf\/&quot; target=&quot;blank&quot;&gt;Download product manual&lt;\/a&gt;&lt;\/p&gt;<\/p>","protected":false},"excerpt":{"rendered":"<p>&lt;p style=&quot;text-align: justify;&quot;&gt;Stilingas ir kompakti&amp;scaron;kas &lt;strong&gt;konvekcinis &amp;scaron;ildytuvas&lt;\/strong&gt; Trotec TCH 26 E sukurs jauki\u0105 &amp;scaron;ilum\u0105 J\u016bs\u0173 namuose. Maksimali 2000 W &amp;scaron;ildytuvo<\/p>","protected":false},"featured_media":24656,"comment_status":"closed","ping_status":"open","template":"","meta":[],"product_brand":[],"product_cat":[23],"product_tag":[535],"class_list":{"0":"post-24655","1":"product","2":"type-product","3":"status-publish","4":"has-post-thumbnail","6":"product_cat-be-kategorijos","7":"product_tag-naujiena","9":"first","10":"onbackorder","11":"taxable","12":"shipping-taxable","13":"product-type-variable"},"_links":{"self":[{"href":"https:\/\/orotech.lt\/en\/wp-json\/wp\/v2\/product\/24655","targetHints":{"allow":["GET"]}}],"collection":[{"href":"https:\/\/orotech.lt\/en\/wp-json\/wp\/v2\/product"}],"about":[{"href":"https:\/\/orotech.lt\/en\/wp-json\/wp\/v2\/types\/product"}],"replies":[{"embeddable":true,"href":"https:\/\/orotech.lt\/en\/wp-json\/wp\/v2\/comments?post=24655"}],"version-history":[{"count":0,"href":"https:\/\/orotech.lt\/en\/wp-json\/wp\/v2\/product\/24655\/revisions"}],"wp:featuredmedia":[{"embeddable":true,"href":"https:\/\/orotech.lt\/en\/wp-json\/wp\/v2\/media\/24656"}],"wp:attachment":[{"href":"https:\/\/orotech.lt\/en\/wp-json\/wp\/v2\/media?parent=24655"}],"wp:term":[{"taxonomy":"product_brand","embeddable":true,"href":"https:\/\/orotech.lt\/en\/wp-json\/wp\/v2\/product_brand?post=24655"},{"taxonomy":"product_cat","embeddable":true,"href":"https:\/\/orotech.lt\/en\/wp-json\/wp\/v2\/product_cat?post=24655"},{"taxonomy":"product_tag","embeddable":true,"href":"https:\/\/orotech.lt\/en\/wp-json\/wp\/v2\/product_tag?post=24655"}],"curies":[{"name":"wp","href":"https:\/\/api.w.org\/{rel}","templated":true}]}}