{"id":24671,"date":"2025-09-09T06:00:54","date_gmt":"2025-09-09T06:00:54","guid":{"rendered":"https:\/\/orotech.lt\/mini-rekuperatoriaus-quantum-next-vidinis-dangtelis-vert-cover-next-2\/"},"modified":"2025-09-10T06:00:23","modified_gmt":"2025-09-10T06:00:23","slug":"mini-rekuperatoriaus-quantum-next-vidinis-dangtelis-vert-cover-next-2","status":"publish","type":"product","link":"https:\/\/orotech.lt\/en\/mini-rekuperatoriaus-quantum-next-vidinis-dangtelis-vert-cover-next-2\/","title":{"rendered":"Mini recuperator Quantum NEXT inner cover Vert-cover NEXT"},"content":{"rendered":"<p style=\"text-align: justify;\">High quality mini recuperator<a href=\"https:\/\/www.rubisolis.lt\/paieska?q=quantum+next\" target=\"_blank\" rel=\"nofollow noopener\">&nbsp;Quantum NEXT <\/a>&nbsp;The Vert-cover NEXT inner cover is made of durable and reliable ABS plastic. The white cover with a vertical air outlet and manual locking can be combined with Quantum NEXT model recuperators.<\/p>\n<p style=\"text-align: justify;\"><strong>Technical characteristics:<\/strong><\/p>\n<ul>\n<li>\n\t\tPurpose: mini recuperators Quantum NEXT 100 and Quantum NEXT 150;<\/li>\n<li>\n\t\tColor: white;<\/li>\n<li>\n\t\tMaterial: ABS;<\/li>\n<li>\n\t\tSize: 217 x 218 x 43 mm.<\/li>\n<\/ul>","protected":false},"excerpt":{"rendered":"<p>Auk\u0161tos kokyb\u0117s mini rekuperatoriaus&nbsp;Quantum NEXT &nbsp;vidinis dangtelis Vert-cover NEXT pagamintas i\u0161 tvirto ir patikimo ABS plastiko. Baltos spalvos dangtelis su<\/p>","protected":false},"featured_media":24672,"comment_status":"closed","ping_status":"open","template":"","meta":[],"product_brand":[],"product_cat":[23],"product_tag":[535],"class_list":{"0":"post-24671","1":"product","2":"type-product","3":"status-publish","4":"has-post-thumbnail","6":"product_cat-be-kategorijos","7":"product_tag-naujiena","9":"first","10":"onbackorder","11":"taxable","12":"shipping-taxable","13":"product-type-variable"},"_links":{"self":[{"href":"https:\/\/orotech.lt\/en\/wp-json\/wp\/v2\/product\/24671","targetHints":{"allow":["GET"]}}],"collection":[{"href":"https:\/\/orotech.lt\/en\/wp-json\/wp\/v2\/product"}],"about":[{"href":"https:\/\/orotech.lt\/en\/wp-json\/wp\/v2\/types\/product"}],"replies":[{"embeddable":true,"href":"https:\/\/orotech.lt\/en\/wp-json\/wp\/v2\/comments?post=24671"}],"version-history":[{"count":0,"href":"https:\/\/orotech.lt\/en\/wp-json\/wp\/v2\/product\/24671\/revisions"}],"wp:featuredmedia":[{"embeddable":true,"href":"https:\/\/orotech.lt\/en\/wp-json\/wp\/v2\/media\/24672"}],"wp:attachment":[{"href":"https:\/\/orotech.lt\/en\/wp-json\/wp\/v2\/media?parent=24671"}],"wp:term":[{"taxonomy":"product_brand","embeddable":true,"href":"https:\/\/orotech.lt\/en\/wp-json\/wp\/v2\/product_brand?post=24671"},{"taxonomy":"product_cat","embeddable":true,"href":"https:\/\/orotech.lt\/en\/wp-json\/wp\/v2\/product_cat?post=24671"},{"taxonomy":"product_tag","embeddable":true,"href":"https:\/\/orotech.lt\/en\/wp-json\/wp\/v2\/product_tag?post=24671"}],"curies":[{"name":"wp","href":"https:\/\/api.w.org\/{rel}","templated":true}]}}