{"id":24675,"date":"2025-09-09T06:00:54","date_gmt":"2025-09-09T06:00:54","guid":{"rendered":"https:\/\/orotech.lt\/kvarcinis-infraraudonuju-spinduliu-sildytuvas-trotec-ir-2570-s-2\/"},"modified":"2025-09-10T06:00:24","modified_gmt":"2025-09-10T06:00:24","slug":"quartz-infrared-heater-trotec-ir-2570-s-2","status":"publish","type":"product","link":"https:\/\/orotech.lt\/en\/quartz-infrared-heater-trotec-ir-2570-s-2\/","title":{"rendered":"Quartz infrared heater Trotec IR 2570 S"},"content":{"rendered":"<p style=\"text-align: justify;\">Infraraudon\u0173j\u0173 spinduli\u0173 terasinis \u0161ildytuvas Trotec IR 2570 S leis prailginti vakarus lauko terasoje, balkone ar net pav\u0117sin\u0117je! Integruoto laikma\u010dio d\u0117ka i\u0161 anksto galima nustatyti \u0161ildym\u0105 1 valandos intervalu (nuo 1 iki 24 valand\u0173). Idealiai tinkamas patalpoms iki 10-17 m&sup2;. D\u0117l keli\u0173 skirting\u0173 montavimo galimybi\u0173, infraraudon\u0173j\u0173 spinduli\u0173 \u0161ildytuvas yra idealus pasirinkimas vis\u0173 tip\u0173 maitinimo \u012fstaigose, lauko restoranuose, kavin\u0117se, baruose, maisto vagon\u0117liuose, renginiuose ar nuosavoje lauko terasoje, pav\u0117sin\u0117je!<\/p>\n<p style=\"text-align: justify;\"><span><strong>Simple and convenient<\/strong><\/span><\/p>\n<p style=\"text-align: justify;\"><span>The heat emitted by the heater is felt immediately after switching on. The heater has three different heating powers (850 W, 1650 W, 2500 W), which can be controlled with the control panel or with the remote control. Trotec IR 2570 S model <strong>outdoor heater<\/strong>, which is protected against dust and water splashes from all sides according to protection class IP34. <\/span><\/p>\n<p style=\"text-align: justify;\"><span><strong>Convenient installation<\/strong><\/span><\/p>\n<p style=\"text-align: justify;\"><span><strong>Outdoor heater<\/strong> Trotec IR 2570 S tinkamas montuoti prie sienos. Sieninis laikiklis, reikalingas tvirtinimui, \u012feina \u012f \u0161ildytuvo komplektacij\u0105. Laikiklio d\u0117ka, infraraudon\u0173j\u0173 spinduli\u0173 \u0161ildytuv\u0105 galima reguliuoti net iki 90&deg; kampu. Taip pat, \u0161\u012f \u0161ildytuv\u0105 galima montuoti ant <a href=\"https:\/\/www.rubisolis.lt\/1836-teleskopinis-stovas-trotec-irtripod.htmls\" rel=\"nofollow noopener\" target=\"_blank\">teleskopinio trikojo<\/a>. <a href=\"https:\/\/www.rubisolis.lt\/1836-teleskopinis-stovas-trotec-irtripod.htmls\" rel=\"nofollow noopener\" target=\"_blank\">Trikojis teleskopinis stovas<\/a> leis lanks\u010diau \u0161ildytuvus i\u0161d\u0117styti erdv\u0117je, o tai dar labiau efektyvina \u0161ildytuvo skleid\u017eiam\u0105 \u0161ilumos spindul\u012f.<\/span><\/p>\n<p style=\"text-align: justify;\"><span><strong>Timer function<\/strong><\/span><\/p>\n<p style=\"text-align: justify;\"><span>Using the 24-hour timer, the IR 2570 S heater can be conveniently programmed to turn off in 1-hour intervals. So you don&#039;t have to worry about turning off the device, as it turns off automatically, saving you energy.<\/span><\/p>\n<p style=\"text-align: justify;\"><span><strong>Heat based on the principle of the sun<\/strong><\/span><\/p>\n<p style=\"text-align: justify;\"><span>The high-quality quartz heating element generates heat according to the natural principle of solar radiation (infrared heat). This is particularly efficient, as a large part of the energy consumed is converted into direct heat. The Trotec IR 2570 S infrared heater does not heat the ambient air, but objects and people in the vicinity of the heater, absorbs the radiant heat, stores it and also releases it back into the environment as secondary radiation. The result is an even and targeted heat distribution in the space.<\/span><\/p>\n<p><span><strong>Advantages:<\/strong><\/span><\/p>\n<ul>\n<li>\n\t\t<span>Even heat distribution;<\/span><\/li>\n<li>\n\t\t<span>Three heating levels;<\/span><\/li>\n<li>\n\t\t<span>Patalpoms iki 10-17 m&sup2;;<\/span><\/li>\n<li>\n\t\t<span>IR remote control;<\/span><\/li>\n<li>\n\t\t<span>Protection against dust, moisture and splashes of water (IP34)<\/span><\/li>\n<li>\n\t\t<span>Timer;<\/span><\/li>\n<li>\n\t\t<span>Durable, high-quality materials;<\/span><\/li>\n<li>\n\t\t<span>Clean heating without smell and sound;<\/span><\/li>\n<li>\n\t\t<span>Energy saving;<\/span><\/li>\n<li>\n\t\t<span>Wall mount bracket;<\/span><\/li>\n<\/ul>\n<p><span><strong>Technical characteristics:<\/strong><\/span><\/p>\n<ul>\n<li>\n\t\t<span>Three heating levels: 850, 1650 and 2500 W;<\/span><\/li>\n<li>\n\t\t<span>Erdv\u0117ms iki 10 m&sup2;;<\/span><\/li>\n<li>\n\t\t<span>Protection class IP34;<\/span><\/li>\n<li>\n\t\t<span>Power supply: 220 \u2013 240 V\/50 Hz;<\/span><\/li>\n<li>\n\t\t<span>Rated current: 10.9 A;<\/span><\/li>\n<li>\n\t\t<span>Connector: CEE 7\/7;<\/span><\/li>\n<li>\n\t\t<span>Cable length: 1.8 m;<\/span><\/li>\n<li>\n\t\t<span>Size: 90 x 900 x 200 mm;<\/span><\/li>\n<li>\n\t\t<span>Weight: 3 kg;<\/span><\/li>\n<li>\n\t\t<span>Lankstumas: 90&deg;<\/span><\/li>\n<\/ul>\n<p><a class=\"catalogue\" href=\"https:\/\/www.rubisolis.lt\/\/failai\/files\/produktu%20pdf\/Trotec\/%C5%A0ildytuvai\/TRT-BA-IR2570S-TC-002-LT.pdf\" target=\"blank\" rel=\"nofollow noopener\">Download product manual<\/a><\/p>","protected":false},"excerpt":{"rendered":"<p>The Trotec IR 2570 S infrared patio heater will allow you to extend the evenings on your outdoor terrace, balcony or even in your gazebo! Thanks to the integrated timer<\/p>","protected":false},"featured_media":24676,"comment_status":"closed","ping_status":"open","template":"","meta":[],"product_brand":[],"product_cat":[23],"product_tag":[535],"class_list":{"0":"post-24675","1":"product","2":"type-product","3":"status-publish","4":"has-post-thumbnail","6":"product_cat-be-kategorijos","7":"product_tag-naujiena","9":"first","10":"onbackorder","11":"taxable","12":"shipping-taxable","13":"product-type-variable"},"_links":{"self":[{"href":"https:\/\/orotech.lt\/en\/wp-json\/wp\/v2\/product\/24675","targetHints":{"allow":["GET"]}}],"collection":[{"href":"https:\/\/orotech.lt\/en\/wp-json\/wp\/v2\/product"}],"about":[{"href":"https:\/\/orotech.lt\/en\/wp-json\/wp\/v2\/types\/product"}],"replies":[{"embeddable":true,"href":"https:\/\/orotech.lt\/en\/wp-json\/wp\/v2\/comments?post=24675"}],"version-history":[{"count":0,"href":"https:\/\/orotech.lt\/en\/wp-json\/wp\/v2\/product\/24675\/revisions"}],"wp:featuredmedia":[{"embeddable":true,"href":"https:\/\/orotech.lt\/en\/wp-json\/wp\/v2\/media\/24676"}],"wp:attachment":[{"href":"https:\/\/orotech.lt\/en\/wp-json\/wp\/v2\/media?parent=24675"}],"wp:term":[{"taxonomy":"product_brand","embeddable":true,"href":"https:\/\/orotech.lt\/en\/wp-json\/wp\/v2\/product_brand?post=24675"},{"taxonomy":"product_cat","embeddable":true,"href":"https:\/\/orotech.lt\/en\/wp-json\/wp\/v2\/product_cat?post=24675"},{"taxonomy":"product_tag","embeddable":true,"href":"https:\/\/orotech.lt\/en\/wp-json\/wp\/v2\/product_tag?post=24675"}],"curies":[{"name":"wp","href":"https:\/\/api.w.org\/{rel}","templated":true}]}}