{"id":24686,"date":"2025-09-09T06:00:54","date_gmt":"2025-09-09T06:00:54","guid":{"rendered":"https:\/\/orotech.lt\/hibridinis-oro-drekintuvas-valytuvas-clean-air-optima-ca-807\/"},"modified":"2025-09-10T06:00:25","modified_gmt":"2025-09-10T06:00:25","slug":"hibridinis-oro-drekintuvas-valytuvas-clean-air-optima-ca-807","status":"publish","type":"product","link":"https:\/\/orotech.lt\/en\/hibridinis-oro-drekintuvas-valytuvas-clean-air-optima-ca-807\/","title":{"rendered":"Hibridinis oro dr\u0117kintuvas-valytuvas Clean Air Optima CA-807"},"content":{"rendered":"<p>&lt;p&gt;&amp;Scaron;is unikalaus dizaino &lt;strong&gt;humidifier &lt;\/strong&gt;&amp;ndash;&amp;nbsp;valytuvas&lt;strong&gt;&amp;nbsp;&lt;\/strong&gt;CA-807&amp;nbsp;ne tik valo vidaus or\u0105, bet tuo pat metu dr\u0117kina patalpos or\u0105. &lt;strong&gt;Air humidifier &lt;\/strong&gt;&amp;ndash; valytuvas CA-807&amp;nbsp;gali b\u016bti naudojamas patalpoms, kuri\u0173 dydis yra iki 70 m&amp;sup2; \/ 175 m&amp;sup3;.&amp;nbsp;&lt;\/p&gt;<br \/>\n&lt;p&gt;&lt;span style=&quot;text-align: justify;&quot;&gt;Ventiliatorius \u012ftraukia u\u017eter&amp;scaron;t\u0105 ir saus\u0105 or\u0105, kuris pirmiausiai yra perfiltruojamas per aktyviosios anglies prie&amp;scaron;filtr\u012f, o tuomet nukreipiamas per besisukan\u010dius dr\u0117kinimo diskus su oro \u012ftraukimo briaunel\u0117mis.&lt;\/span&gt;&lt;strong style=&quot;text-align: justify;&quot;&gt;&amp;nbsp;I&amp;scaron;filtruotas oras yra nat\u016braliai i&amp;scaron;valomas, tad prilygsta orui i&amp;scaron;valytam lietaus ar vandens krioklio.&amp;nbsp;&lt;\/strong&gt;&lt;span style=&quot;text-align: justify;&quot;&gt;Ma\u017eiausios, iki 10 mikrometr\u0173 dalel\u0117s, yra surenkamos.&lt;\/span&gt;&lt;span style=&quot;text-align: justify;&quot;&gt;&amp;nbsp;&lt;\/span&gt;&lt;strong style=&quot;text-align: justify;&quot;&gt;Sistema veikia b&lt;\/strong&gt;&lt;strong style=&quot;text-align: justify;&quot;&gt;e kase&lt;\/strong&gt;&lt;strong style=&quot;text-align: justify;&quot;&gt;tini\u0173 filtr\u0173&lt;\/strong&gt;&lt;span style=&quot;text-align: justify;&quot;&gt;, tad yra ypatingai higieni&amp;scaron;ka d\u0117l antimikrobinio vandens filtro.&lt;\/span&gt;&lt;\/p&gt;<br \/>\n&lt;p style=&quot;text-align: justify;&quot;&gt;&lt;strong&gt;Air humidifier&lt;\/strong&gt;&amp;nbsp;&amp;ndash;&amp;nbsp;valytuvas CA-807 i&amp;scaron; Clean Air Optima&amp;reg; yra itin tinkamas asmenims, sergantiems astma, bronchitu, &amp;scaron;ienlige, turintiems alergij\u0173 dulk\u0117ms, gyv\u016bnams ar j\u0173 &amp;scaron;eriams, taip pat asmenims su silpna imunine sistema.&lt;\/p&gt;<br \/>\n&lt;p style=&quot;text-align: center;&quot;&gt;&lt;iframe src=&quot;https:\/\/www.youtube.com\/embed\/eVBrGq_VEVA&quot; frameborder=&quot;0&quot; width=&quot;560&quot; height=&quot;315&quot;&gt;&lt;\/iframe&gt;&lt;\/p&gt;<br \/>\n&lt;p&gt;&lt;strong&gt;Hibridin\u0117 sistema:&lt;\/strong&gt;&lt;\/p&gt;<br \/>\n&lt;ul&gt;<br \/>\n&lt;li&gt;Oro dr\u0117kinimas vyksta garinant v\u0117s\u0173 or\u0105;&lt;\/li&gt;<br \/>\n&lt;li&gt;Vanduo naudojamas kaip nat\u016bralus filtras oro valymui;&lt;\/li&gt;<br \/>\n&lt;li&gt;Naudojami aktyvuotos anglies prie&amp;scaron;filtris ir antimikrobinis vandens filtras.&lt;\/li&gt;<br \/>\n&lt;\/ul&gt;<br \/>\n&lt;p&gt;&lt;strong&gt;Dr\u0117kinimo savyb\u0117s:&lt;\/strong&gt;&lt;\/p&gt;<br \/>\n&lt;ul&gt;<br \/>\n&lt;li&gt;400 ml\/h, kai \u012fjungta Warm (pa&amp;scaron;ildymo) funkcija (greitasis dr\u0117kinimas);&lt;\/li&gt;<br \/>\n&lt;li&gt;200 ml\/h (nat\u016bralus dr\u0117kinimas).&lt;\/li&gt;<br \/>\n&lt;\/ul&gt;<br \/>\n&lt;p&gt;&lt;strong&gt;Skaitmeninis ekranas:&amp;nbsp;&lt;\/strong&gt;&lt;\/p&gt;<br \/>\n&lt;ul&gt;<br \/>\n&lt;li&gt;LED ekranas 40-50-60 ir 70% santykin\u0117s dr\u0117gm\u0117s;&amp;nbsp;&lt;\/li&gt;<br \/>\n&lt;li&gt;Oran\u017ein\u0117 &amp;bdquo;Sausoji zona&amp;ldquo;: 30-45% santykin\u0117s dr\u0117gm\u0117s;&lt;\/li&gt;<br \/>\n&lt;li&gt;M\u0117lynoji &amp;bdquo;Optimalioji zona&amp;ldquo;: 45-60% santykin\u0117s dr\u0117gm\u0117s;&lt;\/li&gt;<br \/>\n&lt;li&gt;Baltoji &amp;bdquo;Dr\u0117gnoji zona&amp;ldquo;: daugiau nei 60% santykin\u0117s dr\u0117gm\u0117s.&amp;nbsp;&lt;\/li&gt;<br \/>\n&lt;\/ul&gt;<br \/>\n&lt;p&gt;&lt;strong&gt;Keturios programos:&amp;nbsp;&lt;\/strong&gt;&lt;\/p&gt;<br \/>\n&lt;ul&gt;<br \/>\n&lt;li&gt;Dienos ir nakties valdymas;&lt;\/li&gt;<br \/>\n&lt;li&gt;Sleep (miego) re\u017eimu, kai ventiliatorius veikia silpnai;&lt;\/li&gt;<br \/>\n&lt;li&gt;Infant (vaiko) re\u017eimu, kai ventiliatorius veikia silpnai;&lt;\/li&gt;<br \/>\n&lt;li&gt;Auto (automatiniu) re\u017eimu, kai ventiliatorius veikia stipriai;&lt;\/li&gt;<br \/>\n&lt;li&gt;Health (sveikatos) re\u017eimu, kai ventiliatorius veikia turbo grei\u010diu.&amp;nbsp;&lt;\/li&gt;<br \/>\n&lt;\/ul&gt;<br \/>\n&lt;p&gt;&lt;strong&gt;&lt;span&gt;&lt;span&gt;Advantages:&lt;\/span&gt;&lt;\/span&gt;&lt;\/strong&gt;&lt;\/p&gt;<br \/>\n&lt;ul&gt;<br \/>\n&lt;li&gt;V\u0117saus oro garinimas saugo nuo daleli\u0173 patekimo \u012f patalp\u0173 or\u0105;&lt;\/li&gt;<br \/>\n&lt;li&gt;Nesusidaro kalki\u0173 nuos\u0117dos;&lt;\/li&gt;<br \/>\n&lt;li&gt;Nereikia nukalkinimo kase\u010di\u0173;&lt;\/li&gt;<br \/>\n&lt;li&gt;Nereikia chemini\u0173 med\u017eiag\u0173;&lt;\/li&gt;<br \/>\n&lt;li&gt;Jokio daleli\u0173 skaidymo, jokio garinimo ir jokios perteklinio dr\u0117kinimo rizikos;&lt;\/li&gt;<br \/>\n&lt;li&gt;Vidaus oras yra automati&amp;scaron;kai tinkamai dr\u0117kinamas;&lt;\/li&gt;<br \/>\n&lt;li&gt;Aktyvuotos anglies prie&amp;scaron;filtris sulaiko tokias daleles kaip p\u016bkeliai ar plaukai;&lt;\/li&gt;<br \/>\n&lt;li&gt;Aktyvuota anglis neutralizuoja d\u016bmus, chemikalus, dujas, kvapus bei saugo nuo bakterij\u0173, virus\u0173 ir pel\u0117si\u0173 dauginimosi;&lt;\/li&gt;<br \/>\n&lt;li&gt;&lt;strong&gt;Air humidifier&lt;\/strong&gt; &amp;ndash; valytuvas CA-807 turi&amp;nbsp;antimikrobin\u012f vandens filt\u0105, kuris yra lengvai pri\u017ei\u016brimas\/valomas;&lt;\/li&gt;<br \/>\n&lt;li&gt;Filtras yra pagamintas i&amp;scaron; cilindro su ma\u017eais plastikiniais rutuliukais. &amp;Scaron;ie plastikiniai rutuliukai yra \u012ftvirtinti nano sidabre, siekiant i&amp;scaron;vengti bakterij\u0173 dauginimosi ir kvap\u0173 susidarymo.&lt;\/li&gt;<br \/>\n&lt;\/ul&gt;<br \/>\n&lt;p&gt;&lt;a class=&quot;catalogue&quot; href=&quot;https:\/\/www.rubisolis.lt\/\/failai\/files\/ca-807.pdf&quot; target=&quot;blank&quot;&gt;Download product manual &lt;\/a&gt;&lt;\/p&gt;<\/p>","protected":false},"excerpt":{"rendered":"<p>&lt;p&gt;&amp;Scaron;is unikalaus dizaino &lt;strong&gt;humidifier &lt;\/strong&gt;&amp;ndash;&amp;nbsp;valytuvas&lt;strong&gt;&amp;nbsp;&lt;\/strong&gt;CA-807&amp;nbsp;ne tik valo vidaus or\u0105, bet tuo pat metu dr\u0117kina patalpos or\u0105. &lt;strong&gt;Air humidifier &lt;\/strong&gt;&amp;ndash;<\/p>","protected":false},"featured_media":24687,"comment_status":"closed","ping_status":"open","template":"","meta":[],"product_brand":[],"product_cat":[23],"product_tag":[535],"class_list":{"0":"post-24686","1":"product","2":"type-product","3":"status-publish","4":"has-post-thumbnail","6":"product_cat-be-kategorijos","7":"product_tag-naujiena","9":"first","10":"onbackorder","11":"taxable","12":"shipping-taxable","13":"product-type-variable"},"_links":{"self":[{"href":"https:\/\/orotech.lt\/en\/wp-json\/wp\/v2\/product\/24686","targetHints":{"allow":["GET"]}}],"collection":[{"href":"https:\/\/orotech.lt\/en\/wp-json\/wp\/v2\/product"}],"about":[{"href":"https:\/\/orotech.lt\/en\/wp-json\/wp\/v2\/types\/product"}],"replies":[{"embeddable":true,"href":"https:\/\/orotech.lt\/en\/wp-json\/wp\/v2\/comments?post=24686"}],"version-history":[{"count":0,"href":"https:\/\/orotech.lt\/en\/wp-json\/wp\/v2\/product\/24686\/revisions"}],"wp:featuredmedia":[{"embeddable":true,"href":"https:\/\/orotech.lt\/en\/wp-json\/wp\/v2\/media\/24687"}],"wp:attachment":[{"href":"https:\/\/orotech.lt\/en\/wp-json\/wp\/v2\/media?parent=24686"}],"wp:term":[{"taxonomy":"product_brand","embeddable":true,"href":"https:\/\/orotech.lt\/en\/wp-json\/wp\/v2\/product_brand?post=24686"},{"taxonomy":"product_cat","embeddable":true,"href":"https:\/\/orotech.lt\/en\/wp-json\/wp\/v2\/product_cat?post=24686"},{"taxonomy":"product_tag","embeddable":true,"href":"https:\/\/orotech.lt\/en\/wp-json\/wp\/v2\/product_tag?post=24686"}],"curies":[{"name":"wp","href":"https:\/\/api.w.org\/{rel}","templated":true}]}}