{"id":24697,"date":"2025-09-09T06:05:08","date_gmt":"2025-09-09T06:05:08","guid":{"rendered":"https:\/\/orotech.lt\/sausintuvas-oro-valytuvas-clean-air-ca-706-smart-hepa-2\/"},"modified":"2025-09-10T06:00:26","modified_gmt":"2025-09-10T06:00:26","slug":"sausintuvas-oro-valytuvas-clean-air-ca-706-smart-hepa-2","status":"publish","type":"product","link":"https:\/\/orotech.lt\/en\/sausintuvas-oro-valytuvas-clean-air-ca-706-smart-hepa-2\/","title":{"rendered":"Sausintuvas &#8211; oro valytuvas Clean Air CA-706 Smart HEPA"},"content":{"rendered":"<p>&lt;p style=&quot;text-align: justify;&quot;&gt;Humidity is very important for achieving an optimal indoor climate. The optimal humidity level recommended by medical professionals in indoor environments is between 40 and 60% relative humidity.&lt;\/p&gt;<br \/>\n&lt;p style=&quot;text-align: justify;&quot;&gt;If indoor air is too humid, air quality can be severely compromised by mold spores, allergens, and respiratory problems.&lt;\/p&gt;<br \/>\n&lt;p style=&quot;text-align: justify;&quot;&gt;&lt;strong&gt;Optimal humidity is essential for health and damage prevention&lt;\/strong&gt;&lt;\/p&gt;<br \/>\n&lt;p style=&quot;text-align: justify;&quot;&gt;Daugiafunkcis Clean Air Optima&amp;reg; sausintuvas CA-706 Smart veikia prevenci&amp;scaron;kai, kad apsaugot\u0173 nuo didel\u0117s dr\u0117gm\u0117s ir naikinan\u010dios korozijos, kenksmingo kondensato, ledo ir pel\u0117si\u0173 susidarymo, apsaugo nuo nepageidaujam\u0173 bakterij\u0173 dauginimosi, suma\u017eina kvap\u0173 perdavim\u0105 ir yra veiksmingas d\u017eiovinant pastatus esamose ar naujose patalpose. statyba.&lt;\/p&gt;<br \/>\n&lt;p style=&quot;text-align: justify;&quot;&gt;&lt;strong&gt;Galingas Clean Air Optima&amp;reg; kondensatas &ndash; sausintuvas CA-706 Smart kovoja su r\u016bdimis ir pel\u0117siu!&lt;\/strong&gt;&lt;\/p&gt;<br \/>\n&lt;p style=&quot;text-align: justify;&quot;&gt;&amp;Scaron;is daugiafunkcis oro sausintuvas CA-706 Smart i&amp;scaron; Clean Air Optima&amp;reg; ne tik sulaiko pel\u0117si\u0173 sporas, bet ir i&amp;scaron;laisvina patalp\u0173 or\u0105 nuo varginan\u010di\u0173 gyv\u016bn\u0173 plauk\u0173, \u017eiedadulki\u0173 ir dulki\u0173, naudodamas integruot\u0105 nuolatin\u012f veikim\u0105 ir itin efektyvi\u0105 oro valymo funkcij\u0105 su penki\u0173 sluoksni\u0173 filtro technologija.&lt;\/p&gt;<br \/>\n&lt;p style=&quot;text-align: justify;&quot;&gt;&lt;strong&gt;Alergi&amp;scaron;ki \u017emon\u0117s pagaliau gal\u0117s kv\u0117puoti!&lt;\/strong&gt;&lt;\/p&gt;<br \/>\n&lt;p style=&quot;text-align: justify;&quot;&gt;I&amp;scaron;skirtinio dizaino, plonas ir kompakti&amp;scaron;kas oro dr\u0117kintuvas tinka bet kokiam interjerui. &amp;bdquo;Clean Air Optima&amp;reg;&amp;ldquo; kondensacinis sausintuvas CA-706 Smart yra tinkamas automatiniam oro sausinimui d\u0117l \u012fmontuoto higrostato. Tiesiog sukonfig\u016bruokite norim\u0105 dr\u0117gm\u0119, o &amp;scaron;is efektyvus dr\u0117kintuvas padarys visa kita.&amp;nbsp;&lt;\/p&gt;<br \/>\n&lt;p style=&quot;text-align: justify;&quot;&gt;&lt;strong&gt;Penkios filtr\u0173 technologijos efektyviam oro valymui&lt;\/strong&gt;&lt;\/p&gt;<br \/>\n&lt;p style=&quot;text-align: justify;&quot;&gt;&lt;strong&gt;1. Aktyvuotos anglies filtras.&lt;\/strong&gt; Aktyvuota anglis neutralizuoja d\u016bmus, chemines med\u017eiagas, dujas ir kvapus, neleid\u017eia daugintis bakterijoms, virusams ir grybeliams.&lt;br \/&gt;&lt;strong&gt;2. Pirminis filtra&lt;\/strong&gt;s. Pirminis filtras sulaiko dideles dulki\u0173 daleles, tokias kaip p\u016bkeliai, plaukai ir namini\u0173 gyv\u016bn\u0117li\u0173 pleiskanos.&lt;br \/&gt;&lt;strong&gt;3.HEPA H13 filtras su nano sidabro danga&lt;\/strong&gt;. I&amp;scaron;valo 99,97 % visos suspenduotos med\u017eiagos iki 0,3 mikrometro (0,3 &amp;micro;m) nuo oro. HEPA filtras yra efektyviausias oro filtras, skirtas pa&amp;scaron;alinti:&lt;\/p&gt;<br \/>\n&lt;ul&gt;<br \/>\n&lt;li&gt;smulkias dulkes, cigare\u010di\u0173 d\u016bmus, \u017eiedadulkes&lt;\/li&gt;<br \/>\n&lt;li&gt;alergenus&lt;\/li&gt;<br \/>\n&lt;li&gt;bet kokias kitas kiet\u0105sias daleles&lt;\/li&gt;<br \/>\n&lt;li&gt;antibakterinis nano sidabro sluoksnis ant filtro pa&amp;scaron;alina bakterijas ir grybelius.&lt;\/li&gt;<br \/>\n&lt;\/ul&gt;<br \/>\n&lt;p style=&quot;text-align: justify;&quot;&gt;&lt;strong&gt;4. UV-C lempa.&lt;\/strong&gt; Nuolatin\u0117s lempos ultravioletin\u0117 &amp;scaron;viesa (UV-C spinduliuot\u0117), kurios bangos ilgis yra 254 nm, naikina sveikatai kenksmingus mikroorganizmus, tokius kaip: mikrobus, virusus, grybelius (pel\u0117si\u0173 sporas) ir bakterijas.&lt;br \/&gt;&lt;strong&gt;5. Jonizatorius. &lt;\/strong&gt;Jonizatoriaus talpa &amp;gt; 3 000 000 neigiam\u0173 jon\u0173 \/ cm&amp;sup3;, kurie yra pasklid\u0119 visoje patalpoje, neutralizuojantys kenksmingas med\u017eiagas ir kvapus. Jonizatorius gamina neigiamus jonus, kad i&amp;scaron;valyt\u0173 patalp\u0173 or\u0105 ir praturtint\u0173 j\u012f aktyviu deguonimi. Nemalon\u016bs kvapai neutralizuojami, o ter&amp;scaron;alai i&amp;scaron;valomi i&amp;scaron; oro. Neigiami jonai taip pat turi stipr\u0173 antistatin\u012f poveik\u012f.&amp;nbsp; &amp;nbsp; &amp;nbsp;&lt;\/p&gt;<br \/>\n&lt;p style=&quot;text-align: justify;&quot;&gt;&lt;strong&gt;I&amp;scaron;manus valdymas&lt;\/strong&gt;&lt;\/p&gt;<br \/>\n&lt;p style=&quot;text-align: justify;&quot;&gt;Oro sausintuvas-valytuvas gali b\u016bti valdomas per nuotol\u012f, i&amp;scaron; bet kokio kambario naudojant speciali\u0105 program\u0117l\u0119. Tai suteikia galimyb\u0119 lengvai ir greitai valdyti \u012frengin\u012f net per nuotol\u012f.&lt;\/p&gt;<br \/>\n&lt;p style=&quot;text-align: justify;&quot;&gt;You can download the required app here:&lt;\/p&gt;<br \/>\n&lt;p style=&quot;text-align: justify;&quot;&gt;&lt;a href=&quot;https:\/\/apps.apple.com\/np\/app\/cleanairoptima\/id1597731227&quot;&gt;Apple App Store&lt;\/a&gt;&lt;br \/&gt;&lt;a href=&quot;https:\/\/play.google.com\/store\/apps\/details?id=com.cleanairoptima.smart&amp;amp;gl&quot;&gt;Google Play Store&amp;nbsp;&amp;nbsp;&lt;\/a&gt;&lt;\/p&gt;<br \/>\n&lt;p style=&quot;text-align: justify;&quot;&gt;&lt;strong&gt;Technical characteristics:&lt;\/strong&gt;&lt;\/p&gt;<br \/>\n&lt;ul&gt;<br \/>\n&lt;li&gt;Tinka patalpoms iki 70 m&amp;sup2; \/ 175 m&amp;sup3;;&lt;\/li&gt;<br \/>\n&lt;li&gt;Sugeriamas dr\u0117gm\u0117s kiekis: 20 l \/ 24 h;&lt;\/li&gt;<br \/>\n&lt;li&gt;Vandens bako talpa: 6,5 l;&lt;\/li&gt;<br \/>\n&lt;li&gt;Sausintuvo matmenys: 570 x 340 x 240 mm;&lt;\/li&gt;<br \/>\n&lt;li&gt;Oro srautas: iki 195&amp;nbsp;m&amp;sup3;\/h.&lt;\/li&gt;<br \/>\n&lt;\/ul&gt;<br \/>\n&lt;p&gt;&lt;a class=&quot;catalogue&quot; href=&quot;https:\/\/rubisolis.lt\/images\/Userfiles\/My_folder\/Instrukcijos\/Instrukcija_Sausintuvas_-_oro_valytuvas_Clean_Air_CA-706_Smart_HEPA.pdf&quot; target=&quot;blank&quot;&gt;&amp;nbsp; Download product manual&lt;br \/&gt;&lt;\/a&gt;&lt;\/p&gt;<\/p>","protected":false},"excerpt":{"rendered":"<p>&lt;p style=&quot;text-align: justify;&quot;&gt;Siekiant optimalaus patalp\u0173 klimato, dr\u0117gm\u0117 yra labai svarbi. Gydytoj\u0173 specialist\u0173 rekomenduojama optimali oro dr\u0117gm\u0117 u\u017edarose patalpose yra nuo<\/p>","protected":false},"featured_media":24699,"comment_status":"closed","ping_status":"open","template":"","meta":[],"product_brand":[],"product_cat":[23],"product_tag":[535],"class_list":{"0":"post-24697","1":"product","2":"type-product","3":"status-publish","4":"has-post-thumbnail","6":"product_cat-be-kategorijos","7":"product_tag-naujiena","9":"first","10":"onbackorder","11":"taxable","12":"shipping-taxable","13":"product-type-variable"},"_links":{"self":[{"href":"https:\/\/orotech.lt\/en\/wp-json\/wp\/v2\/product\/24697","targetHints":{"allow":["GET"]}}],"collection":[{"href":"https:\/\/orotech.lt\/en\/wp-json\/wp\/v2\/product"}],"about":[{"href":"https:\/\/orotech.lt\/en\/wp-json\/wp\/v2\/types\/product"}],"replies":[{"embeddable":true,"href":"https:\/\/orotech.lt\/en\/wp-json\/wp\/v2\/comments?post=24697"}],"version-history":[{"count":1,"href":"https:\/\/orotech.lt\/en\/wp-json\/wp\/v2\/product\/24697\/revisions"}],"predecessor-version":[{"id":24698,"href":"https:\/\/orotech.lt\/en\/wp-json\/wp\/v2\/product\/24697\/revisions\/24698"}],"wp:featuredmedia":[{"embeddable":true,"href":"https:\/\/orotech.lt\/en\/wp-json\/wp\/v2\/media\/24699"}],"wp:attachment":[{"href":"https:\/\/orotech.lt\/en\/wp-json\/wp\/v2\/media?parent=24697"}],"wp:term":[{"taxonomy":"product_brand","embeddable":true,"href":"https:\/\/orotech.lt\/en\/wp-json\/wp\/v2\/product_brand?post=24697"},{"taxonomy":"product_cat","embeddable":true,"href":"https:\/\/orotech.lt\/en\/wp-json\/wp\/v2\/product_cat?post=24697"},{"taxonomy":"product_tag","embeddable":true,"href":"https:\/\/orotech.lt\/en\/wp-json\/wp\/v2\/product_tag?post=24697"}],"curies":[{"name":"wp","href":"https:\/\/api.w.org\/{rel}","templated":true}]}}