{"id":24719,"date":"2025-09-09T06:05:08","date_gmt":"2025-09-09T06:05:08","guid":{"rendered":"https:\/\/orotech.lt\/sausintuvas-clean-air-ca-703w-2\/"},"modified":"2025-09-10T06:00:28","modified_gmt":"2025-09-10T06:00:28","slug":"sausintuvas-clean-air-ca-703w-2","status":"publish","type":"product","link":"https:\/\/orotech.lt\/en\/sausintuvas-clean-air-ca-703w-2\/","title":{"rendered":"Dehumidifier Clean Air CA-703W"},"content":{"rendered":"<p>&lt;p&gt;&lt;strong&gt;The CA-703W dehumidifier with unique technology prevents mold and improves air quality&lt;\/strong&gt;&lt;\/p&gt;<br \/>\n&lt;p&gt;Norint u\u017etikrinti optimal\u0173 patalp\u0173 klimat\u0105, labai svarbi dr\u0117gm\u0117. Medicinos specialist\u0173 rekomenduojamas optimalus dr\u0117gnumas u\u017edarose patalpose yra nuo 40 iki 60%&amp;nbsp; dr\u0117gm\u0117s. Jei patalp\u0173 oras yra per dr\u0117gnas, oro kokybei gali labai pakenkti pel\u0117si\u0173 sporos, alergenai ir kv\u0117pavimo sutrikimai.&lt;\/p&gt;<br \/>\n&lt;p&gt;Clean Air sausintuvas CA-703W naudodamas 3 sluoksni\u0173 filtravimo technologij\u0105, prakti&amp;scaron;kai i&amp;scaron;valo visas nepageidaujamas med\u017eiagas, kvapus ir mikroorganizmus i&amp;scaron; patalp\u0173 oro.&lt;\/p&gt;<br \/>\n&lt;p&gt;Elektrinis oro sausintuvas CA-703W su jonizatoriumi, UV &amp;scaron;viesa ir fotokataliziniu filtru, skirtas oro valymui. Per par\u0105 jis sugeria 700 ml&amp;nbsp; (esant 30&amp;deg;C ir 80% santykinei oro dr\u0117gmei). &amp;Scaron;is sausintuvas tinkamas patalpoms iki 20m&amp;sup2;\/50m&amp;sup3;. Unikali CA-703W konstrukcija sujungia efektyv\u0173 dr\u0117gm\u0117s pa&amp;scaron;alinim\u0105 su galingu oro valymu, eleganti&amp;scaron;ku dizainu, dideliu funkcionalumu ir patvarumu.&lt;\/p&gt;<br \/>\n&lt;p&gt;Universalus Clean Air Optima&amp;reg; CA-703W &amp;ndash; elektroninis oro sausintuvas su galingu oro valymu, yra kompakti&amp;scaron;kas, tylus ir labai efektyvus.&amp;Scaron;is sausintuvas tinkamas naudoti ma\u017eesn\u0117se gyvenamosiose patalpose, biure, skalbykloje, d\u017eiovykloje, ar kitose ma\u017eose erdv\u0117se.&lt;\/p&gt;<br \/>\n&lt;p&gt;&lt;strong&gt;Efektyvus patalp\u0173 oro dr\u0117gm\u0117s &amp;scaron;alinimas ir valymas &amp;scaron;e&amp;scaron;iais etapais:&lt;\/strong&gt;&lt;\/p&gt;<br \/>\n&lt;ol&gt;<br \/>\n&lt;li&gt;Ne&amp;scaron;varaus patalp\u0173 oro \u012ftraukimas naudojant \u017eemo triuk&amp;scaron;mo, rutuliniais guoliais apr\u016bpint\u0105 auk&amp;scaron;tos kokyb\u0117s ventiliatori\u0173;&lt;\/li&gt;<br \/>\n&lt;li&gt;Dr\u0117gnas oras pereina per &lt;em&gt;Peltier &lt;\/em&gt;elementus. Dr\u0117gm\u0117 kondensuojasi ir surenkama \u012f 2 litr\u0173 talpykl\u0105;&lt;\/li&gt;<br \/>\n&lt;li&gt;Jonizatorius, kurio talpa yra &amp;gt;3,000,000 neigiam\u0173 jon\u0173\/cm&amp;sup3;, valo ir gaivina patalp\u0173 or\u0105;&lt;\/li&gt;<br \/>\n&lt;li&gt;UV LED (ultravioletin\u0117) &amp;scaron;viesa naikina bakterijas, grybus, pel\u0117si\u0173 sporas ir virusus;&lt;\/li&gt;<br \/>\n&lt;li&gt;Fotokatalitinis filtras ir UV LED pa&amp;scaron;alina nemalonius kvapus ir naikina bakterijas bei virusus;&lt;\/li&gt;<br \/>\n&lt;li&gt;Antibakterin\u0117 med\u017eiaga, integruota \u012f lengv\u0105 korpus\u0105. &amp;Scaron;varus ir gaivus oras patenka \u012f patalpas.&amp;nbsp;&lt;\/li&gt;<br \/>\n&lt;\/ol&gt;<br \/>\n&lt;p&gt;&lt;strong&gt;Didel\u0117 vandens talpa&lt;\/strong&gt;&lt;\/p&gt;<br \/>\n&lt;p&gt;Sausintuvo vandens talpa &amp;ndash; 2 litrai, tad tai garantuoja ilgesn\u012f nenutr\u016bkstam\u0105 prietaiso veikimo laik\u0105.&lt;\/p&gt;<br \/>\n&lt;p&gt;&lt;strong&gt;Galimas veikimas be perstojo&lt;\/strong&gt;&lt;\/p&gt;<br \/>\n&lt;p&gt;\u012erenginys i&amp;scaron;sijungia automati&amp;scaron;kai, kai vandens bakas prisipildo, o ekrane u\u017esidega LED indikatorius. Vandens rezervuare susikaupus\u012f kondensat\u0105 taip pat galima i&amp;scaron;leisti tiesiogiai, prijungus komplektacijoje esan\u010di\u0105 i&amp;scaron;leidimo \u017earn\u0105. Tai rei&amp;scaron;kia, kad sausintuvas CA-703W yra tinkamas nuolatiniam darbui ir be prie\u017ei\u016bros.&amp;nbsp;&lt;\/p&gt;<br \/>\n&lt;p&gt;&lt;strong&gt;Technical characteristics:&lt;\/strong&gt;&lt;\/p&gt;<br \/>\n&lt;ul&gt;<br \/>\n&lt;li&gt;Tinka patalpoms iki 20m&amp;sup2; \/ 50m&amp;sup3; \/ 215ft&amp;sup2;;&lt;\/li&gt;<br \/>\n&lt;li&gt;Sausinimo paj\u0117gumas 700 ml per dien\u0105 (30&amp;deg;C \/ Rv80%);&amp;nbsp;&lt;\/li&gt;<br \/>\n&lt;li&gt;Dr\u0117gm\u0117s &amp;scaron;alinimo technologija: Termoelektrinis &lt;em&gt;Peltier &lt;\/em&gt;elementas;&lt;\/li&gt;<br \/>\n&lt;li&gt;Filtr\u0173 technologijos: Jonizatorius, UV &amp;scaron;viesa ir fotokatalizinis filtras;&lt;\/li&gt;<br \/>\n&lt;li&gt;Vandens talpa &amp;ndash; 2 l;&lt;\/li&gt;<br \/>\n&lt;li&gt;Matmenys:&amp;nbsp;24 x 14 x 36 cm.&amp;nbsp;&lt;\/li&gt;<br \/>\n&lt;\/ul&gt;<br \/>\n&lt;p style=&quot;text-align: center;&quot;&gt;&lt;iframe src=&quot;https:\/\/www.youtube.com\/embed\/s2zHBlBINu4?si=lVeH1EdcDn8tX0Ja&quot; frameborder=&quot;0&quot; width=&quot;560&quot; height=&quot;315&quot;&gt;&lt;\/iframe&gt;&lt;\/p&gt;<br \/>\n&lt;p&gt;&amp;nbsp;&lt;\/p&gt;<br \/>\n&lt;p&gt;&lt;a class=&quot;catalogue&quot; href=&quot;https:\/\/rubisolis.lt\/images\/Userfiles\/My_folder\/instrukcija_Sausintuvas_Clean_Air_CA-703W.pdf&quot; target=&quot;blank&quot;&gt;Download product manual&amp;nbsp;&lt;\/a&gt;&lt;\/p&gt;<\/p>","protected":false},"excerpt":{"rendered":"<p>&lt;p&gt;&lt;strong&gt;The CA-703W dehumidifier with unique technology prevents mold and improves air quality&lt;\/strong&gt;&lt;\/p&gt; &lt;p&gt;Norint u\u017etikrinti optimal\u0173 patalp\u0173 klimat\u0105, labai svarbi dr\u0117gm\u0117. Medicinos<\/p>","protected":false},"featured_media":24721,"comment_status":"closed","ping_status":"open","template":"","meta":[],"product_brand":[],"product_cat":[23],"product_tag":[535],"class_list":{"0":"post-24719","1":"product","2":"type-product","3":"status-publish","4":"has-post-thumbnail","6":"product_cat-be-kategorijos","7":"product_tag-naujiena","9":"first","10":"onbackorder","11":"taxable","12":"shipping-taxable","13":"product-type-variable"},"_links":{"self":[{"href":"https:\/\/orotech.lt\/en\/wp-json\/wp\/v2\/product\/24719","targetHints":{"allow":["GET"]}}],"collection":[{"href":"https:\/\/orotech.lt\/en\/wp-json\/wp\/v2\/product"}],"about":[{"href":"https:\/\/orotech.lt\/en\/wp-json\/wp\/v2\/types\/product"}],"replies":[{"embeddable":true,"href":"https:\/\/orotech.lt\/en\/wp-json\/wp\/v2\/comments?post=24719"}],"version-history":[{"count":1,"href":"https:\/\/orotech.lt\/en\/wp-json\/wp\/v2\/product\/24719\/revisions"}],"predecessor-version":[{"id":24720,"href":"https:\/\/orotech.lt\/en\/wp-json\/wp\/v2\/product\/24719\/revisions\/24720"}],"wp:featuredmedia":[{"embeddable":true,"href":"https:\/\/orotech.lt\/en\/wp-json\/wp\/v2\/media\/24721"}],"wp:attachment":[{"href":"https:\/\/orotech.lt\/en\/wp-json\/wp\/v2\/media?parent=24719"}],"wp:term":[{"taxonomy":"product_brand","embeddable":true,"href":"https:\/\/orotech.lt\/en\/wp-json\/wp\/v2\/product_brand?post=24719"},{"taxonomy":"product_cat","embeddable":true,"href":"https:\/\/orotech.lt\/en\/wp-json\/wp\/v2\/product_cat?post=24719"},{"taxonomy":"product_tag","embeddable":true,"href":"https:\/\/orotech.lt\/en\/wp-json\/wp\/v2\/product_tag?post=24719"}],"curies":[{"name":"wp","href":"https:\/\/api.w.org\/{rel}","templated":true}]}}