{"id":24737,"date":"2025-09-09T06:05:08","date_gmt":"2025-09-09T06:05:08","guid":{"rendered":"https:\/\/orotech.lt\/sausintuvas-oro-valytuvas-clean-air-ca-707-smart-hepa\/"},"modified":"2025-09-10T06:00:30","modified_gmt":"2025-09-10T06:00:30","slug":"sausintuvas-oro-valytuvas-clean-air-ca-707-smart-hepa","status":"publish","type":"product","link":"https:\/\/orotech.lt\/en\/sausintuvas-oro-valytuvas-clean-air-ca-707-smart-hepa\/","title":{"rendered":"Sausintuvas &#8211; oro valytuvas Clean Air CA-707 Smart HEPA"},"content":{"rendered":"<p>&lt;p style=&quot;text-align: justify;&quot;&gt;Clean Air CA-707 Smart yra sausintuvas-oro valytuvas, kuris efektyviai valo ir sausina or\u0105 j\u016bs\u0173 namuose, biure ar kitose patalpose. &amp;Scaron;is i&amp;scaron;manusis \u012frenginys yra sukurtas naudojant pa\u017eangi\u0105 technologij\u0105, kad u\u017etikrint\u0173 puik\u0173 mikro klimat\u0105.&lt;\/p&gt;<br \/>\n&lt;p style=&quot;text-align: justify;&quot;&gt;CA-707 Smart gali pa&amp;scaron;alinti \u012fvairias oro tar&amp;scaron;os med\u017eiagas, tokias kaip: dulk\u0117s, dulki\u0173 erkut\u0117s, \u017eiedadulk\u0117s, pel\u0117siai, namini\u0173 gyv\u016bn\u0117li\u0173 plaukai ir blogo kvapo molekul\u0117s. Tai yra ypatingai svarbu tiems, kurie ken\u010dia nuo alergijos arba nori pagerinti bendr\u0105 oro kokyb\u0119 savo namuose ar biure.&lt;\/p&gt;<br \/>\n&lt;p style=&quot;text-align: justify;&quot;&gt;&amp;Scaron;io oro valytuvo funkcijos yra lengvai valdomos per i&amp;scaron;mani\u0105j\u0105 program\u0117l\u0119, kuri leid\u017eia jums nustatyti pageidaujamus nustatymus, tokius kaip ventiliatoriaus greitis, valymo intensyvumas ir laikma\u010dio funkcija. J\u016bs taip pat galite steb\u0117ti dabartin\u0119 oro kokyb\u0119 ir gauti prane&amp;scaron;imus apie b\u016bsimus valymo ciklus ar pakeitimus filtruose.&lt;\/p&gt;<br \/>\n&lt;p style=&quot;text-align: justify;&quot;&gt;&lt;strong&gt;Clean Air CA-707 Smart taip pat yra energij\u0105 taupantis prietaisas&lt;\/strong&gt;, kuris naudoja pa\u017eangi\u0105 filtravimo technologij\u0105 ir jutiklius, kad b\u016bt\u0173 optimizuojamas energijos suvartojimas. Tai rei&amp;scaron;kia, kad j\u016bs galite m\u0117gautis &amp;scaron;variu oru, tuo pa\u010diu suma\u017eindami energijos s\u0105naudas.&lt;\/p&gt;<br \/>\n&lt;p style=&quot;text-align: justify;&quot;&gt;&amp;Scaron;is sausintuvas-oro valytuvas taip pat yra ergonomi&amp;scaron;kas ir modernaus dizaino, tod\u0117l puikiai tiks \u012fvairioms vidaus patalpoms. Jis turi tyl\u0173 veikim\u0105, kuris u\u017etikrina ram\u0173 ir nepastebim\u0105 oro valymo proces\u0105.&lt;\/p&gt;<br \/>\n&lt;p style=&quot;text-align: justify;&quot;&gt;Suma\u017eindamas alergenus,oro tar&amp;scaron;\u0105 ir dr\u0117gm\u0117s lyg\u012f, Clean Air CA-707 Smart padeda pagerinti j\u016bs\u0173 bendr\u0105 gyvenimo kokyb\u0119 ir sveikat\u0105. Tai patikimas ir efektyvus \u012frenginys, kuris suteiks jums &amp;scaron;var\u0173 ir gaiv\u0173 or\u0105 j\u016bs\u0173 namuose ar darbe.&amp;nbsp;&lt;\/p&gt;<br \/>\n&lt;p style=&quot;text-align: justify;&quot;&gt;&lt;strong&gt;Penkios filtr\u0173 technologijos efektyviam oro valymui&lt;br \/&gt;&lt;\/strong&gt;&lt;\/p&gt;<br \/>\n&lt;p style=&quot;text-align: justify;&quot;&gt;&lt;strong&gt;1. Aktyvuotos anglies filtras.&lt;\/strong&gt; Aktyvuota anglis neutralizuoja d\u016bmus, chemines med\u017eiagas, dujas ir kvapus, neleid\u017eia daugintis bakterijoms, virusams ir grybeliams.&lt;br \/&gt;&lt;strong&gt;2. Pirminis filtras.&lt;\/strong&gt; Pirminis filtras sulaiko dideles dulki\u0173 daleles, tokias kaip p\u016bkeliai, plaukai ir namini\u0173 gyv\u016bn\u0117li\u0173 pleiskanos.&lt;br \/&gt;&lt;strong&gt;3.HEPA H13 filtras su nano sidabro danga.&lt;\/strong&gt; I&amp;scaron;valo 99,97 % visos suspenduotos med\u017eiagos iki 0,3 mikrometro (0,3 &amp;micro;m) nuo oro. HEPA filtras yra efektyviausias oro filtras, skirtas pa&amp;scaron;alinti:&lt;\/p&gt;<br \/>\n&lt;ul&gt;<br \/>\n&lt;li&gt;smulkias dulkes, cigare\u010di\u0173 d\u016bmus, \u017eiedadulkes&lt;\/li&gt;<br \/>\n&lt;li&gt;alergenus&lt;\/li&gt;<br \/>\n&lt;li&gt;bet kokias kitas kiet\u0105sias daleles&lt;\/li&gt;<br \/>\n&lt;li&gt;antibakterinis nano sidabro sluoksnis ant filtro pa&amp;scaron;alina bakterijas ir grybelius.&lt;\/li&gt;<br \/>\n&lt;\/ul&gt;<br \/>\n&lt;p style=&quot;text-align: justify;&quot;&gt;&lt;strong&gt;4. UV-C lempa&lt;\/strong&gt;. Nuolatin\u0117s lempos ultravioletin\u0117 &amp;scaron;viesa (UV-C spinduliuot\u0117), kurios bangos ilgis yra 254 nm, naikina sveikatai kenksmingus mikroorganizmus, tokius kaip: mikrobus, virusus, grybelius (pel\u0117si\u0173 sporas) ir bakterijas.&lt;br \/&gt;&lt;strong&gt;5. Jonizatorius&lt;\/strong&gt;. Jonizatoriaus talpa &amp;gt; 3 000 000 neigiam\u0173 jon\u0173 \/ cm&amp;sup3;, kurie yra pasklid\u0119 visoje patalpoje, neutralizuojantys kenksmingas med\u017eiagas ir kvapus. Jonizatorius gamina neigiamus jonus, kad i&amp;scaron;valyt\u0173 patalp\u0173 or\u0105 ir praturtint\u0173 j\u012f aktyviu deguonimi. Nemalon\u016bs kvapai neutralizuojami, o ter&amp;scaron;alai i&amp;scaron;valomi i&amp;scaron; oro. Neigiami jonai taip pat turi stipr\u0173 antistatin\u012f poveik\u012f. &amp;nbsp;&amp;nbsp;&amp;nbsp;&lt;\/p&gt;<br \/>\n&lt;p style=&quot;text-align: justify;&quot;&gt;&lt;strong&gt;I&amp;scaron;manus valdymas&lt;\/strong&gt;&lt;\/p&gt;<br \/>\n&lt;p style=&quot;text-align: justify;&quot;&gt;Oro sausintuvas-valytuvas gali b\u016bti valdomas per nuotol\u012f, i&amp;scaron; bet kokio kambario naudojant speciali\u0105 program\u0117l\u0119. Tai suteikia galimyb\u0119 lengvai ir greitai valdyti \u012frengin\u012f net per nuotol\u012f.&lt;\/p&gt;<br \/>\n&lt;p style=&quot;text-align: justify;&quot;&gt;You can download the required app here:&lt;\/p&gt;<br \/>\n&lt;p style=&quot;text-align: justify;&quot;&gt;&lt;a href=&quot;https:\/\/apps.apple.com\/np\/app\/cleanairoptima\/id1597731227&quot;&gt;Apple App Store&lt;\/a&gt;&lt;br \/&gt;&lt;a href=&quot;https:\/\/play.google.com\/store\/apps\/details?id=com.cleanairoptima.smart&amp;amp;gl&quot;&gt;Google Play Store&lt;\/a&gt;&amp;nbsp;&amp;nbsp;&lt;\/p&gt;<br \/>\n&lt;p style=&quot;text-align: justify;&quot;&gt;&lt;strong&gt;Technical information:&lt;\/strong&gt;&lt;\/p&gt;<br \/>\n&lt;ul&gt;<br \/>\n&lt;li&gt;Tinkamas patalp\u0173 dyd\u017eiui:&amp;nbsp;70m&amp;sup2; \/ 175m&amp;sup3;;&amp;nbsp;&lt;\/li&gt;<br \/>\n&lt;li&gt;Sugeriamas dr\u0117gm\u0117s kiekis: iki 20l \/ 24 h;&lt;\/li&gt;<br \/>\n&lt;li&gt;Maksimalus oro srautas: 195 m&amp;sup3;\/val.;&lt;\/li&gt;<br \/>\n&lt;li&gt;Kondensato talpa: 4 l;&lt;\/li&gt;<br \/>\n&lt;li&gt;Galia: 45W;&lt;\/li&gt;<br \/>\n&lt;li&gt;Darbo temperat\u016bros intervalas: nuo 5 &amp;deg;C iki 32 &amp;deg;C;&lt;\/li&gt;<br \/>\n&lt;li&gt;Maitinimas: 220-240\/50 V\/Hz;&lt;\/li&gt;<br \/>\n&lt;li&gt;Laido ilgis: 1.5 m;&lt;\/li&gt;<br \/>\n&lt;li&gt;Garso lygis (1 m atstumu): &amp;lt; 38dB(A);&lt;\/li&gt;<br \/>\n&lt;li&gt;I&amp;scaron;matavimai: 618 x 260 x 260 mm;&lt;\/li&gt;<br \/>\n&lt;li&gt;Svoris: 13,5 kg.&amp;nbsp;&lt;\/li&gt;<br \/>\n&lt;\/ul&gt;<br \/>\n&lt;p&gt;&lt;a class=&quot;catalogue&quot; href=&quot;\/en\/images\/Userfiles\/www.rubisolis.ltmanual-ca-707-smartpdf.pdf\/&quot; target=&quot;blank&quot;&gt;Download product manual &lt;\/a&gt;&lt;\/p&gt;<\/p>","protected":false},"excerpt":{"rendered":"<p>&lt;p style=&quot;text-align: justify;&quot;&gt;Clean Air CA-707 Smart yra sausintuvas-oro valytuvas, kuris efektyviai valo ir sausina or\u0105 j\u016bs\u0173 namuose, biure ar kitose<\/p>","protected":false},"featured_media":24739,"comment_status":"closed","ping_status":"open","template":"","meta":[],"product_brand":[],"product_cat":[23],"product_tag":[535],"class_list":{"0":"post-24737","1":"product","2":"type-product","3":"status-publish","4":"has-post-thumbnail","6":"product_cat-be-kategorijos","7":"product_tag-naujiena","9":"first","10":"onbackorder","11":"taxable","12":"shipping-taxable","13":"product-type-variable"},"_links":{"self":[{"href":"https:\/\/orotech.lt\/en\/wp-json\/wp\/v2\/product\/24737","targetHints":{"allow":["GET"]}}],"collection":[{"href":"https:\/\/orotech.lt\/en\/wp-json\/wp\/v2\/product"}],"about":[{"href":"https:\/\/orotech.lt\/en\/wp-json\/wp\/v2\/types\/product"}],"replies":[{"embeddable":true,"href":"https:\/\/orotech.lt\/en\/wp-json\/wp\/v2\/comments?post=24737"}],"version-history":[{"count":1,"href":"https:\/\/orotech.lt\/en\/wp-json\/wp\/v2\/product\/24737\/revisions"}],"predecessor-version":[{"id":24738,"href":"https:\/\/orotech.lt\/en\/wp-json\/wp\/v2\/product\/24737\/revisions\/24738"}],"wp:featuredmedia":[{"embeddable":true,"href":"https:\/\/orotech.lt\/en\/wp-json\/wp\/v2\/media\/24739"}],"wp:attachment":[{"href":"https:\/\/orotech.lt\/en\/wp-json\/wp\/v2\/media?parent=24737"}],"wp:term":[{"taxonomy":"product_brand","embeddable":true,"href":"https:\/\/orotech.lt\/en\/wp-json\/wp\/v2\/product_brand?post=24737"},{"taxonomy":"product_cat","embeddable":true,"href":"https:\/\/orotech.lt\/en\/wp-json\/wp\/v2\/product_cat?post=24737"},{"taxonomy":"product_tag","embeddable":true,"href":"https:\/\/orotech.lt\/en\/wp-json\/wp\/v2\/product_tag?post=24737"}],"curies":[{"name":"wp","href":"https:\/\/api.w.org\/{rel}","templated":true}]}}