{"id":24747,"date":"2025-09-09T06:05:08","date_gmt":"2025-09-09T06:05:08","guid":{"rendered":"https:\/\/orotech.lt\/4in1-oro-vesintuvas-oro-valytuvas-drekintuvas-ir-ventiliatorius-ca-106-smart-hepa\/"},"modified":"2025-09-10T06:00:32","modified_gmt":"2025-09-10T06:00:32","slug":"4in1-oro-vesintuvas-oro-valytuvas-drekintuvas-ir-ventiliatorius-ca-106-smart-hepa","status":"publish","type":"product","link":"https:\/\/orotech.lt\/en\/4in1-oro-vesintuvas-oro-valytuvas-drekintuvas-ir-ventiliatorius-ca-106-smart-hepa\/","title":{"rendered":"&quot;4in1&quot; oro v\u0117sintuvas, oro valytuvas, dr\u0117kintuvas ir ventiliatorius CA-106 Smart HEPA"},"content":{"rendered":"<p>&bdquo;Clean Air Optima&reg; 4in1&ldquo; dizaino <strong>oro au\u0161intuvas CA-106<\/strong> <strong>Smart<\/strong>&nbsp;HEPA yra puikus sprendimas patogiam oro v\u0117sinimui, oro valymui, oro dr\u0117kinimui ir gaivaus v\u0117jelio k\u016brimui per atskirai \u012fjungiam\u0105 ventiliatoriaus funkcij\u0105 su 3 pasirenkamais ventiliatoriaus lygiais. &bdquo;4in1&ldquo; dizaino oro au\u0161intuvas, oro valytuvas, dr\u0117kintuvas ir ventiliatorius CA-106 Smart HEPA&nbsp; pasi\u017eymi lanks\u010diomis nustatymo galimyb\u0117mis.&nbsp;CA-106 Smart HEPA yra auk\u0161tos kokyb\u0117s oro valytuvas, tinkamas&nbsp;patalpoms iki: 65m&sup2; \/ 160m&sup3;. \u0160is oro au\u0161intuvas turi TRUE HEPA filtr\u0105, kuris u\u017etikrina efektyv\u0173 or\u0105 valan\u010di\u0173j\u0173 daleli\u0173 filtravim\u0105 bei patalpose esan\u010di\u0173 kenksming\u0173 mikroorganizm\u0173, toki\u0173 kaip bakterijos ir virusai, naikinim\u0105.<\/p>\n<p><strong>TRUE HEPA filtras i\u0161 oro i\u0161valo 99,97%<\/strong> vis\u0173 ore sklandan\u010di\u0173 daleli\u0173, kuri\u0173 dydis yra 0,3 mikrono (0,3 &micro;m). HEPA filtras yra efektyviausias oro filtras pa\u0161alinant:<\/p>\n<ul>\n<li>\n\t\t(smulkias) dulkes, cigare\u010di\u0173 d\u016bmus, \u017eiedadulkes;<\/li>\n<li>\n\t\talergenus;<\/li>\n<li>\n\t\tvisas kitas kietosias daleles;<\/li>\n<li>\n\t\tantibakterinis nano sidabro dangos sluoksnis ant filtro pa\u0161alina bakterijas ir pel\u0117sius.<\/li>\n<\/ul>\n<p><strong>\u0160is oro valytuvas yra kompakti\u0161kas ir patogus naudoti<\/strong>. Jis turi \u012fvairias grei\u010dio ir filtravimo re\u017eimo parinktis tam, kad gal\u0117tum\u0117te pritaikyti valymo proces\u0105 pagal savo poreikius. Be to, jis turi tyl\u0173 (naktinio r\u0117\u017eimo) veikim\u0105, kuris nebla\u0161ko miego ar d\u0117mesio darbo metu.<\/p>\n<p><strong>Oro valytuvas su keturiomis filtr\u0173 technologijomis<\/strong><\/p>\n<p><strong>1. Primary filter<\/strong><br \/>\n\tPirminis filtras sulaiko dideles dulki\u0173 daleles, tokias kaip: p\u016bkeliai, plaukai ir namini\u0173 gyv\u016bn\u0117li\u0173 pleiskanos.<br \/>\n\t<strong>2. Garavimo filtras<\/strong><br \/>\n\tGaravimo filtras turi korio strukt\u016br\u0105, skirt\u0105 intensyviam oro dr\u0117kinimui ir oro valymui. I\u0161traukiamas oras i\u0161 karto i\u0161valomas nat\u016braliu b\u016bdu, pana\u0161iu \u012f li\u016bt\u012f ar kriokl\u012f, ir tuo pa\u010diu metu i\u0161valomas iki 10 mikron\u0173 daleli\u0173. Dalel\u0117s surenkamos ir suri\u0161amos \u012f vandens rezervuar\u0105. Tai i\u0161laisvina or\u0105 nuo dulki\u0173, \u017eiedadulki\u0173 ir su dalel\u0117mis susiet\u0173 kvap\u0173, kurie nebegali patekti \u012f patalp\u0173 or\u0105.<br \/>\n\t<strong>3. TRUE HEPA H13 filtras su nanosidabrine danga<\/strong><br \/>\n\tTRUE HEPA filtras i\u0161 oro i\u0161valo 99,97 % vis\u0173 ore sklandan\u010di\u0173 daleli\u0173, kuri\u0173 dydis yra 0,3 mikrono (0,3 &micro;m).&nbsp;<br \/>\n\t<strong>4. Jonizatoriaus<\/strong><br \/>\n\ttalpa &gt; 3 000 000 neigiam\u0173 jon\u0173 \/ cm&sup3;, kurie yra pasklid\u0119 visoje patalpoje, taip neutralizuodami kenksmingas med\u017eiagas ir kvapus. Jonizatorius gamina neigiamus jonus, kad i\u0161valyt\u0173 patalp\u0173 or\u0105 ir praturtint\u0173 j\u012f aktyviu deguonimi. Tai neutralizuoja nemalonius kvapus ir i\u0161valo ter\u0161alus i\u0161 oro. Neigiami jonai taip pat turi stipr\u0173 antistatin\u012f poveik\u012f.&nbsp;<\/p>\n<p><strong>Smart control<\/strong><\/p>\n<p>\u0160is prietaisas turi i\u0161mani\u0105 valdymo sistem\u0105, kuri leid\u017eia jums nustatyti reikiamus parametrus pagal savo poreikius.<\/p>\n<p>You can download the required app here:<\/p>\n<p><a href=\"https:\/\/apps.apple.com\/np\/app\/cleanairoptima\/id1597731227\" rel=\"nofollow noopener\" target=\"_blank\">Apple App Store<\/a><br \/>\n\t<a href=\"https:\/\/play.google.com\/store\/apps\/details?id=com.cleanairoptima.smart&amp;gl\" rel=\"nofollow noopener\" target=\"_blank\">Google Play Store&nbsp;&nbsp;<\/a><\/p>\n<p>CA-106 Smart HEPA oro valytuvas yra puikus pasirinkimas tiems, kas siekia i\u0161laikyti \u0161var\u0173, sveik\u0105 ir gaiv\u0173 or\u0105 savo aplinkoje, suma\u017einti alergenus.<\/p>\n<p><strong>Technical characteristics:<\/strong><\/p>\n<ul>\n<li>\n\t\tPatalpoms iki: 65m&sup2; \/ 160m&sup3;;<\/li>\n<li>\n\t\tFiltras: HEPA tipo;<\/li>\n<li>\n\t\tVentiliatori\u0173 grei\u010diai: 3;<\/li>\n<li>\n\t\tPower: 65W;<\/li>\n<li>\n\t\tMatmenys:&nbsp;27,9 x 27,6 x 74,9 cm;<\/li>\n<li>\n\t\tSvoris: 6,9 kg.&nbsp; &nbsp;<\/li>\n<\/ul>\n<p><a class=\"catalogue\" href=\"\/en\/images\/Userfiles\/www.rubisolis.lt-instrukcija-ca-106-smart.pdf\/\" target=\"blank\">Download product manual<\/a><\/p>","protected":false},"excerpt":{"rendered":"<p>&bdquo;Clean Air Optima&reg; 4in1&ldquo; dizaino oro au\u0161intuvas CA-106 Smart&nbsp;HEPA yra puikus sprendimas patogiam oro v\u0117sinimui, oro valymui, oro dr\u0117kinimui ir<\/p>","protected":false},"featured_media":24749,"comment_status":"closed","ping_status":"open","template":"","meta":[],"product_brand":[],"product_cat":[23],"product_tag":[535],"class_list":{"0":"post-24747","1":"product","2":"type-product","3":"status-publish","4":"has-post-thumbnail","6":"product_cat-be-kategorijos","7":"product_tag-naujiena","9":"first","10":"onbackorder","11":"taxable","12":"shipping-taxable","13":"product-type-variable"},"_links":{"self":[{"href":"https:\/\/orotech.lt\/en\/wp-json\/wp\/v2\/product\/24747","targetHints":{"allow":["GET"]}}],"collection":[{"href":"https:\/\/orotech.lt\/en\/wp-json\/wp\/v2\/product"}],"about":[{"href":"https:\/\/orotech.lt\/en\/wp-json\/wp\/v2\/types\/product"}],"replies":[{"embeddable":true,"href":"https:\/\/orotech.lt\/en\/wp-json\/wp\/v2\/comments?post=24747"}],"version-history":[{"count":1,"href":"https:\/\/orotech.lt\/en\/wp-json\/wp\/v2\/product\/24747\/revisions"}],"predecessor-version":[{"id":24748,"href":"https:\/\/orotech.lt\/en\/wp-json\/wp\/v2\/product\/24747\/revisions\/24748"}],"wp:featuredmedia":[{"embeddable":true,"href":"https:\/\/orotech.lt\/en\/wp-json\/wp\/v2\/media\/24749"}],"wp:attachment":[{"href":"https:\/\/orotech.lt\/en\/wp-json\/wp\/v2\/media?parent=24747"}],"wp:term":[{"taxonomy":"product_brand","embeddable":true,"href":"https:\/\/orotech.lt\/en\/wp-json\/wp\/v2\/product_brand?post=24747"},{"taxonomy":"product_cat","embeddable":true,"href":"https:\/\/orotech.lt\/en\/wp-json\/wp\/v2\/product_cat?post=24747"},{"taxonomy":"product_tag","embeddable":true,"href":"https:\/\/orotech.lt\/en\/wp-json\/wp\/v2\/product_tag?post=24747"}],"curies":[{"name":"wp","href":"https:\/\/api.w.org\/{rel}","templated":true}]}}