{"id":24759,"date":"2025-09-09T06:05:08","date_gmt":"2025-09-09T06:05:08","guid":{"rendered":"https:\/\/orotech.lt\/3in1-oro-vesintuvas-drekintuvas-ir-ventiliatorius-clean-air-ca-104\/"},"modified":"2025-09-10T06:00:33","modified_gmt":"2025-09-10T06:00:33","slug":"3in1-oro-vesintuvas-drekintuvas-ir-ventiliatorius-clean-air-ca-104","status":"publish","type":"product","link":"https:\/\/orotech.lt\/en\/3in1-oro-vesintuvas-drekintuvas-ir-ventiliatorius-clean-air-ca-104\/","title":{"rendered":"&quot;3in1&quot; oro v\u0117sintuvas, dr\u0117kintuvas ir ventiliatorius Clean Air CA-104"},"content":{"rendered":"<p><strong>Oro dr\u0117kintuvas CA-104<\/strong>&nbsp; yra puikus sprendimas patogiam oro v\u0117sinimui, oro dr\u0117kinimui ir gaivaus v\u0117jelio suk\u016brimui per atskirai \u012fjungiam\u0105 cirkuliacinio ventiliatoriaus funkcij\u0105 su 24 pasirenkamais ventiliatoriaus lygiais. &quot;3in1&quot; oro valytuvas, dr\u0117kintuvas ir cirkuliacinis ventiliatorius CA-104 pasi\u017eymi lanks\u010diomis nustatymo galimyb\u0117mis:<\/p>\n<ul>\n<li>\n\t\tOro v\u0117sinimas kar\u0161tomis dienomis \u012fjungiant oro au\u0161intuvo funkcij\u0105;<\/li>\n<li>\n\t\tDr\u0117kinantis or\u0105 \u0161altomis \u017eiemos dienomis;<\/li>\n<li>\n\t\tCirkuliacinis ventiliatorius kar\u0161tomis dienomis su oro au\u0161intuvo funkcija arba be jos.<\/li>\n<\/ul>\n<p><strong>Air purification with an ionizer<\/strong><\/p>\n<p>Integruotas jonizatorius generuoja neigiamus deguonies jonus, kurie i\u0161valo ir gaivina patalp\u0173 or\u0105, be oro au\u0161intuvo ir cirkuliacinio ventiliatoriaus v\u0117sinimo efekto. Neigiami jonai prisitvirtina prie dulki\u0173 daleli\u0173, mikroorganizm\u0173 ir kit\u0173 nepageidaujam\u0173 ore esan\u010di\u0173 med\u017eiag\u0173 ir jas sujungia. \u0160ios dalel\u0117s tampa sunkesn\u0117s u\u017e or\u0105, nukrenta \u017eemyn ir taip i\u0161filtruojamos i\u0161 oro. Kvapai neutralizuojami jonizuojant.<\/p>\n<p><strong>Lengvai u\u017epildomas vandens bakas<\/strong><\/p>\n<p>Vandens bak\u0105 galima lengvai ir greitai i\u0161pl\u0117sti i\u0161 Clean Air Optima&reg; 3in1 oro au\u0161intuvo CA-104 u\u017epakalin\u0117s dalies, kad b\u016bt\u0173 galima po \u010diaupu pripildyti vandens i\u0161 \u010diaupo, bet taip pat galima papildyti i\u0161 vir\u0161aus pa\u010diame \u012frenginyje.<\/p>\n<p>Air purifier <strong>CA-104 turi didel\u012f 4,5 litro talpos vandens bak\u0105<\/strong>.<\/p>\n<p><strong>Energij\u0105 taupanti sistema<\/strong><\/p>\n<p>&bdquo;Clean Air Optima&reg;&ldquo; oro au\u0161intuvas CA-104 u\u017etikrina, kad j\u016bs gal\u0117site m\u0117gautis labai patogiu patalp\u0173 klimatu ne\u0161vaistydami energijos d\u0117l itin energij\u0105 taupan\u010dio be\u0161epet\u0117lio nuolatin\u0117s srov\u0117s variklio ir labai ma\u017eo aktyviai aerodinaminio ir ilgo (Vortex) ventiliatoriaus oro pasiprie\u0161inimo. a\u0161men\u0173 dizainas. <strong>Maksimalus energijos suvartojimas 24 vatai.&nbsp;<\/strong><\/p>\n<p><strong>Quiet operation<\/strong><\/p>\n<p>\u012erenginio variklis veikia tyliai, taupo energij\u0105 ir u\u017etikrina itin tiksl\u0173 reguliavim\u0105, nes reguliuojamas oro srauto greitis, pasirenkant norim\u0105 i\u0161 24 ventiliatoriaus lygi\u0173.&nbsp;&nbsp;<\/p>\n<p><strong>Su 360&deg; automatinio pasisukimo funkcija&nbsp;<\/strong><\/p>\n<p>\u012erenginys pasi\u017eymi unikaliu automatiniu vertikaliu 360&deg; pasisukimo funkcionalumu, tod\u0117l visapusi\u0161kai u\u017etikrinamas optimalus patalp\u0173 mikroklimatas.&nbsp;<\/p>\n<p><a class=\"catalogue\" href=\"\/en\/images\/Userfiles\/www.rubisolis.lt-instrukcija-ca-104.pdf\/\" target=\"blank\">Download product manual<\/a><\/p>","protected":false},"excerpt":{"rendered":"<p>Oro dr\u0117kintuvas CA-104&nbsp; yra puikus sprendimas patogiam oro v\u0117sinimui, oro dr\u0117kinimui ir gaivaus v\u0117jelio suk\u016brimui per atskirai \u012fjungiam\u0105 cirkuliacinio ventiliatoriaus<\/p>","protected":false},"featured_media":24761,"comment_status":"closed","ping_status":"open","template":"","meta":[],"product_brand":[],"product_cat":[23],"product_tag":[535],"class_list":{"0":"post-24759","1":"product","2":"type-product","3":"status-publish","4":"has-post-thumbnail","6":"product_cat-be-kategorijos","7":"product_tag-naujiena","9":"first","10":"onbackorder","11":"taxable","12":"shipping-taxable","13":"product-type-variable"},"_links":{"self":[{"href":"https:\/\/orotech.lt\/en\/wp-json\/wp\/v2\/product\/24759","targetHints":{"allow":["GET"]}}],"collection":[{"href":"https:\/\/orotech.lt\/en\/wp-json\/wp\/v2\/product"}],"about":[{"href":"https:\/\/orotech.lt\/en\/wp-json\/wp\/v2\/types\/product"}],"replies":[{"embeddable":true,"href":"https:\/\/orotech.lt\/en\/wp-json\/wp\/v2\/comments?post=24759"}],"version-history":[{"count":1,"href":"https:\/\/orotech.lt\/en\/wp-json\/wp\/v2\/product\/24759\/revisions"}],"predecessor-version":[{"id":24760,"href":"https:\/\/orotech.lt\/en\/wp-json\/wp\/v2\/product\/24759\/revisions\/24760"}],"wp:featuredmedia":[{"embeddable":true,"href":"https:\/\/orotech.lt\/en\/wp-json\/wp\/v2\/media\/24761"}],"wp:attachment":[{"href":"https:\/\/orotech.lt\/en\/wp-json\/wp\/v2\/media?parent=24759"}],"wp:term":[{"taxonomy":"product_brand","embeddable":true,"href":"https:\/\/orotech.lt\/en\/wp-json\/wp\/v2\/product_brand?post=24759"},{"taxonomy":"product_cat","embeddable":true,"href":"https:\/\/orotech.lt\/en\/wp-json\/wp\/v2\/product_cat?post=24759"},{"taxonomy":"product_tag","embeddable":true,"href":"https:\/\/orotech.lt\/en\/wp-json\/wp\/v2\/product_tag?post=24759"}],"curies":[{"name":"wp","href":"https:\/\/api.w.org\/{rel}","templated":true}]}}