{"id":24771,"date":"2025-09-09T06:05:08","date_gmt":"2025-09-09T06:05:08","guid":{"rendered":"https:\/\/orotech.lt\/anglies-pluosto-infraraudonuju-spinduliu-sildytuvas-veito-ch1800-xe-juodas-2\/"},"modified":"2025-09-10T06:00:34","modified_gmt":"2025-09-10T06:00:34","slug":"anglies-pluosto-infraraudonuju-spinduliu-sildytuvas-veito-ch1800-xe-juodas-2","status":"publish","type":"product","link":"https:\/\/orotech.lt\/en\/anglies-pluosto-infraraudonuju-spinduliu-sildytuvas-veito-ch1800-xe-juodas-2\/","title":{"rendered":"Carbon fiber infrared heater Veito CH1800 XE, black"},"content":{"rendered":"<p style=\"text-align: justify;\"><span style=\"text-align: justify;\">This floor heater comes with an adjustable height stand (820mm-1350mm) and has two temperature settings. The Veito CH1800XE is adjustable with a knob, which allows you to automatically adjust energy consumption (depending on the selected power) and eliminate unwanted hot-cold cycles.<\/span><\/p>\n<div style=\"text-align: center;\">\n\t<iframe allow=\"accelerometer; autoplay; clipboard-write; encrypted-media; gyroscope; picture-in-picture\" allowfullscreen=\"\" frameborder=\"0\" height=\"315\" src=\"https:\/\/www.youtube.com\/embed\/wLAPvbGleGg\" width=\"560\"><\/iframe><\/div>\n<div style=\"text-align: justify;\">&nbsp;<\/div>\n<p style=\"text-align: justify;\">Sistemoje yra du skirtingi \u0161ildymo paj\u0117gum\u0173 lygiai 850W &ndash; 1700W. Jei prietaisas yra nuver\u010diamas arba stovi ne vertikaliai, suveikia apsaugos sistema ir \u0161ildytuvas i\u0161sijungia. Jei prietaisas vir\u0161ija nustatyt\u0105 temperat\u016br\u0105, jis taip pat automati\u0161kai nustoja veik\u0119s.<\/p>\n<p style=\"text-align: justify;\">Thanks to its lightweight aluminum construction, the IR heater can be easily transported from one location to another. The adjustable height of the device ensures comfortable and efficient use of the system.<\/p>\n<p style=\"text-align: justify;\"><strong>ADVANTAGES:<br \/>\n\t<\/strong><\/p>\n<ul>\n<li>\n\t\tProfessional IR heaters, whose quality, efficiency, exceptional design and functionality have been appreciated by hundreds of industrial and private customers in Lithuania;<\/li>\n<li>\n\t\tBuilt-in specially designed carbon fiber heating element that lasts for at least 10,000 hours. The manufacturer provides a warranty;<\/li>\n<li>\n\t\tThe heating element is replaceable, so you won&#039;t have to buy a new heater if the element stops heating;<\/li>\n<li>\n\t\tReflectors that effectively direct heat at the right angle are made of the highest quality materials;<\/li>\n<li>\n\t\tUsing heaters to heat individual zones can save up to 70% in heating energy and costs.&nbsp;<\/li>\n<\/ul>\n<p style=\"text-align: justify;\">\n\t<strong>TECHNICAL CHARACTERISTICS:<\/strong><\/p>\n<ul>\n<li style=\"text-align: justify;\">\n\t\t&nbsp;&nbsp;&nbsp; Heating capacity: 8000 BTU\/h<\/li>\n<li style=\"text-align: justify;\">\n\t\t&nbsp;&nbsp;&nbsp; Maximum power: 1700W<\/li>\n<li style=\"text-align: justify;\">\n\t\t&nbsp;&nbsp;&nbsp; Heated area: 18 m2<\/li>\n<li style=\"text-align: justify;\">\n\t\t&nbsp;&nbsp;&nbsp; Power supply: AC 230V 50\/60Hz<\/li>\n<li style=\"text-align: justify;\">\n\t\t&nbsp;&nbsp;&nbsp; Weight: 3 kg<\/li>\n<li style=\"text-align: justify;\">\n\t\t&nbsp;&nbsp;&nbsp; Protection: against tipping (the device turns off if it is shaken, dropped, or subjected to other vibrations), protection against overheating.<\/li>\n<li style=\"text-align: justify;\">\n\t\t&nbsp;&nbsp;&nbsp; Control method: Push button<\/li>\n<li style=\"text-align: justify;\">\n\t\t&nbsp;&nbsp;&nbsp; Control functions: two heating levels<\/li>\n<li style=\"text-align: justify;\">\n\t\t&nbsp; &nbsp;&nbsp;Heating element: Carbon fiber element<\/li>\n<li style=\"text-align: justify;\">\n\t\t&nbsp;&nbsp;&nbsp; Colors: Black\/White<\/li>\n<\/ul>\n<p style=\"text-align: center;\"><iframe allow=\"accelerometer; autoplay; clipboard-write; encrypted-media; gyroscope; picture-in-picture\" allowfullscreen=\"\" frameborder=\"0\" height=\"315\" src=\"https:\/\/www.youtube.com\/embed\/sJvUoTp8xco\" width=\"560\"><\/iframe><\/p>\n<p style=\"text-align: justify;\"><a class=\"catalogue\" href=\"https:\/\/www.rubisolis.lt\/failai\/files\/produktu%20pdf\/veito%20blade%20bebdr.pdf\" target=\"blank\" rel=\"nofollow noopener\">Download product catalog<\/a><br \/>\n\t<a class=\"catalogue\" href=\"https:\/\/www.rubisolis.lt\/failai\/files\/produktu%20pdf\/CH1800XE_EN_LT.pdf\" target=\"blank\" rel=\"nofollow noopener\">Download product manual<\/a><\/p>","protected":false},"excerpt":{"rendered":"<p>This freestanding heater comes with an adjustable height stand (820mm-1350mm) and has two temperature settings. The Veito CH1800XE is adjustable with a knob,<\/p>","protected":false},"featured_media":24773,"comment_status":"closed","ping_status":"open","template":"","meta":[],"product_brand":[],"product_cat":[23],"product_tag":[535],"class_list":{"0":"post-24771","1":"product","2":"type-product","3":"status-publish","4":"has-post-thumbnail","6":"product_cat-be-kategorijos","7":"product_tag-naujiena","9":"first","10":"onbackorder","11":"taxable","12":"shipping-taxable","13":"product-type-variable"},"_links":{"self":[{"href":"https:\/\/orotech.lt\/en\/wp-json\/wp\/v2\/product\/24771","targetHints":{"allow":["GET"]}}],"collection":[{"href":"https:\/\/orotech.lt\/en\/wp-json\/wp\/v2\/product"}],"about":[{"href":"https:\/\/orotech.lt\/en\/wp-json\/wp\/v2\/types\/product"}],"replies":[{"embeddable":true,"href":"https:\/\/orotech.lt\/en\/wp-json\/wp\/v2\/comments?post=24771"}],"version-history":[{"count":1,"href":"https:\/\/orotech.lt\/en\/wp-json\/wp\/v2\/product\/24771\/revisions"}],"predecessor-version":[{"id":24772,"href":"https:\/\/orotech.lt\/en\/wp-json\/wp\/v2\/product\/24771\/revisions\/24772"}],"wp:featuredmedia":[{"embeddable":true,"href":"https:\/\/orotech.lt\/en\/wp-json\/wp\/v2\/media\/24773"}],"wp:attachment":[{"href":"https:\/\/orotech.lt\/en\/wp-json\/wp\/v2\/media?parent=24771"}],"wp:term":[{"taxonomy":"product_brand","embeddable":true,"href":"https:\/\/orotech.lt\/en\/wp-json\/wp\/v2\/product_brand?post=24771"},{"taxonomy":"product_cat","embeddable":true,"href":"https:\/\/orotech.lt\/en\/wp-json\/wp\/v2\/product_cat?post=24771"},{"taxonomy":"product_tag","embeddable":true,"href":"https:\/\/orotech.lt\/en\/wp-json\/wp\/v2\/product_tag?post=24771"}],"curies":[{"name":"wp","href":"https:\/\/api.w.org\/{rel}","templated":true}]}}