{"id":24774,"date":"2025-09-09T06:05:08","date_gmt":"2025-09-09T06:05:08","guid":{"rendered":"https:\/\/orotech.lt\/halogeninis-infraraudonuju-spinduliu-sildytuvas-varma-304-2\/"},"modified":"2025-09-10T06:00:35","modified_gmt":"2025-09-10T06:00:35","slug":"halogeninis-infraraudonuju-spinduliu-sildytuvas-varma-304-2","status":"publish","type":"product","link":"https:\/\/orotech.lt\/en\/halogeninis-infraraudonuju-spinduliu-sildytuvas-varma-304-2\/","title":{"rendered":"Halogen infrared heater VARMA 304"},"content":{"rendered":"<p>&lt;p style=&quot;text-align: justify;&quot;&gt;&amp;Scaron;ildytuvas VARMA 304 yra universalus &amp;scaron;ildytuvas, kur\u012f galima naudoti tiek u\u017edarose patalpose, tiek atvirose zonose dirbant \u012fvairius darbus ar leid\u017eiant laisvalaik\u012f. &amp;Scaron;iluma juntama vos tik \u012fjungus prietais\u0105. &amp;Scaron;is &amp;scaron;ildytuvas yra atspar\u016bs lietui (IPX5), o patentuotas ir i&amp;scaron;skirtinai didelis j\u0173 reflektorius garantuoja tolyg\u0173 ir efektyv\u0173 reikiamos zonos &amp;scaron;ildym\u0105.&lt;\/p&gt;<br \/>\n&lt;p style=&quot;text-align: justify;&quot;&gt;Halogeninis infraraudon\u0173j\u0173 spinduli\u0173 &amp;scaron;ildytuvas VARMA 304 parduodamas su elektros kabeliu bei reguliuojamu laikikliu, skirtu &amp;scaron;ildytuv\u0105 tvirtinti prie sienos ar stovo. Norint, kad &amp;scaron;ildymas b\u016bt\u0173 dar efektyvesnis, gamintojas rekomenduoja pritvirtinus prietais\u0105 prie sienos ar stovo, pakreipti j\u012f 45&amp;deg; kampu \u017eemyn. &amp;Scaron;is kompakti&amp;scaron;kas &amp;scaron;ildytuvas, galintis ap&amp;scaron;ildyti iki 20 kv. metr\u0173 ploto puikiai pasitarnaus terasose, verandose, parduotuv\u0117se, kavin\u0117se, gara\u017euose ir kt.&lt;\/p&gt;<br \/>\n&lt;p style=&quot;text-align: justify;&quot;&gt;&lt;strong&gt;ADVANTAGES:&lt;\/strong&gt;&lt;\/p&gt;<br \/>\n&lt;ul&gt;<br \/>\n&lt;li&gt;Profesional\u016bs IR &amp;scaron;ildytuvai, kuri\u0173 kokyb\u0119, efektyvum\u0105 ir funkcionalum\u0105 \u012fvertino &amp;scaron;imtai pramonini\u0173 ir priva\u010di\u0173 klient\u0173 Lietuvoje;&lt;\/li&gt;<br \/>\n&lt;li&gt;Integruoti special\u016bs halogeniniai kaitinimo elementai nereikalauja prie\u017ei\u016bros ir efektyviai &amp;scaron;ildo daugiau nei 7000 valand\u0173;&lt;\/li&gt;<br \/>\n&lt;li&gt;Kei\u010diamas kaitinimo elementas, tad Jums nereik\u0117s pirkti naujo &amp;scaron;ildytuvo elementui nustojus &amp;scaron;ildyti;&lt;\/li&gt;<br \/>\n&lt;li&gt;Efektyviai &amp;scaron;ilum\u0105 reikiamu kampu nukreipiantys reflektoriai pagaminti i&amp;scaron; auk&amp;scaron;\u010diausios kokyb\u0117s med\u017eiag\u0173;&lt;\/li&gt;<br \/>\n&lt;li&gt;&amp;Scaron;ildytuvus naudojant atskir\u0173 zon\u0173 &amp;scaron;ildymui galima sutaupyti iki 70% &amp;scaron;ilumos energijos bei i&amp;scaron;laid\u0173.&amp;nbsp;&lt;\/li&gt;<br \/>\n&lt;\/ul&gt;<br \/>\n&lt;p style=&quot;text-align: justify;&quot;&gt;&lt;strong&gt;Technical characteristics:&lt;\/strong&gt;&lt;\/p&gt;<br \/>\n&lt;ul&gt;<br \/>\n&lt;li&gt;Korpusas: aliuminio,&lt;\/li&gt;<br \/>\n&lt;li&gt;Spalva: juoda;&lt;\/li&gt;<br \/>\n&lt;li&gt;Galingumas (kW): 2,0;&lt;\/li&gt;<br \/>\n&lt;li&gt;Maitininmas:&amp;nbsp;220-240V 50\/60 Hz;&lt;\/li&gt;<br \/>\n&lt;li&gt;Apsaugos klas\u0117: IPX5;&lt;\/li&gt;<br \/>\n&lt;li&gt;Pateikiami priedai: 3 m. elektros kabelis, ner\u016bdijan\u010dio plieno apsaugin\u0117s grotel\u0117s, laikiklis montuoti ant sienos ar stovo;&lt;\/li&gt;<br \/>\n&lt;li&gt;&amp;Scaron;ildomas plotas (m2): 15-20;&lt;\/li&gt;<br \/>\n&lt;li&gt;Rekomenduojamas maks. montavimo auk&amp;scaron;tis (m): 2,30-2,50;&lt;\/li&gt;<br \/>\n&lt;li&gt;I&amp;scaron;matavimai (mm): 490x120x100;&lt;\/li&gt;<br \/>\n&lt;li&gt;Svoris: 1,7 kg;&lt;\/li&gt;<br \/>\n&lt;li&gt;Tinkamas montuoti ant sienos arba ant TRIPOD2, SCALA ir GIRAFFA stov\u0173.&lt;\/li&gt;<br \/>\n&lt;\/ul&gt;<br \/>\n&lt;p style=&quot;text-align: justify;&quot;&gt;&lt;a class=&quot;catalogue&quot; href=&quot;\/en\/images\/Userfiles\/www.rubisolis.lt_halogeninis_infraraudonj_spinduli_sildytuvas_varma_304.pdf\/&quot; target=&quot;blank&quot;&gt;Download product manual&lt;\/a&gt;&lt;\/p&gt;<\/p>","protected":false},"excerpt":{"rendered":"<p>&lt;p style=&quot;text-align: justify;&quot;&gt;&amp;Scaron;ildytuvas VARMA 304 yra universalus &amp;scaron;ildytuvas, kur\u012f galima naudoti tiek u\u017edarose patalpose, tiek atvirose zonose dirbant \u012fvairius darbus<\/p>","protected":false},"featured_media":24776,"comment_status":"closed","ping_status":"open","template":"","meta":[],"product_brand":[],"product_cat":[23],"product_tag":[535],"class_list":{"0":"post-24774","1":"product","2":"type-product","3":"status-publish","4":"has-post-thumbnail","6":"product_cat-be-kategorijos","7":"product_tag-naujiena","9":"first","10":"onbackorder","11":"taxable","12":"shipping-taxable","13":"product-type-variable"},"_links":{"self":[{"href":"https:\/\/orotech.lt\/en\/wp-json\/wp\/v2\/product\/24774","targetHints":{"allow":["GET"]}}],"collection":[{"href":"https:\/\/orotech.lt\/en\/wp-json\/wp\/v2\/product"}],"about":[{"href":"https:\/\/orotech.lt\/en\/wp-json\/wp\/v2\/types\/product"}],"replies":[{"embeddable":true,"href":"https:\/\/orotech.lt\/en\/wp-json\/wp\/v2\/comments?post=24774"}],"version-history":[{"count":1,"href":"https:\/\/orotech.lt\/en\/wp-json\/wp\/v2\/product\/24774\/revisions"}],"predecessor-version":[{"id":24775,"href":"https:\/\/orotech.lt\/en\/wp-json\/wp\/v2\/product\/24774\/revisions\/24775"}],"wp:featuredmedia":[{"embeddable":true,"href":"https:\/\/orotech.lt\/en\/wp-json\/wp\/v2\/media\/24776"}],"wp:attachment":[{"href":"https:\/\/orotech.lt\/en\/wp-json\/wp\/v2\/media?parent=24774"}],"wp:term":[{"taxonomy":"product_brand","embeddable":true,"href":"https:\/\/orotech.lt\/en\/wp-json\/wp\/v2\/product_brand?post=24774"},{"taxonomy":"product_cat","embeddable":true,"href":"https:\/\/orotech.lt\/en\/wp-json\/wp\/v2\/product_cat?post=24774"},{"taxonomy":"product_tag","embeddable":true,"href":"https:\/\/orotech.lt\/en\/wp-json\/wp\/v2\/product_tag?post=24774"}],"curies":[{"name":"wp","href":"https:\/\/api.w.org\/{rel}","templated":true}]}}