{"id":24778,"date":"2025-09-09T06:05:08","date_gmt":"2025-09-09T06:05:08","guid":{"rendered":"https:\/\/orotech.lt\/ultragarsinis-aromatinis-difuzorius-airme-airom-black-2\/"},"modified":"2025-09-10T06:00:36","modified_gmt":"2025-09-10T06:00:36","slug":"ultrasonic-aroma-diffuser-airme-airom-black-2","status":"publish","type":"product","link":"https:\/\/orotech.lt\/en\/ultrasonic-aroma-diffuser-airme-airom-black-2\/","title":{"rendered":"Ultrasonic aroma diffuser Air&amp;Me Airom Black"},"content":{"rendered":"<p style=\"text-align: justify;\">\u0160is ultragarsinis eterini\u0173 aliej\u0173 difuzorius, padedantis m\u0117gautis skleid\u017eiam\u0173 aliej\u0173 aromatu, yra apr\u016bpintas patentuota &bdquo;Covertec&reg;&ldquo; technologija, u\u017etikrinan\u010dia nepriekai\u0161ting\u0105 aromato sklaid\u0105. Prietaiso pagrind\u0105 sudaro 3 skyriai, skirti laikyti eterinio aliejaus buteliukus, tod\u0117l u\u017edarius difuzori\u0173 aliejai yra saugomi nuo UV spinduli\u0173 ir gali i\u0161b\u016bti ilgesn\u012f laik\u0105. Difuzoriaus dangtelyje yra integruota vandens \u012fpylimo talpa, leid\u017eianti nepriekai\u0161tingai pripildyti rezervuar\u0105 vandens garinimui. Norint, kad kvapas b\u016bt\u0173 skleid\u017eiamas ne nuolatos, o su pertraukomis, galima nustatyti &bdquo;AromaWave&ldquo; re\u017eim\u0105.<\/p>\n<p><strong>Technical information:<\/strong><\/p>\n<ul>\n<li>\n\t\tColor: black;<\/li>\n<li>\n\t\tPower consumption: 6.2 W;<\/li>\n<li>\n\t\tGarsas: &le; 26 dB;<\/li>\n<li>\n\t\tWater capacity: 110 ml;<\/li>\n<li>\n\t\tDimensions: 111 x 130 x 150 mm;<\/li>\n<li>\n\t\tWeight: 0.43 kg.<\/li>\n<\/ul>\n<p><a class=\"catalogue\" href=\"https:\/\/www.rubisolis.lt\/\/failai\/files\/produktu%20pdf\/Air-and-me\/Airom%20Black%20naudojimo%20instrukcija.pdf\" target=\"blank\" rel=\"nofollow noopener\">Download product manual<\/a><\/p>","protected":false},"excerpt":{"rendered":"<p>\u0160is ultragarsinis eterini\u0173 aliej\u0173 difuzorius, padedantis m\u0117gautis skleid\u017eiam\u0173 aliej\u0173 aromatu, yra apr\u016bpintas patentuota &bdquo;Covertec&reg;&ldquo; technologija, u\u017etikrinan\u010dia nepriekai\u0161ting\u0105 aromato sklaid\u0105. Prietaiso<\/p>","protected":false},"featured_media":24780,"comment_status":"closed","ping_status":"open","template":"","meta":[],"product_brand":[],"product_cat":[23],"product_tag":[535],"class_list":{"0":"post-24778","1":"product","2":"type-product","3":"status-publish","4":"has-post-thumbnail","6":"product_cat-be-kategorijos","7":"product_tag-naujiena","9":"first","10":"onbackorder","11":"taxable","12":"shipping-taxable","13":"product-type-variable"},"_links":{"self":[{"href":"https:\/\/orotech.lt\/en\/wp-json\/wp\/v2\/product\/24778","targetHints":{"allow":["GET"]}}],"collection":[{"href":"https:\/\/orotech.lt\/en\/wp-json\/wp\/v2\/product"}],"about":[{"href":"https:\/\/orotech.lt\/en\/wp-json\/wp\/v2\/types\/product"}],"replies":[{"embeddable":true,"href":"https:\/\/orotech.lt\/en\/wp-json\/wp\/v2\/comments?post=24778"}],"version-history":[{"count":1,"href":"https:\/\/orotech.lt\/en\/wp-json\/wp\/v2\/product\/24778\/revisions"}],"predecessor-version":[{"id":24779,"href":"https:\/\/orotech.lt\/en\/wp-json\/wp\/v2\/product\/24778\/revisions\/24779"}],"wp:featuredmedia":[{"embeddable":true,"href":"https:\/\/orotech.lt\/en\/wp-json\/wp\/v2\/media\/24780"}],"wp:attachment":[{"href":"https:\/\/orotech.lt\/en\/wp-json\/wp\/v2\/media?parent=24778"}],"wp:term":[{"taxonomy":"product_brand","embeddable":true,"href":"https:\/\/orotech.lt\/en\/wp-json\/wp\/v2\/product_brand?post=24778"},{"taxonomy":"product_cat","embeddable":true,"href":"https:\/\/orotech.lt\/en\/wp-json\/wp\/v2\/product_cat?post=24778"},{"taxonomy":"product_tag","embeddable":true,"href":"https:\/\/orotech.lt\/en\/wp-json\/wp\/v2\/product_tag?post=24778"}],"curies":[{"name":"wp","href":"https:\/\/api.w.org\/{rel}","templated":true}]}}