{"id":24785,"date":"2025-09-09T06:10:04","date_gmt":"2025-09-09T06:10:04","guid":{"rendered":"https:\/\/orotech.lt\/aromatinis-difuzorius-clean-air-ambiente-ad-301-2\/"},"modified":"2025-09-10T06:00:37","modified_gmt":"2025-09-10T06:00:37","slug":"aromatinis-difuzorius-clean-air-ambiente-ad-301-2","status":"publish","type":"product","link":"https:\/\/orotech.lt\/en\/aromatinis-difuzorius-clean-air-ambiente-ad-301-2\/","title":{"rendered":"Aroma diffuser Clean Air Ambiente AD 301"},"content":{"rendered":"<p style=\"text-align: justify;\">Pur\u0161kiantis aromatinis&nbsp;difuzorius Ambiente AD-301 &#8211; tai stilingas, auk\u0161tos kokyb\u0117s prietaisas, galintis aplink\u0105 u\u017epildyti maloniais, Jums patinkan\u010diais eterini\u0173 aliej\u0173 kvapais. D\u0117ka septyni\u0173 besikei\u010dian\u010di\u0173 skirting\u0173 spalv\u0173 ir kvapo molekuli\u0173, kurios efektyviai pasiskirsto po vis\u0105 kambar\u012f, sukuriama raminanti ir atpalaiduojanti aplinka. Difuzorius gali b\u016bti naudojamas svetain\u0117se, miegamuosiuose, darbo erdv\u0117se, poilsio kambariuose, SPA zonose, kabinetuose, proced\u016br\u0173 kambariuose ir pan.<\/p>\n<p style=\"text-align: justify;\"><strong>Jaukumui sukurti<\/strong><\/p>\n<p style=\"text-align: justify;\">Difuzorius \u0161vie\u010dia 7 skirtingomis spalvomis. Galite nusistatyti t\u0105 spalv\u0105, kuri jums patinka labiausiai, arba leisti spalv\u0173 gamai kas tam tikr\u0105 laik\u0105 keistis automati\u0161kai. Jei norite naudotis difuzoriumi, ta\u010diau nepageidaujate papildomo ap\u0161vietimo, j\u012f galima i\u0161jungti.&nbsp;<\/p>\n<p><img decoding=\"async\" alt=\"\" src=\"\/failai\/files\/ikonos\/produkt%C5%B3%20savyb%C4%97s\/Aromadiffuser_Aromatherapie_Aromatherapy_Clean_Air_Optima_AD-301_7545011958900.jpg\" title=\"\"><\/p>\n<p><strong>Su vandens lygio matuokliu<\/strong><\/p>\n<p>Difuzoriuje \u012fmontuotas vandens lygio matuoklis rodo tinkam\u0105 vandens kiek\u012f talpoje. Tai padeda u\u017etikrinti optimalias eterinio aliejaus ir vandens proporcijas, kurios u\u017etikrina, kad kvapas patalpoje sklist\u0173 tolygiai ir efektyviai.<\/p>\n<p><strong>Silent<\/strong><\/p>\n<p>Pastovaus ventiliatoriaus greitis u\u017etikrina itin tyl\u0173 difuzoriaus veikim\u0105.&nbsp;<\/p>\n<p><strong>Paprastas valdymas<\/strong><\/p>\n<p>Difuzorius valdomas vos dviej\u0173 mygtuk\u0173 paspaudimu prietaiso priekyje: mygtukas su &bdquo;\u0161viesos&ldquo; piktograma skirtas 7 pereinam\u0173 \u0161viesos spalv\u0173 pasirinkimui valdyti arba norint nustatyti konkre\u010di\u0105 spalv\u0105. Paspaudus mygtuk\u0105 su ikon\u0117le &bdquo;maitinimas&ldquo;, galite pasirinkti difuzoriaus veikimo princip\u0105: nuolatinio veikimo arba su intervalais.&nbsp; &nbsp;&nbsp;<\/p>\n<p><strong>Advantages:<\/strong><\/p>\n<ul>\n<li>\n\t\tDesigned in Germany;<\/li>\n<li>\n\t\tExtremely quiet operation;<\/li>\n<li>\n\t\tLED lighting: 7 different colors;<\/li>\n<li>\n\t\t2 diffusion modes are available: continuous or intermittent;<\/li>\n<li>\n\t\tSimple operation and maintenance;<\/li>\n<li>\n\t\tLow energy consumption;<\/li>\n<li>\n\t\tEliminates unpleasant odors in the room;<\/li>\n<li>\n\t\tAromatherapy.<\/li>\n<\/ul>\n<p><strong>Technical information:<\/strong><\/p>\n<ul>\n<li>\n\t\tSuitable for rooms up to 60 m<sup>2<\/sup>\/150 m<sup>3<\/sup>;<\/li>\n<li>\n\t\tMoisture evaporation rate: &gt; 20 ml\/h;<\/li>\n<li>\n\t\tHumidification technology: ultrasonic spraying technology;<\/li>\n<li>\n\t\tWater tank size: 130 ml;<\/li>\n<li>\n\t\tPower: max. 5 W;<\/li>\n<li>\n\t\tMaitinimas: USB adapterio 220V &#8211; 240V<span><span><span>, <\/span><\/span><\/span>i\u0161vesties 5V\/1A;<\/li>\n<li>\n\t\tDimensions: 106 x 106 x 160 mm;<\/li>\n<li>\n\t\tWeight: 0.282 kg;<\/li>\n<li>\n\t\t<span>Safety certificates: CE \/ WEEE \/ RoHS.<\/span><\/li>\n<\/ul>\n<p style=\"text-align: center;\"><img decoding=\"async\" alt=\"\" src=\"\/failai\/files\/ikonos\/produkt\u0173 savyb\u0117s\/vokieciu veliava.png\" style=\"height: 100px; width: 100px;\" title=\"\"><img decoding=\"async\" alt=\"\" src=\"https:\/\/ec.europa.eu\/growth\/sites\/growth\/files\/ce-mark.png\" title=\"\"><img decoding=\"async\" alt=\"\" src=\"https:\/\/upload.wikimedia.org\/wikipedia\/commons\/thumb\/7\/7e\/WEEE_symbol_vectors.svg\/2000px-WEEE_symbol_vectors.svg.png\" style=\"height: 142px; width: 100px;\" title=\"\">&nbsp; &nbsp;<img decoding=\"async\" alt=\"\" src=\"https:\/\/blog.samtec.com\/wp-content\/uploads\/2018\/07\/RoHS.svg_.png\" style=\"height: 100px; width: 100px;\" title=\"\"><\/p>\n<p>\n\t<a class=\"catalogue\" href=\"https:\/\/www.rubisolis.lt\/\/failai\/files\/produktu%20pdf\/Clean%20Air%20Optima\/Aroma%20difuzoriai\/Aroma%20Difuzori%C5%B3%20Clean%20Air%20AD%20301%20instrukcija.pdf\" target=\"blank\" rel=\"nofollow noopener\">Download product manual <\/a><\/p>","protected":false},"excerpt":{"rendered":"<p>Pur\u0161kiantis aromatinis&nbsp;difuzorius Ambiente AD-301 &#8211; tai stilingas, auk\u0161tos kokyb\u0117s prietaisas, galintis aplink\u0105 u\u017epildyti maloniais, Jums patinkan\u010diais eterini\u0173 aliej\u0173 kvapais. D\u0117ka<\/p>","protected":false},"featured_media":24787,"comment_status":"closed","ping_status":"open","template":"","meta":[],"product_brand":[],"product_cat":[23],"product_tag":[535],"class_list":{"0":"post-24785","1":"product","2":"type-product","3":"status-publish","4":"has-post-thumbnail","6":"product_cat-be-kategorijos","7":"product_tag-naujiena","9":"first","10":"onbackorder","11":"taxable","12":"shipping-taxable","13":"product-type-variable"},"_links":{"self":[{"href":"https:\/\/orotech.lt\/en\/wp-json\/wp\/v2\/product\/24785","targetHints":{"allow":["GET"]}}],"collection":[{"href":"https:\/\/orotech.lt\/en\/wp-json\/wp\/v2\/product"}],"about":[{"href":"https:\/\/orotech.lt\/en\/wp-json\/wp\/v2\/types\/product"}],"replies":[{"embeddable":true,"href":"https:\/\/orotech.lt\/en\/wp-json\/wp\/v2\/comments?post=24785"}],"version-history":[{"count":1,"href":"https:\/\/orotech.lt\/en\/wp-json\/wp\/v2\/product\/24785\/revisions"}],"predecessor-version":[{"id":24786,"href":"https:\/\/orotech.lt\/en\/wp-json\/wp\/v2\/product\/24785\/revisions\/24786"}],"wp:featuredmedia":[{"embeddable":true,"href":"https:\/\/orotech.lt\/en\/wp-json\/wp\/v2\/media\/24787"}],"wp:attachment":[{"href":"https:\/\/orotech.lt\/en\/wp-json\/wp\/v2\/media?parent=24785"}],"wp:term":[{"taxonomy":"product_brand","embeddable":true,"href":"https:\/\/orotech.lt\/en\/wp-json\/wp\/v2\/product_brand?post=24785"},{"taxonomy":"product_cat","embeddable":true,"href":"https:\/\/orotech.lt\/en\/wp-json\/wp\/v2\/product_cat?post=24785"},{"taxonomy":"product_tag","embeddable":true,"href":"https:\/\/orotech.lt\/en\/wp-json\/wp\/v2\/product_tag?post=24785"}],"curies":[{"name":"wp","href":"https:\/\/api.w.org\/{rel}","templated":true}]}}