{"id":24793,"date":"2025-09-09T06:10:04","date_gmt":"2025-09-09T06:10:04","guid":{"rendered":"https:\/\/orotech.lt\/halogeniniai-infraraudonuju-spinduliu-sildytuvai-varma-tamdem-radio-2\/"},"modified":"2025-09-10T06:00:38","modified_gmt":"2025-09-10T06:00:38","slug":"halogeniniai-infraraudonuju-spinduliu-sildytuvai-varma-tamdem-radio-2","status":"publish","type":"product","link":"https:\/\/orotech.lt\/en\/halogeniniai-infraraudonuju-spinduliu-sildytuvai-varma-tamdem-radio-2\/","title":{"rendered":"Halogen infrared heaters VARMA Tamdem Radio"},"content":{"rendered":"<p>&lt;p style=&quot;text-align: justify;&quot;&gt;Infraraudon\u0173j\u0173 spinduli\u0173 &amp;scaron;ildytuvas Varma Tandem Radio atsparus lietui ir vandens \u010diurk&amp;scaron;l\u0117ms bei tinkami naudoti tiek patalpose, tiek atvirose zonose: sand\u0117liuose, darbo vietose, salonuose, pav\u0117sin\u0117se, terasose ir kt. &amp;Scaron;is infraraudon\u0173j\u0173 spinduli\u0173 &amp;scaron;ildytuvas Varma Tandem Radio&amp;nbsp;gali b\u016bti naudojamas atskirai arba sujungti du prietaisus pagal poreik\u012f &ndash; vertikalia arba horizontalia pad\u0117timi.&lt;\/p&gt;<br \/>\n&lt;p style=&quot;text-align: justify;&quot;&gt;&lt;strong&gt;Attention!&lt;\/strong&gt; U\u017e nurodyt\u0105 kain\u0105 \u012fsigysite vien\u0105 &amp;scaron;ildytuv\u0105. Nor\u0117dami sujungti &amp;ndash; antr\u0105j\u012f &amp;scaron;ildytuv\u0105 \u012fsigykite papildomai. Patogiam valdymui pridedamas nuotolinis pultelis.&amp;nbsp;&lt;\/p&gt;<br \/>\n&lt;p style=&quot;text-align: justify;&quot;&gt;&lt;strong&gt;ADVANTAGES:&lt;br \/&gt;&lt;\/strong&gt;&lt;\/p&gt;<br \/>\n&lt;ul&gt;<br \/>\n&lt;li&gt;Profesional\u016bs IR &amp;scaron;ildytuvai, kuri\u0173 kokyb\u0119, efektyvum\u0105 ir funkcionalum\u0105 \u012fvertino &amp;scaron;imtai pramonini\u0173 ir priva\u010di\u0173 klient\u0173 Lietuvoje;&lt;\/li&gt;<br \/>\n&lt;li&gt;Integruoti special\u016bs halogeniniai kaitinimo elementai nereikalauja prie\u017ei\u016bros ir efektyviai &amp;scaron;ildo daugiau nei 7000 valand\u0173;&lt;\/li&gt;<br \/>\n&lt;li&gt;Kei\u010diamas kaitinimo elementas, tad Jums nereik\u0117s pirkti naujo &amp;scaron;ildytuvo elementui nustojus &amp;scaron;ildyti;&lt;\/li&gt;<br \/>\n&lt;li&gt;Efektyviai &amp;scaron;ilum\u0105 reikiamu kampu nukreipiantys reflektoriai pagaminti i&amp;scaron; auk&amp;scaron;\u010diausios kokyb\u0117s med\u017eiag\u0173;&lt;\/li&gt;<br \/>\n&lt;li&gt;&amp;Scaron;ildytuvus naudojant atskir\u0173 zon\u0173 &amp;scaron;ildymui galima sutaupyti iki 70% &amp;scaron;ilumos energijos bei i&amp;scaron;laid\u0173.&lt;\/li&gt;<br \/>\n&lt;\/ul&gt;<br \/>\n&lt;p style=&quot;text-align: justify;&quot;&gt;&lt;strong&gt;Technical characteristics:&lt;\/strong&gt;&lt;\/p&gt;<br \/>\n&lt;ul&gt;<br \/>\n&lt;li&gt;&amp;Scaron;ildomas plotas: 15-20 m2;&lt;\/li&gt;<br \/>\n&lt;li&gt;Apsaugos klas\u0117: IPX5;&lt;\/li&gt;<br \/>\n&lt;li&gt;Galia: 2000 W;&lt;\/li&gt;<br \/>\n&lt;li&gt;Korpuso spalva: juoda;&lt;\/li&gt;<br \/>\n&lt;li&gt;Kabelio ilgis: 3 m;&lt;\/li&gt;<br \/>\n&lt;li&gt;Rekomenduojamas montavimo auk&amp;scaron;tis: 2,30-2,80 m;&lt;\/li&gt;<br \/>\n&lt;li&gt;I&amp;scaron;matavimai: 460x190x85 mm;&lt;\/li&gt;<br \/>\n&lt;li&gt;Svoris: 2,47 kg.&lt;\/li&gt;<br \/>\n&lt;\/ul&gt;<br \/>\n&lt;p style=&quot;text-align: justify;&quot;&gt;&lt;strong&gt;Features and benefits:&lt;\/strong&gt;&lt;\/p&gt;<br \/>\n&lt;ul&gt;<br \/>\n&lt;li&gt;Galima tvirtinti prie sienos arba lub\u0173;&lt;\/li&gt;<br \/>\n&lt;li&gt;Apsauga nuo lietaus ir vandens \u010diurk&amp;scaron;li\u0173 &amp;ndash; IPX5.&lt;\/li&gt;<br \/>\n&lt;li&gt;Pried\u0173 pagalba galima sujungti du &amp;scaron;ildytuvus horizontalia arba vertikalia pad\u0117timi;&lt;\/li&gt;<br \/>\n&lt;li&gt;Komplektacijoje pridedami tvirtinimo laikikliai prie sienos, dviej\u0173 prietais\u0173 sujungimo elementai;&lt;\/li&gt;<br \/>\n&lt;li&gt;Nuotolinis valdymas pulteliu (ON-OFF funkcija, &amp;scaron;ildymo lygiai min. vid. maks.);&lt;\/li&gt;<br \/>\n&lt;li&gt;&amp;bdquo;Soft start&amp;ldquo; \u012fjungimas, u\u017etikrinantis ilg\u0105 lempos tarnavimo laik\u0105;&lt;\/li&gt;<br \/>\n&lt;li&gt;Kei\u010diama lempa.&lt;\/li&gt;<br \/>\n&lt;\/ul&gt;<br \/>\n&lt;p style=&quot;text-align: justify;&quot;&gt;&lt;a class=&quot;catalogue&quot; href=&quot;\/en\/images\/Userfiles\/www.rubisolis.lt_halogeninis_infraraudonj_spinduli_lauko_sildytuvas_varma_tandem_instrukcija.pdf\/&quot; target=&quot;blank&quot;&gt;Download product manual &lt;\/a&gt;&lt;\/p&gt;<\/p>","protected":false},"excerpt":{"rendered":"<p>&lt;p style=&quot;text-align: justify;&quot;&gt;Infraraudon\u0173j\u0173 spinduli\u0173 &amp;scaron;ildytuvas Varma Tandem Radio atsparus lietui ir vandens \u010diurk&amp;scaron;l\u0117ms bei tinkami naudoti tiek patalpose, tiek atvirose<\/p>","protected":false},"featured_media":24795,"comment_status":"closed","ping_status":"open","template":"","meta":[],"product_brand":[],"product_cat":[23],"product_tag":[535],"class_list":{"0":"post-24793","1":"product","2":"type-product","3":"status-publish","4":"has-post-thumbnail","6":"product_cat-be-kategorijos","7":"product_tag-naujiena","9":"first","10":"onbackorder","11":"taxable","12":"shipping-taxable","13":"product-type-variable"},"_links":{"self":[{"href":"https:\/\/orotech.lt\/en\/wp-json\/wp\/v2\/product\/24793","targetHints":{"allow":["GET"]}}],"collection":[{"href":"https:\/\/orotech.lt\/en\/wp-json\/wp\/v2\/product"}],"about":[{"href":"https:\/\/orotech.lt\/en\/wp-json\/wp\/v2\/types\/product"}],"replies":[{"embeddable":true,"href":"https:\/\/orotech.lt\/en\/wp-json\/wp\/v2\/comments?post=24793"}],"version-history":[{"count":1,"href":"https:\/\/orotech.lt\/en\/wp-json\/wp\/v2\/product\/24793\/revisions"}],"predecessor-version":[{"id":24794,"href":"https:\/\/orotech.lt\/en\/wp-json\/wp\/v2\/product\/24793\/revisions\/24794"}],"wp:featuredmedia":[{"embeddable":true,"href":"https:\/\/orotech.lt\/en\/wp-json\/wp\/v2\/media\/24795"}],"wp:attachment":[{"href":"https:\/\/orotech.lt\/en\/wp-json\/wp\/v2\/media?parent=24793"}],"wp:term":[{"taxonomy":"product_brand","embeddable":true,"href":"https:\/\/orotech.lt\/en\/wp-json\/wp\/v2\/product_brand?post=24793"},{"taxonomy":"product_cat","embeddable":true,"href":"https:\/\/orotech.lt\/en\/wp-json\/wp\/v2\/product_cat?post=24793"},{"taxonomy":"product_tag","embeddable":true,"href":"https:\/\/orotech.lt\/en\/wp-json\/wp\/v2\/product_tag?post=24793"}],"curies":[{"name":"wp","href":"https:\/\/api.w.org\/{rel}","templated":true}]}}