{"id":24804,"date":"2025-09-09T06:10:04","date_gmt":"2025-09-09T06:10:04","guid":{"rendered":"https:\/\/orotech.lt\/istraukimo-ventiliatorius-aerauliqa-qd-2\/"},"modified":"2025-09-10T06:00:39","modified_gmt":"2025-09-10T06:00:39","slug":"exhaust-fan-aerauliqa-qd-2","status":"publish","type":"product","link":"https:\/\/orotech.lt\/en\/exhaust-fan-aerauliqa-qd-2\/","title":{"rendered":"Extractor fan Aerauliqa QD"},"content":{"rendered":"<p style=\"text-align: justify;\"><strong>USE<\/strong><\/p>\n<p style=\"text-align: justify;\"><span><span>Ideal for air extraction in bathrooms, toilets and small\/medium sized rooms.<br \/>\n\tSuitable for extracting stale air directly outside or through a short exhaust pipe.<br \/>\n\tThese devices can be mounted on walls\/panels, ceilings and windows.<br \/>\n\t&nbsp;<br \/>\n\t<strong>SPECIFICATIONS<\/strong><\/span><\/span><\/p>\n<p style=\"text-align: justify;\"><span><span><strong>Housing<\/strong>, made of the highest quality ABS plastic, is durable, impact-resistant and robust. The device body is coated with white RAL 9010 paint and is UV-resistant.<br \/>\n\t<strong>Uniquely designed helical rotor<\/strong> features improved aerodynamics, low noise levels and improved efficiency.<br \/>\n\t<strong>Single-phase induction motors <\/strong>It has an integrated thermal protection, which is mounted on an insulated, high-quality plain bearing. Suitable for continuous and uninterrupted operation.<\/span><\/span><\/p>\n<p style=\"text-align: justify;\"><span><span><img decoding=\"async\" alt=\"\" src=\"\/failai\/files\/QD_TUV%20ikona.jpg\" title=\"\"><\/span><\/span><\/p>\n<p style=\"text-align: justify;\"><span><span><strong>FEATURES AND BENEFITS<\/strong><\/span><\/span><\/p>\n<p style=\"text-align: justify;\"><span><span><strong>IPX4 <\/strong>protection class.<\/span><\/span><\/p>\n<p style=\"text-align: justify;\"><span><span><strong>Aesthetic flat front cover <\/strong>fits into a modern interior design and is easily removable for cleaning.<br \/>\n\t<strong>Robust optimized support <\/strong>protects against deformations, as it has reinforced protections and is designed to maximize airflow.<br \/>\n\t<strong>Integrated non-return valve <\/strong>installed to prevent air flow from being drawn back into the room when the fan is turned off.<br \/>\n\t<strong>Low energy consumption: <\/strong>The 100mm model consumes less than 8 watts of power to save energy.<br \/>\n\t<strong>Fully recyclable plastic components <\/strong>are environmentally friendly.<br \/>\n\t<strong>Dvigubai izoliuotas &ndash; <\/strong>no ground connection is required.<br \/>\n\t<strong>Meets the latest standards: <\/strong>The devices are tested in the recognized TUV Rheinland Aerauliqa laboratory, which applies the latest accurate information on electrical safety, device performance and noise levels, which you can rely on. Designed and manufactured in accordance with the EN60335-2-80 Directive (Low Voltage Directive) and the EMC Directive (Electromagnetic Compatibility Directive).<br \/>\n\t&nbsp;<br \/>\n\t<strong>VERSIJOS<\/strong><br \/>\n\t<strong>Su laikma\u010diu (T)<\/strong><br \/>\n\tVentiliatoriuje montuojamas laikmatis, leid\u017eiantis pasirinkti reguliuojam\u0105 cikl\u0105 nuo &plusmn; 1 iki 25 min.<br \/>\n\tValdymas: ventiliatori\u0173 i\u0161jungus, jis dar veikia nustatyt\u0105 laiko tarp\u0105.<\/p>\n<p>\t<strong>Su dr\u0117gm\u0117s jutikliu ir laikma\u010diu (HT)<\/strong><br \/>\n\tVentiliatoriuje montuojama elektros grandin\u0117, turinti dr\u0117gm\u0117s jutikl\u012f (reguliuojam\u0105 nuo 50 iki 95 RH), ir laikmat\u012f, reguliuojam\u0105 nuo &plusmn; 1 iki 25 min.<br \/>\n\tValdymas: kai santykin\u0117s dr\u0117gm\u0117s procentin\u0117 i\u0161rai\u0161ka yra didesn\u0117 \/ ma\u017eesn\u0117 u\u017e nustatyt\u0105j\u0105, ventiliatorius automati\u0161kai \u012fjungiamas \/ i\u0161jungiamas. Ventiliatori\u0173 i\u0161jungus, jis dar veikia nustatyt\u0105 laiko tarp\u0105.<\/span><\/span><\/p>\n<p style=\"text-align: justify;\"><span><span><strong>Variklis su rutuliniu guoliu (BB)&nbsp;<\/strong>u\u017etikrina ilgesn\u012f veikimo period\u0105 (30.000 h), idealiai tinkant\u012f \u0161alto klimato s\u0105lygoms. Tinka montavimui \u012f lubas.<br \/>\n\t&nbsp;<br \/>\n\t<strong>Su jungikliu-virvele (PC)<\/strong><br \/>\n\tVentiliatorius valdomas patraukiamu \u012fjungimo \/ i\u0161jungimo jungikliu-virvele.<br \/>\n\t&nbsp;<br \/>\n\t<strong>Su dr\u0117gm\u0117s jutikliu &#8211; laikma\u010diu &#8211; jungikliu-virvele (HTPC)<\/strong><br \/>\n\tVentiliatoriuje montuojama elektros grandin\u0117, turinti dr\u0117gm\u0117s jutikl\u012f (reguliuojam\u0105 nuo 50 iki 95 RH), ir laikmat\u012f, reguliuojam\u0105 nuo &plusmn; 1 iki 25 min.&nbsp;<br \/>\n\tValdymas: kai santykin\u0117s dr\u0117gm\u0117s procentin\u0117 i\u0161rai\u0161ka yra didesn\u0117 \/ ma\u017eesn\u0117 u\u017e nustatyt\u0105j\u0105, ventiliatorius automati\u0161kai \u012fjungiamas \/ i\u0161jungiamas. Ventiliatori\u0173 i\u0161jungus, jis dar veikia nustatyt\u0105 laiko tarp\u0105. Montuojamas jungiklis-virvel\u0117 leid\u017eia \u012fjungti \/ i\u0161jungti ventiliatori\u0173 rankiniu b\u016bdu.<br \/>\n\t<img decoding=\"async\" alt=\"\" src=\"\/failai\/files\/lentele%20qd.png\" title=\"\"><\/span><\/span><\/p>\n<p><a class=\"catalogue\" href=\"https:\/\/www.rubisolis.lt\/\/failai\/files\/QD%20brosiura.pdf\" target=\"blank\" rel=\"nofollow noopener\">Download product catalog<\/a><br \/>\n\t<a class=\"catalogue\" href=\"https:\/\/www.rubisolis.lt\/\/failai\/files\/produktu%20pdf\/Aerauliqa\/Aerauliqa%20QD%20i%C5%A1traukimo%20ventiliatori%C5%B3%20naudojimo%20instrukcija.pdf\" target=\"blank\" rel=\"nofollow noopener\">Download product manual<\/a><\/p>","protected":false},"excerpt":{"rendered":"<p>PANAUDOJIMAS Idealiai tinkantis oro i\u0161traukimui voniose, tualetuose bei ma\u017eose \/ vidutinio dyd\u017eio patalpose. Tinkamas i\u0161traukti tro\u0161k\u0173 or\u0105 tiesiai \u012f lauk\u0105<\/p>","protected":false},"featured_media":24806,"comment_status":"closed","ping_status":"open","template":"","meta":[],"product_brand":[],"product_cat":[23],"product_tag":[535],"class_list":{"0":"post-24804","1":"product","2":"type-product","3":"status-publish","4":"has-post-thumbnail","6":"product_cat-be-kategorijos","7":"product_tag-naujiena","9":"first","10":"onbackorder","11":"taxable","12":"shipping-taxable","13":"product-type-variable"},"_links":{"self":[{"href":"https:\/\/orotech.lt\/en\/wp-json\/wp\/v2\/product\/24804","targetHints":{"allow":["GET"]}}],"collection":[{"href":"https:\/\/orotech.lt\/en\/wp-json\/wp\/v2\/product"}],"about":[{"href":"https:\/\/orotech.lt\/en\/wp-json\/wp\/v2\/types\/product"}],"replies":[{"embeddable":true,"href":"https:\/\/orotech.lt\/en\/wp-json\/wp\/v2\/comments?post=24804"}],"version-history":[{"count":1,"href":"https:\/\/orotech.lt\/en\/wp-json\/wp\/v2\/product\/24804\/revisions"}],"predecessor-version":[{"id":24805,"href":"https:\/\/orotech.lt\/en\/wp-json\/wp\/v2\/product\/24804\/revisions\/24805"}],"wp:featuredmedia":[{"embeddable":true,"href":"https:\/\/orotech.lt\/en\/wp-json\/wp\/v2\/media\/24806"}],"wp:attachment":[{"href":"https:\/\/orotech.lt\/en\/wp-json\/wp\/v2\/media?parent=24804"}],"wp:term":[{"taxonomy":"product_brand","embeddable":true,"href":"https:\/\/orotech.lt\/en\/wp-json\/wp\/v2\/product_brand?post=24804"},{"taxonomy":"product_cat","embeddable":true,"href":"https:\/\/orotech.lt\/en\/wp-json\/wp\/v2\/product_cat?post=24804"},{"taxonomy":"product_tag","embeddable":true,"href":"https:\/\/orotech.lt\/en\/wp-json\/wp\/v2\/product_tag?post=24804"}],"curies":[{"name":"wp","href":"https:\/\/api.w.org\/{rel}","templated":true}]}}