{"id":24809,"date":"2025-09-09T06:10:04","date_gmt":"2025-09-09T06:10:04","guid":{"rendered":"https:\/\/orotech.lt\/istraukimo-ventiliatorius-aerauliqa-qx100-2\/"},"modified":"2025-09-10T06:00:40","modified_gmt":"2025-09-10T06:00:40","slug":"exhaust-fan-aerauliqa-qx100-2","status":"publish","type":"product","link":"https:\/\/orotech.lt\/en\/exhaust-fan-aerauliqa-qx100-2\/","title":{"rendered":"Extractor fan Aerauliqa QX100"},"content":{"rendered":"<p style=\"text-align: justify;\">I\u0161traukimo ventiliatorius Aerauliqa QX100 yra tinkamas&nbsp;oro i\u0161traukimui ma\u017eose bei vidutinio dyd\u017eio patalpose. Galingas \u012frenginys yra pritaikytas \u012fveikti vamzd\u017ei\u0173 sistem\u0173 pasiprie\u0161inim\u0105. \u0160iuos prietaisus galima montuoti ant sien\u0173\/plok\u0161\u010di\u0173 ir lub\u0173.<\/p>\n<p><strong>Specifications:<\/strong><\/p>\n<ul>\n<li>\n\t\tTwo speeds: 62 m<sup>3<\/sup>\/h or 104 m<sup>3<\/sup>\/h;<\/li>\n<li>\n\t\tMaksimalus oro srautas:&nbsp;iki 104 &nbsp;m<sup>3<\/sup>\/h;<\/li>\n<li>\n\t\tOro srauto temperat\u016bra: 0-50&nbsp;&deg;C;<\/li>\n<li>\n\t\tVoltage: 230V;<\/li>\n<li>\n\t\tPower: 17-28W;<\/li>\n<li>\n\t\tNoise level: 27-38 dB;<\/li>\n<li>\n\t\t<strong>Protection class: IPX4;<\/strong><\/li>\n<li>\n\t\tMeasurements:<strong>&nbsp;<\/strong>241.5 x 241.5&nbsp;x 96.5 mm;<\/li>\n<li>\n\t\tHole diameter: 96 mm;<\/li>\n<li>\n\t\tWeight: 1.87 kg.<\/li>\n<\/ul>\n<p><a class=\"catalogue\" href=\"https:\/\/www.rubisolis.lt\/\/failai\/files\/produktu%20pdf\/QX%20series.pdf\" target=\"blank\" rel=\"nofollow noopener\">Download product catalog<\/a><\/p>","protected":false},"excerpt":{"rendered":"<p>I\u0161traukimo ventiliatorius Aerauliqa QX100 yra tinkamas&nbsp;oro i\u0161traukimui ma\u017eose bei vidutinio dyd\u017eio patalpose. Galingas \u012frenginys yra pritaikytas \u012fveikti vamzd\u017ei\u0173 sistem\u0173 pasiprie\u0161inim\u0105.<\/p>","protected":false},"featured_media":24811,"comment_status":"closed","ping_status":"open","template":"","meta":[],"product_brand":[],"product_cat":[23],"product_tag":[535],"class_list":{"0":"post-24809","1":"product","2":"type-product","3":"status-publish","4":"has-post-thumbnail","6":"product_cat-be-kategorijos","7":"product_tag-naujiena","9":"first","10":"onbackorder","11":"taxable","12":"shipping-taxable","13":"product-type-variable"},"_links":{"self":[{"href":"https:\/\/orotech.lt\/en\/wp-json\/wp\/v2\/product\/24809","targetHints":{"allow":["GET"]}}],"collection":[{"href":"https:\/\/orotech.lt\/en\/wp-json\/wp\/v2\/product"}],"about":[{"href":"https:\/\/orotech.lt\/en\/wp-json\/wp\/v2\/types\/product"}],"replies":[{"embeddable":true,"href":"https:\/\/orotech.lt\/en\/wp-json\/wp\/v2\/comments?post=24809"}],"version-history":[{"count":1,"href":"https:\/\/orotech.lt\/en\/wp-json\/wp\/v2\/product\/24809\/revisions"}],"predecessor-version":[{"id":24810,"href":"https:\/\/orotech.lt\/en\/wp-json\/wp\/v2\/product\/24809\/revisions\/24810"}],"wp:featuredmedia":[{"embeddable":true,"href":"https:\/\/orotech.lt\/en\/wp-json\/wp\/v2\/media\/24811"}],"wp:attachment":[{"href":"https:\/\/orotech.lt\/en\/wp-json\/wp\/v2\/media?parent=24809"}],"wp:term":[{"taxonomy":"product_brand","embeddable":true,"href":"https:\/\/orotech.lt\/en\/wp-json\/wp\/v2\/product_brand?post=24809"},{"taxonomy":"product_cat","embeddable":true,"href":"https:\/\/orotech.lt\/en\/wp-json\/wp\/v2\/product_cat?post=24809"},{"taxonomy":"product_tag","embeddable":true,"href":"https:\/\/orotech.lt\/en\/wp-json\/wp\/v2\/product_tag?post=24809"}],"curies":[{"name":"wp","href":"https:\/\/api.w.org\/{rel}","templated":true}]}}